{"id":11775,"date":"2023-05-11T12:44:33","date_gmt":"2023-05-11T10:44:33","guid":{"rendered":"http:\/\/klubmamgdynia.pl\/?post_type=product&#038;p=11775"},"modified":"2026-05-17T22:42:56","modified_gmt":"2026-05-17T20:42:56","slug":"the-elder-scrolls-v-skyrim-pomaranczowa-kolekcja-klasyki-gra-pc","status":"publish","type":"product","link":"http:\/\/klubmamgdynia.pl\/index.php\/produkt\/the-elder-scrolls-v-skyrim-pomaranczowa-kolekcja-klasyki-gra-pc\/","title":{"rendered":"The Elder Scrolls V: Skyrim (Pomara\u0144czowa kolekcja Klasyki) (Gra PC)"},"content":{"rendered":"<p>The Elder Scrolls V: Skyrim to kolejna cz\u0119\u015b\u0107 serii cRPG autorstwa zespo\u0142u Bethesda Softworks. Ponownie odwiedzamy w niej kontynent Tamriel, a fabu\u0142a tym razem obraca si\u0119 wok\u00f3\u0142 powrotu do tej krainy pradawnej rasy smok\u00f3w.                            <\/p>\n<p>            Fabu\u0142a<\/p>\n<p>Akcja toczy si\u0119 200 lat po wydarzeniach opowiedzianych w grze Oblivion. Gracze wcielaj\u0105 si\u0119 w jednego z ostatnich bohater\u00f3w paraj\u0105cych si\u0119 profesj\u0105 dovahkiina, czyli \u0142owcy smok\u00f3w. Do niedawna wydawa\u0142o si\u0119, \u017ce pot\u0119\u017cne monstra s\u0105 ju\u017c tylko wspomnieniem, ale pewnego dnia pokryte \u0142uskami bestie zn\u00f3w zaczynaj\u0105 pojawia\u0107 si\u0119 na niebie, a przepowiednia zwiastuje nadej\u015bcie Alduina, boga zniszczenia, kt\u00f3ry przyjmuje posta\u0107 smoka. Walcz\u0105c z tymi gro\u017anymi potworami przejmujemy ich dusze oraz zdolno\u015bci, czyli tak zwane Krzyki. Za ich pomoc\u0105 mo\u017cemy spowolni\u0107 czas, odepchn\u0105\u0107 przeciwnik\u00f3w niewidzialn\u0105 energi\u0105, a nawet wezwa\u0107 na pomoc sprzymierzonego smoka. Wiele tego typu umiej\u0119tno\u015bci otrzymujemy po odnalezieniu pradawnych s\u0142\u00f3w, ukrytych w nordyckich podziemiach.                            <\/p>\n<p>            Mechanika<\/p>\n<p>Zabaw\u0119 zaczynamy od stworzenia naszego wirtualnego alter-ego. Do wyboru jest dziesi\u0119\u0107 r\u00f3\u017cnorodnych ras, brak natomiast podzia\u0142u na klasy. Wraz z post\u0119pami w zabawie nasza posta\u0107 staje si\u0119 coraz pot\u0119\u017cniejsza. Po przej\u015bciu na kolejny poziom mo\u017cna samodzielnie zwi\u0119kszy\u0107 jedn\u0105 z trzech podstawowych cech: magi\u0119, wytrzyma\u0142o\u015b\u0107 i zdrowie. Autorzy gry zupe\u0142nie przebudowali system umiej\u0119tno\u015bci \u2013 zosta\u0142y one podzielone na czytelne grupy, np. bronie jednor\u0119czne, czy dwur\u0119czne. Ka\u017cda z takich kategorii zawiera konkretne zdolno\u015bci i ataki. Zmiany zasz\u0142y tak\u017ce w systemie magii \u2013 zakl\u0119cia ze szko\u0142y Mistycyzmu zosta\u0142y przeniesione do innych grup.                            <\/p>\n<p>W Skyrim pojawia si\u0119 nowy system walki, kt\u00f3ry jest bardziej dynamiczny i jednocze\u015bnie wymaga my\u015blenia taktycznego. Ka\u017cdej z d\u0142oni bohatera mo\u017cna teraz przypisa\u0107 bro\u0144, tarcz\u0119 lub zakl\u0119cie. W ten spos\u00f3b tworzymy wiele kombinacji, \u0142\u0105cz\u0105c np. czar ofensywny w jednej r\u0119ce z mieczem w drugiej. Bezpo\u015brednie starcia polegaj\u0105 ju\u017c nie tylko na bezmy\u015blnym wciskaniu klawiszy, ale odpowiednim manewrowaniu bohaterem, unikaniu lub parowaniu cios\u00f3w i powalaniu przeciwnik\u00f3w. Herosi mog\u0105 z \u0142atwo\u015bci\u0105 straci\u0107 r\u00f3wnowag\u0119 i wystawi\u0107 si\u0119 na niebezpieczne uderzenia wrog\u00f3w, kt\u00f3rzy teraz s\u0105 znacznie bardziej \u017cywotni i gro\u017ani. Posta\u0107 gracza potrafi te\u017c wyprowadza\u0107 efektowne ciosy wyka\u0144czaj\u0105ce.                            <\/p>\n<p>Kolejna ods\u0142ona The Elder Scrolls jeszcze raz pr\u00f3buje stworzy\u0107 wra\u017cenie, \u017ce przemierzamy prawdziwy \u015bwiat, zaludniony przez \u017cywych mieszka\u0144c\u00f3w. Decyzje gracza maj\u0105 teraz powa\u017cniejsze konsekwencje, zwi\u0105zane z ciekawszym zachowaniem innych postaci. Kiedy przyk\u0142adowo wyrzucimy sztylet na \u015brodku miasta, to by\u0107 mo\u017ce kto\u015b nam go odniesie lub wr\u0119cz przeciwnie &#8211; ukradnie. Zmianom uleg\u0142y tak\u017ce dialogi, kt\u00f3re sta\u0142y si\u0119 znacznie bardziej naturalne. Gdy znudzi nam si\u0119 ratowanie \u015bwiata mo\u017cemy odpocz\u0105\u0107 przy bardziej przyziemnych czynno\u015bciach. The Elder Scrolls V: Skyrim pozwala zbiera\u0107 plony z ziemi, wykuwa\u0107 bronie w ku\u017ani, gotowa\u0107, wydobywa\u0107 surowce w kopalniach, a nawet produkowa\u0107 pancerze.                            <\/p>\n<p>            Kwestie Techniczne<\/p>\n<p>The Elder Scrolls V: Skyrim oferuje mo\u017cliwo\u015b\u0107 zwiedzania olbrzymiego wirtualnego \u015bwiata, w kt\u00f3rym znajdziemy m.in. pi\u0119\u0107 du\u017cych miast i setki podziemi. W celu u\u0142atwienia poruszania si\u0119 po tak du\u017cym terenie autorzy wprowadzili opcj\u0119 szybkiej podr\u00f3\u017cy pomi\u0119dzy lokacjami. Ponownie zastosowano system automatycznego dostosowania si\u0142y przeciwnik\u00f3w do umiej\u0119tno\u015bci naszego \u015bmia\u0142ka, cho\u0107 jednocze\u015bnie upewniono si\u0119, \u017ce nie b\u0119dzie on tak inwazyjny jak w Oblivionie. Usprawniony silnik gry dobiera zadania pod k\u0105tem naszych dotychczasowych dokona\u0144 i si\u0142y postaci. Przyk\u0142adowo, gdy kobieta prosi nas o odnalezienie porwanej c\u00f3rki system sprawdza, kt\u00f3re podziemia ju\u017c odwiedzili\u015bmy, a nast\u0119pnie umieszcza dziewczynk\u0119 tam, gdzie dot\u0105d nie zawitali\u015bmy, jednocze\u015bnie dodaj\u0105c takich przeciwnik\u00f3w, by stanowili oni wyzwanie dla naszego bohatera. Gra korzysta z udoskonalonego silnika graficznego znanego z The Elder Scrolls IV: Oblivion. Znacznie poprawiono wygl\u0105d postaci oraz ich mimik\u0119 i gestykulacj\u0119, dodano dynamiczne efekty pogodowe (m.in. \u015bnieg) i symulacj\u0119 wiatru, kt\u00f3ry teraz realistycznie porusza ga\u0142\u0119ziami drzew. Gra oferuje opcj\u0119 wy\u0142\u0105czenia wszystkich element\u00f3w interfejsu z ekranu, pozwalaj\u0105c tym samym na g\u0142\u0119bsze zanurzenie si\u0119 w wirtualny \u015bwiat.                            <\/p>\n<p>            Zwiastun<\/p>\n<h2>The Elder Scrolls V: Skyrim (Pomara\u0144czowa kolekcja Klasyki) (Gra PC) Bethesda<\/h2>\n<p>zagadki dla dzieci o zwierz\u0119tach, aurelia imie, ju\u017c blisko kol\u0119da tekst, kolorowanki lol do druku, sentencje napisy cytaty o rodzinie, uk\u0142ad s\u0142oneczny dla dzieci do druku, co kupi\u0107 nastolatce na urodziny, kamila, psi patrol do druku, janusz korczak cytaty<\/p>\n<p>yyyyy<\/p>\n<p>&nbsp;<\/p>\n","protected":false},"excerpt":{"rendered":"<p>The Elder Scrolls V: Skyrim to kolejna cz\u0119\u015b\u0107 serii cRPG autorstwa zespo\u0142u Bethesda Softworks. Ponownie odwiedzamy w niej kontynent Tamriel, a fabu\u0142a tym razem obraca si\u0119 wok\u00f3\u0142 powrotu do tej krainy pradawnej rasy smok\u00f3w. Fabu\u0142a Akcja toczy si\u0119 200 lat po wydarzeniach opowiedzianych w grze Oblivion. Gracze wcielaj\u0105 si\u0119 w jednego z ostatnich bohater\u00f3w paraj\u0105cych [&hellip;]<\/p>\n","protected":false},"featured_media":11776,"comment_status":"closed","ping_status":"open","template":"","meta":[],"product_cat":[2071,222],"product_tag":[728,671,723,692],"class_list":["post-11775","product","type-product","status-publish","has-post-thumbnail","hentry","product_cat-bethesda","product_cat-gry-pc","product_tag-bezwarunkowa-milosc-do-dziecka-cytaty","product_tag-cicha-noc-po-angielsku-tekst","product_tag-krotkie-bajki-do-czytania-na-dobranoc","product_tag-prezenty-na-roczek"],"_links":{"self":[{"href":"http:\/\/klubmamgdynia.pl\/index.php\/wp-json\/wp\/v2\/product\/11775","targetHints":{"allow":["GET"]}}],"collection":[{"href":"http:\/\/klubmamgdynia.pl\/index.php\/wp-json\/wp\/v2\/product"}],"about":[{"href":"http:\/\/klubmamgdynia.pl\/index.php\/wp-json\/wp\/v2\/types\/product"}],"replies":[{"embeddable":true,"href":"http:\/\/klubmamgdynia.pl\/index.php\/wp-json\/wp\/v2\/comments?post=11775"}],"wp:featuredmedia":[{"embeddable":true,"href":"http:\/\/klubmamgdynia.pl\/index.php\/wp-json\/wp\/v2\/media\/11776"}],"wp:attachment":[{"href":"http:\/\/klubmamgdynia.pl\/index.php\/wp-json\/wp\/v2\/media?parent=11775"}],"wp:term":[{"taxonomy":"product_cat","embeddable":true,"href":"http:\/\/klubmamgdynia.pl\/index.php\/wp-json\/wp\/v2\/product_cat?post=11775"},{"taxonomy":"product_tag","embeddable":true,"href":"http:\/\/klubmamgdynia.pl\/index.php\/wp-json\/wp\/v2\/product_tag?post=11775"}],"curies":[{"name":"wp","href":"https:\/\/api.w.org\/{rel}","templated":true}]}}