{"id":11777,"date":"2022-07-20T15:04:45","date_gmt":"2022-07-20T13:04:45","guid":{"rendered":"http:\/\/klubmamgdynia.pl\/index.php\/produkt\/gra-planszowa-cartamundi-jurassic-world-tracker\/"},"modified":"2026-04-30T12:55:07","modified_gmt":"2026-04-30T10:55:07","slug":"gra-planszowa-cartamundi-jurassic-world-tracker","status":"publish","type":"product","link":"http:\/\/klubmamgdynia.pl\/index.php\/produkt\/gra-planszowa-cartamundi-jurassic-world-tracker\/","title":{"rendered":"Gra planszowa Cartamundi Jurassic World Tracker"},"content":{"rendered":"<p>Pom\u00f3\u017c dinozaurom! Wyrusz dooko\u0142a planszy, odnajd\u017a dinozaury i zbierz materia\u0142y. Ka\u017cdy gracz otrzymuje list\u0119 dinozaur\u00f3w, kt\u00f3r\u0105 musi odnale\u017a\u0107, ten kto jako pierwszy uwolni wszystkie swoje dinozaury i dotrze do \u015brodka planszy &#8211; wygrywa!<\/p>\n<h2>Gra planszowa Cartamundi Jurassic World Tracker Cartamundi<\/h2>\n<p>prezent na roczek dla dziewczynki, kanapki halloween, \u0142amig\u0142\u00f3wki logiczne, maciej imie, kolorowanki dla dziewczynek, karteczki wydruku wr\u00f3\u017cby andrzejkowe dla dzieci, prima aprilis w szkole<\/p>\n<p>yyyyy<\/p>\n<p>&nbsp;<\/p>\n","protected":false},"excerpt":{"rendered":"<p>Pom\u00f3\u017c dinozaurom! Wyrusz dooko\u0142a planszy, odnajd\u017a dinozaury i zbierz materia\u0142y. Ka\u017cdy gracz otrzymuje list\u0119 dinozaur\u00f3w, kt\u00f3r\u0105 musi odnale\u017a\u0107, ten kto jako pierwszy uwolni wszystkie swoje dinozaury i dotrze do \u015brodka planszy &#8211; wygrywa! Gra planszowa Cartamundi Jurassic World Tracker Cartamundi prezent na roczek dla dziewczynki, kanapki halloween, \u0142amig\u0142\u00f3wki logiczne, maciej imie, kolorowanki dla dziewczynek, karteczki [&hellip;]<\/p>\n","protected":false},"featured_media":11778,"comment_status":"closed","ping_status":"open","template":"","meta":[],"product_cat":[224,235],"product_tag":[851,690,653,694],"class_list":["post-11777","product","type-product","status-publish","has-post-thumbnail","hentry","product_cat-cartamundi","product_cat-gry-planszowe","product_tag-jak-narysowac-kota","product_tag-pieski-male-dwa-tekst","product_tag-warszawa-dla-dzieci","product_tag-zagadki-swiateczne-dla-dzieci"],"_links":{"self":[{"href":"http:\/\/klubmamgdynia.pl\/index.php\/wp-json\/wp\/v2\/product\/11777","targetHints":{"allow":["GET"]}}],"collection":[{"href":"http:\/\/klubmamgdynia.pl\/index.php\/wp-json\/wp\/v2\/product"}],"about":[{"href":"http:\/\/klubmamgdynia.pl\/index.php\/wp-json\/wp\/v2\/types\/product"}],"replies":[{"embeddable":true,"href":"http:\/\/klubmamgdynia.pl\/index.php\/wp-json\/wp\/v2\/comments?post=11777"}],"wp:featuredmedia":[{"embeddable":true,"href":"http:\/\/klubmamgdynia.pl\/index.php\/wp-json\/wp\/v2\/media\/11778"}],"wp:attachment":[{"href":"http:\/\/klubmamgdynia.pl\/index.php\/wp-json\/wp\/v2\/media?parent=11777"}],"wp:term":[{"taxonomy":"product_cat","embeddable":true,"href":"http:\/\/klubmamgdynia.pl\/index.php\/wp-json\/wp\/v2\/product_cat?post=11777"},{"taxonomy":"product_tag","embeddable":true,"href":"http:\/\/klubmamgdynia.pl\/index.php\/wp-json\/wp\/v2\/product_tag?post=11777"}],"curies":[{"name":"wp","href":"https:\/\/api.w.org\/{rel}","templated":true}]}}