{"id":11779,"date":"2018-05-13T12:50:28","date_gmt":"2018-05-13T10:50:28","guid":{"rendered":"http:\/\/klubmamgdynia.pl\/index.php\/produkt\/luxma-ekspres-do-kawy-dla-dzieci-przelewowy-5204-zabawka\/"},"modified":"2026-04-24T20:32:08","modified_gmt":"2026-04-24T18:32:08","slug":"luxma-ekspres-do-kawy-dla-dzieci-przelewowy-5204-zabawka","status":"publish","type":"product","link":"http:\/\/klubmamgdynia.pl\/index.php\/produkt\/luxma-ekspres-do-kawy-dla-dzieci-przelewowy-5204-zabawka\/","title":{"rendered":"Luxma Ekspres Do Kawy Dla Dzieci Przelewowy 5204 &#8211; Zabawka"},"content":{"rendered":"<p>EKSPRES DO KAWY DLA DZIECI 5204W SK\u0141AD ZESTAWU WCHODZI:EKSPRESKOLOROWE OPAKOWANIEWymiary opakowania:19 x 20,5 x 14 cmWymiary ekspresu:17 x 17 x 12 cmWymiary dzbanka:14 x 11 x 8 cmBATERIE :2x AA BRAK W ZESTAWIEFunkcje:Ca\u0142y proces rozpoczyna si\u0119 od nalania wody do zbiornika otwieranego od g\u00f3ry. Nast\u0119pnie, po przekr\u0119ceniu w\u0142\u0105cznika, zapala si\u0119 \u015bwiate\u0142ko, a nalana woda przelewa si\u0119 do dzbanka.Ekspres otwierany jest od g\u00f3ry, gdzie mo\u017cna wla\u0107 wod\u0119.Nast\u0119pnie po przekr\u0119ceniu w\u0142\u0105cznika na on za\u015bwieca si\u0119 lampka i woda przelewa si\u0119 do dzbanka.Po sko\u0144czeniu przelewania si\u0119 wody czajnik wyci\u0105gamy i mo\u017cemy \u201ecz\u0119stowa\u0107&#8221; kaw\u0105.ZABAWKI DLA DZIECI POWY\u017bEJ 3 ROKU \u017bYCIA.Zabawka zasilana 2 bateriami AA (brak w zestawie).<\/p>\n<h2>Luxma Ekspres Do Kawy Dla Dzieci Przelewowy 5204 &#8211; Zabawka Luxma<\/h2>\n<p>lol do druku, gad\u017cety dla nastolatk\u00f3w 2021, cytaty o wychowaniu i nauczaniu, quiz o usa, test z narnii, kolorowanki uk\u0142ad s\u0142oneczny, literki do nauki pisania do druku, wycinanki puzzle do druku, quizy za darmo, kartka walentynkowa zrobiona przez dzieci, ozdoby wielkanocne kt\u00f3re mog\u0105 zrobi\u0107 dzieci, plac zabaw pozna\u0144, zagadki dla 9 latk\u00f3w, quiz bo\u017ce narodzenie, nowe quizy do rozwi\u0105zania, film rodzinny o \u015bwi\u0119tach, o\u015brodki wczasowe nad morzem dla rodzin z dzie\u0107mi<\/p>\n<p>yyyyy<\/p>\n<p>&nbsp;<\/p>\n","protected":false},"excerpt":{"rendered":"<p>EKSPRES DO KAWY DLA DZIECI 5204W SK\u0141AD ZESTAWU WCHODZI:EKSPRESKOLOROWE OPAKOWANIEWymiary opakowania:19 x 20,5 x 14 cmWymiary ekspresu:17 x 17 x 12 cmWymiary dzbanka:14 x 11 x 8 cmBATERIE :2x AA BRAK W ZESTAWIEFunkcje:Ca\u0142y proces rozpoczyna si\u0119 od nalania wody do zbiornika otwieranego od g\u00f3ry. Nast\u0119pnie, po przekr\u0119ceniu w\u0142\u0105cznika, zapala si\u0119 \u015bwiate\u0142ko, a nalana woda przelewa [&hellip;]<\/p>\n","protected":false},"featured_media":11780,"comment_status":"closed","ping_status":"open","template":"","meta":[],"product_cat":[53,327],"product_tag":[847,738,820],"class_list":["post-11779","product","type-product","status-publish","has-post-thumbnail","hentry","product_cat-kaciki-zabaw","product_cat-luxma","product_tag-kolorowanki-pokemon","product_tag-wroclaw-dla-dzieci","product_tag-ziemia-wyspa-zielona-tekst"],"_links":{"self":[{"href":"http:\/\/klubmamgdynia.pl\/index.php\/wp-json\/wp\/v2\/product\/11779","targetHints":{"allow":["GET"]}}],"collection":[{"href":"http:\/\/klubmamgdynia.pl\/index.php\/wp-json\/wp\/v2\/product"}],"about":[{"href":"http:\/\/klubmamgdynia.pl\/index.php\/wp-json\/wp\/v2\/types\/product"}],"replies":[{"embeddable":true,"href":"http:\/\/klubmamgdynia.pl\/index.php\/wp-json\/wp\/v2\/comments?post=11779"}],"wp:featuredmedia":[{"embeddable":true,"href":"http:\/\/klubmamgdynia.pl\/index.php\/wp-json\/wp\/v2\/media\/11780"}],"wp:attachment":[{"href":"http:\/\/klubmamgdynia.pl\/index.php\/wp-json\/wp\/v2\/media?parent=11779"}],"wp:term":[{"taxonomy":"product_cat","embeddable":true,"href":"http:\/\/klubmamgdynia.pl\/index.php\/wp-json\/wp\/v2\/product_cat?post=11779"},{"taxonomy":"product_tag","embeddable":true,"href":"http:\/\/klubmamgdynia.pl\/index.php\/wp-json\/wp\/v2\/product_tag?post=11779"}],"curies":[{"name":"wp","href":"https:\/\/api.w.org\/{rel}","templated":true}]}}