{"id":1178,"date":"2024-09-18T15:03:04","date_gmt":"2024-09-18T13:03:04","guid":{"rendered":"http:\/\/klubmamgdynia.pl\/?post_type=product&#038;p=1178"},"modified":"2026-04-30T00:37:09","modified_gmt":"2026-04-29T22:37:09","slug":"trifox-karetka","status":"publish","type":"product","link":"http:\/\/klubmamgdynia.pl\/index.php\/produkt\/trifox-karetka\/","title":{"rendered":"Trifox Karetka"},"content":{"rendered":"<p>Auto karetka&#8230;<\/p>\n<h2>Trifox Karetka Trifox<\/h2>\n<p>gry z pi\u0142k\u0105, kotki do druku, pi\u0119kne cytaty o nauczycielach, natan imi\u0119, proste dekoracje bo\u017conarodzeniowe dla dzieci, zagadki zimowe dla dzieci<\/p>\n<p>yyyyy<\/p>\n<p>&nbsp;<\/p>\n","protected":false},"excerpt":{"rendered":"<p>Auto karetka&#8230; Trifox Karetka Trifox gry z pi\u0142k\u0105, kotki do druku, pi\u0119kne cytaty o nauczycielach, natan imi\u0119, proste dekoracje bo\u017conarodzeniowe dla dzieci, zagadki zimowe dla dzieci yyyyy &nbsp;<\/p>\n","protected":false},"featured_media":1179,"comment_status":"closed","ping_status":"open","template":"","meta":[],"product_cat":[83,308],"product_tag":[664,706,813,618,631,741],"class_list":["post-1178","product","type-product","status-publish","has-post-thumbnail","hentry","product_cat-auta-i-inne-pojazdy-do-zabawy","product_cat-trifox","product_tag-atrakcje-dla-dzieci-trojmiasto","product_tag-imie-kuba","product_tag-krotkie-zagadki-matematyczne-z-odpowiedziami","product_tag-lato-lato-lato-czeka-tekst","product_tag-prezent-na-roczek","product_tag-wlochy"],"_links":{"self":[{"href":"http:\/\/klubmamgdynia.pl\/index.php\/wp-json\/wp\/v2\/product\/1178","targetHints":{"allow":["GET"]}}],"collection":[{"href":"http:\/\/klubmamgdynia.pl\/index.php\/wp-json\/wp\/v2\/product"}],"about":[{"href":"http:\/\/klubmamgdynia.pl\/index.php\/wp-json\/wp\/v2\/types\/product"}],"replies":[{"embeddable":true,"href":"http:\/\/klubmamgdynia.pl\/index.php\/wp-json\/wp\/v2\/comments?post=1178"}],"wp:featuredmedia":[{"embeddable":true,"href":"http:\/\/klubmamgdynia.pl\/index.php\/wp-json\/wp\/v2\/media\/1179"}],"wp:attachment":[{"href":"http:\/\/klubmamgdynia.pl\/index.php\/wp-json\/wp\/v2\/media?parent=1178"}],"wp:term":[{"taxonomy":"product_cat","embeddable":true,"href":"http:\/\/klubmamgdynia.pl\/index.php\/wp-json\/wp\/v2\/product_cat?post=1178"},{"taxonomy":"product_tag","embeddable":true,"href":"http:\/\/klubmamgdynia.pl\/index.php\/wp-json\/wp\/v2\/product_tag?post=1178"}],"curies":[{"name":"wp","href":"https:\/\/api.w.org\/{rel}","templated":true}]}}