{"id":11781,"date":"2020-07-05T07:30:37","date_gmt":"2020-07-05T05:30:37","guid":{"rendered":"http:\/\/klubmamgdynia.pl\/index.php\/produkt\/woopie-duza-pila-lancuchowa-zestaw-narzedzi-kask-okulary-rekawiczki-zabawka\/"},"modified":"2026-04-04T00:53:20","modified_gmt":"2026-04-03T22:53:20","slug":"woopie-duza-pila-lancuchowa-zestaw-narzedzi-kask-okulary-rekawiczki-zabawka","status":"publish","type":"product","link":"http:\/\/klubmamgdynia.pl\/index.php\/produkt\/woopie-duza-pila-lancuchowa-zestaw-narzedzi-kask-okulary-rekawiczki-zabawka\/","title":{"rendered":"Woopie Du\u017ca Pi\u0142a \u0141a\u0144cuchowa Zestaw Narz\u0119dzi Kask Okulary R\u0119kawiczki &#8211; Zabawka"},"content":{"rendered":"<p>Du\u017cy zestaw Pi\u0142a Kask Okulary i R\u0119kawiczki od firmy WOOPIE, to zestaw kt\u00f3ry dzieci uwielbiaj\u0105. Dzieci podpatruj\u0105c swoje najbli\u017csze otoczenie, cz\u0119sto bawi\u0105 si\u0119 w zabawy polegaj\u0105ce na na\u015bladowaniu dzia\u0142a\u0144 doros\u0142ych. My\u015blimy, \u017ce ka\u017cdy ma\u0142y pomagier taty, brata czy dziadka z ogromn\u0105 ch\u0119ci\u0105 chce pomaga\u0107 przy wiosennych i jesiennych porz\u0105dkach w ogrodzie, dlatego warto zaopatrzy\u0107 si\u0119 w co\u015b dla niego. Bo jak mo\u017cna odm\u00f3wi\u0107 dziecku, skoro jest to nie tylko zaj\u0119cie wysoce edukacyjne i rozwijaj\u0105ce, ale i gwarantuj\u0105ce przyjemnie sp\u0119dzony czas na wsp\u00f3lnej zabawie? W\u0142a\u015bnie z tego powodu prezentujemy propozycj\u0119 dla ma\u0142ych pomocnik\u00f3w w postaci bezpiecznej, dzieci\u0119cej pi\u0142y, kasku, okular\u00f3w oraz r\u0119kawic. Czym wyr\u00f3\u017cnia si\u0119 taki sprz\u0119t? Nast\u0119pnie naci\u015bnij na guzik przy r\u0105czce, a pi\u0142a zadzia\u0142a jak prawdziwa,\u0142a\u0144cuch poruszy si\u0119 wzd\u0142u\u017c prowadnicy. Zabawa w tym momencie mo\u017ce si\u0119 zaczyna\u0107, u\u017cyjcie tylko wyobra\u017ani.Zestaw zawiera:- pi\u0142\u0119 zasilan\u0105 bateriami,- kask,- okulary,- r\u0119kawice.Charakterystyka:- zabawka przeznaczona dla dziecipowy\u017cej 3 roku \u017cycia,- pi\u0142a zasilana bateriami &#8222;AA&#8221; &#8211; brak baterii w zestawie,- pi\u0142a z efektami \u015bwietlnymi i d\u017awi\u0119kowymi- wymiary pi\u0142y: 40 x 12.5 x 13 (cm),- wymiary kasku: 25.2 x 19.5 x 11 (cm),- wymiary okular\u00f3w: 14 x 6.8 x 4.3 (cm).Zabawka rozwija:- wyobra\u017ani\u0119,- kreatywno\u015b\u0107,- odgrywanie r\u00f3l.Zabawki marki Woopie maj\u0105 jeden cel &#8211; wzbudza\u0107 rado\u015b\u0107 dzieci! Po\u015br\u00f3d bogatego asortymentu, Woopie posiada mi\u0119dzy innymi stroje karnawa\u0142owe i przebrania dla dzieci, ale tak\u017ce hu\u015btawki zawieszane, zabawki piankowe, r\u00f3\u017cnego rodzaju zabawki ogrodowe, oraz du\u017co wi\u0119cej! Daj si\u0119 ponie\u015b\u0107 zabawie &#8211; daj si\u0119 ponie\u015b\u0107 Woopie!<\/p>\n<h2>Woopie Du\u017ca Pi\u0142a \u0141a\u0144cuchowa Zestaw Narz\u0119dzi Kask Okulary R\u0119kawiczki &#8211; Zabawka Woopie<\/h2>\n<p>nastolatka, stare wierszyki dla dzieci, imi\u0119 nadia, \u0142amig\u0142\u00f3wki logiczne, lidia imie, pomysl na prezent na roczek, imi\u0119 miriam, zagadki logiczne i odpowiedzi, po \u0142\u0105ce biega lato tekst, zagadki logiczne matematyczne dla dzieci, kolorowanki pokemon, gry planszowe dla nastolatk\u00f3w, cytat matka, pi\u0119kne kr\u00f3tkie wiersze, piosenka dla taty przedszkole, opisy do zdj z dzieckiem<\/p>\n<p>yyyyy<\/p>\n<p>&nbsp;<\/p>\n","protected":false},"excerpt":{"rendered":"<p>Du\u017cy zestaw Pi\u0142a Kask Okulary i R\u0119kawiczki od firmy WOOPIE, to zestaw kt\u00f3ry dzieci uwielbiaj\u0105. Dzieci podpatruj\u0105c swoje najbli\u017csze otoczenie, cz\u0119sto bawi\u0105 si\u0119 w zabawy polegaj\u0105ce na na\u015bladowaniu dzia\u0142a\u0144 doros\u0142ych. My\u015blimy, \u017ce ka\u017cdy ma\u0142y pomagier taty, brata czy dziadka z ogromn\u0105 ch\u0119ci\u0105 chce pomaga\u0107 przy wiosennych i jesiennych porz\u0105dkach w ogrodzie, dlatego warto zaopatrzy\u0107 si\u0119 [&hellip;]<\/p>\n","protected":false},"featured_media":11782,"comment_status":"closed","ping_status":"open","template":"","meta":[],"product_cat":[53,177],"product_tag":[765,839,677,737,760,791],"class_list":["post-11781","product","type-product","status-publish","has-post-thumbnail","hentry","product_cat-kaciki-zabaw","product_cat-woopie","product_tag-atrakcje-dla-dzieci-warszawa","product_tag-bajki-na-dobranoc-do-czytania","product_tag-milosz-imie","product_tag-test-z-lektury-felix-net-i-nika-oraz-gang-niewidzialnych-ludzi","product_tag-zagadka-matematyczna","product_tag-zagadki-na-myslenie"],"_links":{"self":[{"href":"http:\/\/klubmamgdynia.pl\/index.php\/wp-json\/wp\/v2\/product\/11781","targetHints":{"allow":["GET"]}}],"collection":[{"href":"http:\/\/klubmamgdynia.pl\/index.php\/wp-json\/wp\/v2\/product"}],"about":[{"href":"http:\/\/klubmamgdynia.pl\/index.php\/wp-json\/wp\/v2\/types\/product"}],"replies":[{"embeddable":true,"href":"http:\/\/klubmamgdynia.pl\/index.php\/wp-json\/wp\/v2\/comments?post=11781"}],"wp:featuredmedia":[{"embeddable":true,"href":"http:\/\/klubmamgdynia.pl\/index.php\/wp-json\/wp\/v2\/media\/11782"}],"wp:attachment":[{"href":"http:\/\/klubmamgdynia.pl\/index.php\/wp-json\/wp\/v2\/media?parent=11781"}],"wp:term":[{"taxonomy":"product_cat","embeddable":true,"href":"http:\/\/klubmamgdynia.pl\/index.php\/wp-json\/wp\/v2\/product_cat?post=11781"},{"taxonomy":"product_tag","embeddable":true,"href":"http:\/\/klubmamgdynia.pl\/index.php\/wp-json\/wp\/v2\/product_tag?post=11781"}],"curies":[{"name":"wp","href":"https:\/\/api.w.org\/{rel}","templated":true}]}}