{"id":11785,"date":"2016-10-05T07:06:12","date_gmt":"2016-10-05T05:06:12","guid":{"rendered":"http:\/\/klubmamgdynia.pl\/index.php\/produkt\/roba-pacynki-9712-zabawka\/"},"modified":"2026-05-17T22:05:20","modified_gmt":"2026-05-17T20:05:20","slug":"roba-pacynki-9712-zabawka","status":"publish","type":"product","link":"http:\/\/klubmamgdynia.pl\/index.php\/produkt\/roba-pacynki-9712-zabawka\/","title":{"rendered":"Roba Pacynki 9712 &#8211; Zabawka"},"content":{"rendered":"<p>PacynkiNumer katalogowy: 9712zestaw 6 wspania\u0142ych pacynek, kt\u00f3re pozwol\u0105 Twojemu dziecku zamienia\u0107 si\u0119 w r\u00f3\u017cne postacieWspania\u0142a zabawa dla ca\u0142ej rodziny<\/p>\n<h2>Roba Pacynki 9712 &#8211; Zabawka Roba<\/h2>\n<p>z\u0142ote my\u015bli o przyja\u017ani, cytat mama, miriam imie, daniel imie, jak narysowa\u0107, bajki na dobranoc dla dzieci, daniel imie, test z lektury miko\u0142ajek do druku, warszawa atrakcje dla m\u0142odzie\u017cy<\/p>\n<p>yyyyy<\/p>\n<p>&nbsp;<\/p>\n","protected":false},"excerpt":{"rendered":"<p>PacynkiNumer katalogowy: 9712zestaw 6 wspania\u0142ych pacynek, kt\u00f3re pozwol\u0105 Twojemu dziecku zamienia\u0107 si\u0119 w r\u00f3\u017cne postacieWspania\u0142a zabawa dla ca\u0142ej rodziny Roba Pacynki 9712 &#8211; Zabawka Roba z\u0142ote my\u015bli o przyja\u017ani, cytat mama, miriam imie, daniel imie, jak narysowa\u0107, bajki na dobranoc dla dzieci, daniel imie, test z lektury miko\u0142ajek do druku, warszawa atrakcje dla m\u0142odzie\u017cy yyyyy [&hellip;]<\/p>\n","protected":false},"featured_media":11786,"comment_status":"closed","ping_status":"open","template":"","meta":[],"product_cat":[53,1087],"product_tag":[664,848,727,870,843,712],"class_list":["post-11785","product","type-product","status-publish","has-post-thumbnail","hentry","product_cat-kaciki-zabaw","product_cat-roba","product_tag-atrakcje-dla-dzieci-trojmiasto","product_tag-cytat-o-rodzinie","product_tag-godlo-polski-do-druku","product_tag-prezent-dla-chlopca-na-roczek","product_tag-smieszne-zagadki-dla-dzieci","product_tag-zagadki-o-zwierzetach"],"_links":{"self":[{"href":"http:\/\/klubmamgdynia.pl\/index.php\/wp-json\/wp\/v2\/product\/11785","targetHints":{"allow":["GET"]}}],"collection":[{"href":"http:\/\/klubmamgdynia.pl\/index.php\/wp-json\/wp\/v2\/product"}],"about":[{"href":"http:\/\/klubmamgdynia.pl\/index.php\/wp-json\/wp\/v2\/types\/product"}],"replies":[{"embeddable":true,"href":"http:\/\/klubmamgdynia.pl\/index.php\/wp-json\/wp\/v2\/comments?post=11785"}],"wp:featuredmedia":[{"embeddable":true,"href":"http:\/\/klubmamgdynia.pl\/index.php\/wp-json\/wp\/v2\/media\/11786"}],"wp:attachment":[{"href":"http:\/\/klubmamgdynia.pl\/index.php\/wp-json\/wp\/v2\/media?parent=11785"}],"wp:term":[{"taxonomy":"product_cat","embeddable":true,"href":"http:\/\/klubmamgdynia.pl\/index.php\/wp-json\/wp\/v2\/product_cat?post=11785"},{"taxonomy":"product_tag","embeddable":true,"href":"http:\/\/klubmamgdynia.pl\/index.php\/wp-json\/wp\/v2\/product_tag?post=11785"}],"curies":[{"name":"wp","href":"https:\/\/api.w.org\/{rel}","templated":true}]}}