{"id":11787,"date":"2011-12-05T20:26:43","date_gmt":"2011-12-05T19:26:43","guid":{"rendered":"http:\/\/klubmamgdynia.pl\/index.php\/produkt\/wiarusi\/"},"modified":"2026-04-30T14:48:42","modified_gmt":"2026-04-30T12:48:42","slug":"wiarusi","status":"publish","type":"product","link":"http:\/\/klubmamgdynia.pl\/index.php\/produkt\/wiarusi\/","title":{"rendered":"Wiarusi"},"content":{"rendered":"<p>Drugi sierpnia 1914 roku. Na rynku maand#322;ego miasteczka grupka nierozand#322;and#261;cznych przyjaci\u00f3and#322; wciand#261;and#380; jest w szoku po przeczytaniu przytwierdzonego do drzwi ratusza obwieszczenia o mobilizacji. Nagand#322;\u00f3wki gazet niepokoiand#322;y juand#380; od kilku tygodni, ale treand#347;and#263; ogand#322;oszenia zaskoczyand#322;a wszystkich. Nie zdajand#261;c sobie sprawy z piekand#322;a, kt\u00f3re ich czeka, mand#281;and#380;czyand#378;ni przyrzekajand#261; sobie, and#380;e niezaleand#380;nie od tego, co siand#281; wydarzy, wszyscy wr\u00f3cand#261; and#380;ywi. Niestety rzeczywistoand#347;and#263;, z kt\u00f3rand#261; przyjdzie siand#281; im zmierzyand#263;, jest duand#380;o gorsza niand#380; ich najgorsze koszmary.W grze Wiarusi 2-5 uczestnik\u00f3w wcielaand#263; siand#281; band#281;dzie w grupand#281; przyjaci\u00f3and#322; razem ruszajand#261;cych do walki. Ich zadaniem jest zwyciand#281;and#380;aand#263; kolejne starcia i przeand#380;yand#263; aand#380; do osiand#261;gniand#281;cia pokoju. Gracze band#281;dand#261; musieli wsp\u00f3and#322;pracowaand#263;, aby osiand#261;gnand#261;and#263; wyznaczony cel &#8211; band#281;dand#261; uand#380;ywali ochronnych amulet\u00f3w, dodawali sobie otuchy przemowami, a gdy kt\u00f3remuand#347; z nich zagrozi jakieand#347; niebezpieczeand#324;stwo, gotowi band#281;dand#261; wycofaand#263; siand#281; ze starcia, aby pom\u00f3c kompanowi w potrzebie.Mechanika Wiarus\u00f3w oparta jest na kartach &#8211; zadaniem graczy jest pozbycie siand#281; wszystkich, kt\u00f3re posiadajand#261; na rand#281;kach. Jest to nie tylko warunek zwyciand#281;stwa, ale takand#380;e waand#380;ny element kolejnych rund: po zakoand#324;czeniu kaand#380;dej z nich morale druand#380;yny spada tym szybciej, im wiand#281;cej kart pozostaand#322;o na rand#281;kach uczestnik\u00f3w. Nie ma and#380;adnej moand#380;liwoand#347;ci, by je odbudowaand#263;, a gdy spadnie do zera, gra koand#324;czy siand#281; przegranand#261;.Uczestnicy muszand#261; na bieand#380;and#261;co analizowaand#263;, komu naleand#380;y pom\u00f3c i jakich trudnoand#347;ci pozbyand#263; siand#281; najpierw, aby z jednej strony pozbyand#263; siand#281; jak najwiand#281;kszej liczby kart, z drugiej zaand#347; nie dopuand#347;ciand#263; do przegrania kolejnych rund &#8211; niepokonane zagroand#380;enia i tak do nas wr\u00f3cand#261; p\u00f3and#378;niej, wiand#281;c rozprawienie siand#281; ze wszystkimi jest jedynand#261; drogand#261; do podpisania rozejmu i osiand#261;gniand#281;cia trwaand#322;ego pokoju.Spos\u00f3b rozgrywania kolejnych partii, specyfika zagroand#380;eand#324;, a takand#380;e kooperacyjny charakter gry nadajand#261; Wiarusom klimatu &#8211; potrzeba ciand#261;gand#322;ego dbania o morale i zaangaand#380;owanie w los wszystkich uczestnik\u00f3w pozwala graczom na rzeczywiste zaangaand#380;owanie w rozgrywkand#281;.Poszczeg\u00f3lne elementy gry &#8211; jak chociaand#380;by treand#347;and#263; przem\u00f3w &#8211; zachand#281;cajand#261; uczestnik\u00f3w do korzystania z fabuand#322;y, a nawet samodzielnego jej rozbudowywania. To od nas zaleand#380;y, jak band#281;dzie wygland#261;daand#322;a rozgrywka. Podobnie jak literatura i kino, gry sand#261; niezaprzeczalnie zaangaand#380;owanym medium kulturowym. Nie ma temat\u00f3w, kt\u00f3rych nie mogand#322;yby poruszaand#263;, choand#263; niekt\u00f3re z nich sand#261; bardziej delikatne niand#380; inne. and#379;ycie wiarus\u00f3w jest jednym z tych delikatniejszych. Projektowaliand#347;my i ulepszaliand#347;my tand#281; grand#281; powodowani najwyand#380;szym szacunkiem, jaki wzbudziand#322;o w nas cierpienie, kt\u00f3re znieand#347;li ci and#380;oand#322;nierze. W tym powaand#380;nym przedsiand#281;wziand#281;ciu postanowiliand#347;my skupiand#263; siand#281; na jednostce, na jej codziennych troskach i land#281;kach. Jedynand#261; wskazywanand#261; przez nas metodand#261; przetrwania jest miand#281;dzyludzka solidarnoand#347;and#263;, braterstwo i wzajemna pomoc. Wiarusi dajand#261; kaand#380;demu graczowi szansand#281; odczuand#263; niekt\u00f3re z trudnoand#347;ci, jakie napotykali and#380;oand#322;nierze w okopach. Gra nie przedstawia peand#322;nego obrazu wojny, ale narastajand#261;ce wok\u00f3and#322; stoand#322;u emocje i tak czand#281;sto mogand#261; byand#263; bardzo silne. Droga do zwyciand#281;stwa moand#380;e wydawaand#263; siand#281; trudna, ale nie traand#263;cie odwagi &#8211; nie ustand#281;pujcie, a przetrwacie Wielkand#261; Wojnand#281;! Niekt\u00f3re z postaci przedstawionych w grze rzeczywiand#347;cie istniaand#322;y. Niekt\u00f3re sand#261; przodkami ludzi, kt\u00f3rzy pracowali nad tand#261; grand#261;. Gra Wiarusi to hoand#322;d zand#322;oand#380;ony wszystkim ludziom, kt\u00f3rzy and#380;yli w tych tragicznych czasach &#8211; Nota intencyjna od autor\u00f3wLiczba graczy: 2 &#8211; 5 os\u00f3bWiek: od 14 latCzas gry: ok. 30 minutWydawca: REBEL.plProjektant: Fabien Riffaud, Juan RodrigezIlustrator: TignousWydanie: polskieInstrukcja: polskaZawartoand#347;and#263; pudeand#322;ka: 6 dwustronnych kart wiarus\u00f3w59 kart doand#347;wiadczeand#324;16 and#380;eton\u00f3w wsparcia5 and#380;eton\u00f3w przem\u00f3wznacznik dow\u00f3dcy misjiskr\u00f3cony opis zasadkarta pokojukarta pomnika<\/p>\n<h2>Wiarusi Rebel<\/h2>\n<p>zabawy dla 7 latki, kolorowanka dla dziewczynki, ci\u0119\u017ckie zagadki, dla nastolatk\u00f3w prezenty, \u015bmieszne \u0142ama\u0144ce j\u0119zykowe, test z lektury magiczne drzewo czerwone krzes\u0142o, \u0142\u0105czenie kropek, kolorowanki lol<\/p>\n<p>yyyyy<\/p>\n<p>&nbsp;<\/p>\n","protected":false},"excerpt":{"rendered":"<p>Drugi sierpnia 1914 roku. Na rynku maand#322;ego miasteczka grupka nierozand#322;and#261;cznych przyjaci\u00f3and#322; wciand#261;and#380; jest w szoku po przeczytaniu przytwierdzonego do drzwi ratusza obwieszczenia o mobilizacji. Nagand#322;\u00f3wki gazet niepokoiand#322;y juand#380; od kilku tygodni, ale treand#347;and#263; ogand#322;oszenia zaskoczyand#322;a wszystkich. Nie zdajand#261;c sobie sprawy z piekand#322;a, kt\u00f3re ich czeka, mand#281;and#380;czyand#378;ni przyrzekajand#261; sobie, and#380;e niezaleand#380;nie od tego, co siand#281; wydarzy, [&hellip;]<\/p>\n","protected":false},"featured_media":11788,"comment_status":"closed","ping_status":"open","template":"","meta":[],"product_cat":[220,219],"product_tag":[691,654,842,774],"class_list":["post-11787","product","type-product","status-publish","has-post-thumbnail","hentry","product_cat-gry-karciane","product_cat-rebel","product_tag-gabriel","product_tag-krotkie-bajki-dla-dzieci-do-czytania","product_tag-plac-zabaw-poznan","product_tag-prezent-na-roczek-nie-zabawka"],"_links":{"self":[{"href":"http:\/\/klubmamgdynia.pl\/index.php\/wp-json\/wp\/v2\/product\/11787","targetHints":{"allow":["GET"]}}],"collection":[{"href":"http:\/\/klubmamgdynia.pl\/index.php\/wp-json\/wp\/v2\/product"}],"about":[{"href":"http:\/\/klubmamgdynia.pl\/index.php\/wp-json\/wp\/v2\/types\/product"}],"replies":[{"embeddable":true,"href":"http:\/\/klubmamgdynia.pl\/index.php\/wp-json\/wp\/v2\/comments?post=11787"}],"wp:featuredmedia":[{"embeddable":true,"href":"http:\/\/klubmamgdynia.pl\/index.php\/wp-json\/wp\/v2\/media\/11788"}],"wp:attachment":[{"href":"http:\/\/klubmamgdynia.pl\/index.php\/wp-json\/wp\/v2\/media?parent=11787"}],"wp:term":[{"taxonomy":"product_cat","embeddable":true,"href":"http:\/\/klubmamgdynia.pl\/index.php\/wp-json\/wp\/v2\/product_cat?post=11787"},{"taxonomy":"product_tag","embeddable":true,"href":"http:\/\/klubmamgdynia.pl\/index.php\/wp-json\/wp\/v2\/product_tag?post=11787"}],"curies":[{"name":"wp","href":"https:\/\/api.w.org\/{rel}","templated":true}]}}