{"id":11789,"date":"2012-04-14T02:18:47","date_gmt":"2012-04-14T00:18:47","guid":{"rendered":"http:\/\/klubmamgdynia.pl\/index.php\/produkt\/marioinex-konewka-max\/"},"modified":"2026-04-22T10:58:46","modified_gmt":"2026-04-22T08:58:46","slug":"marioinex-konewka-max","status":"publish","type":"product","link":"http:\/\/klubmamgdynia.pl\/index.php\/produkt\/marioinex-konewka-max\/","title":{"rendered":"Marioinex Konewka Max"},"content":{"rendered":"<p>Du\u017ca konewka. Mix kolor\u00f3w, towar wysy\u0142any losowo.Ta zabawka spe\u0142nia europejskie standardy. Przeznaczona dla dzieci w wieku powy\u017cej 24 miesi\u0119cy. Usu\u0144 elementy opakowania przed podaniem zabawki dziecku. Zachowaj etykiet\u0119, poniewa\u017c zawiera wa\u017cne informacje. Kolorystyka element\u00f3w mo\u017ce r\u00f3\u017cni\u0107 si\u0119 od prezentowanych na opakowaniu. Konserwacja: zabawk\u0119 nale\u017cy my\u0107 pod bie\u017c\u0105c\u0105 wod\u0105 z dodatkiem myd\u0142a&#8230;.<\/p>\n<h2>Marioinex Konewka Max Marioinex<\/h2>\n<p>krak\u00f3w atrakcje dla dzieci, wierszyki o marzannie, miko\u0142ajek &#8211; test z odpowiedziami, dobre \u017carty na prima aprilis, zyczenia walentynkowe dla dzieci, cytaty o rodzicach, skye psi patrol kolorowanka, atrakcje dla dzieci wroc\u0142aw i okolice, lol surprise kolorowanki, hobbit, sentencje o rodzinie, zagadki dla dzieci z odpowiedziami, nowe quizy do rozwi\u0105zania, dzien matki cytaty, kiedy dzieci chodz\u0105 na halloween, kolorowanka robot, cytaty dla nauczycieli, julian imie, smerfy kolorowanka<\/p>\n<p>yyyyy<\/p>\n<p>&nbsp;<\/p>\n","protected":false},"excerpt":{"rendered":"<p>Du\u017ca konewka. Mix kolor\u00f3w, towar wysy\u0142any losowo.Ta zabawka spe\u0142nia europejskie standardy. Przeznaczona dla dzieci w wieku powy\u017cej 24 miesi\u0119cy. Usu\u0144 elementy opakowania przed podaniem zabawki dziecku. Zachowaj etykiet\u0119, poniewa\u017c zawiera wa\u017cne informacje. Kolorystyka element\u00f3w mo\u017ce r\u00f3\u017cni\u0107 si\u0119 od prezentowanych na opakowaniu. Konserwacja: zabawk\u0119 nale\u017cy my\u0107 pod bie\u017c\u0105c\u0105 wod\u0105 z dodatkiem myd\u0142a&#8230;. Marioinex Konewka Max Marioinex [&hellip;]<\/p>\n","protected":false},"featured_media":11790,"comment_status":"closed","ping_status":"open","template":"","meta":[],"product_cat":[328,80],"product_tag":[808,667,783,756,733],"class_list":["post-11789","product","type-product","status-publish","has-post-thumbnail","hentry","product_cat-marioinex","product_cat-pozostale-zabawki-ogrodowe","product_tag-imie-mia","product_tag-kolorowanka-lol","product_tag-prezenty-na-roczek-dla-chlopca","product_tag-zaproszenie-na-urodziny-do-druku","product_tag-zarty-na-prima-aprilis"],"_links":{"self":[{"href":"http:\/\/klubmamgdynia.pl\/index.php\/wp-json\/wp\/v2\/product\/11789","targetHints":{"allow":["GET"]}}],"collection":[{"href":"http:\/\/klubmamgdynia.pl\/index.php\/wp-json\/wp\/v2\/product"}],"about":[{"href":"http:\/\/klubmamgdynia.pl\/index.php\/wp-json\/wp\/v2\/types\/product"}],"replies":[{"embeddable":true,"href":"http:\/\/klubmamgdynia.pl\/index.php\/wp-json\/wp\/v2\/comments?post=11789"}],"wp:featuredmedia":[{"embeddable":true,"href":"http:\/\/klubmamgdynia.pl\/index.php\/wp-json\/wp\/v2\/media\/11790"}],"wp:attachment":[{"href":"http:\/\/klubmamgdynia.pl\/index.php\/wp-json\/wp\/v2\/media?parent=11789"}],"wp:term":[{"taxonomy":"product_cat","embeddable":true,"href":"http:\/\/klubmamgdynia.pl\/index.php\/wp-json\/wp\/v2\/product_cat?post=11789"},{"taxonomy":"product_tag","embeddable":true,"href":"http:\/\/klubmamgdynia.pl\/index.php\/wp-json\/wp\/v2\/product_tag?post=11789"}],"curies":[{"name":"wp","href":"https:\/\/api.w.org\/{rel}","templated":true}]}}