{"id":11791,"date":"2011-10-21T16:36:54","date_gmt":"2011-10-21T14:36:54","guid":{"rendered":"http:\/\/klubmamgdynia.pl\/index.php\/produkt\/marioinex-komplet-do-piasku-morski\/"},"modified":"2026-04-03T21:13:06","modified_gmt":"2026-04-03T19:13:06","slug":"marioinex-komplet-do-piasku-morski","status":"publish","type":"product","link":"http:\/\/klubmamgdynia.pl\/index.php\/produkt\/marioinex-komplet-do-piasku-morski\/","title":{"rendered":"Marioinex Komplet Do Piasku Morski"},"content":{"rendered":"<p>Zestaw do piaskownicy zawiera: wiaderko, konewk\u0119, \u0142opatk\u0119, grabki oraz 3 foremki. Mix kolor\u00f3w, towar wysy\u0142any losowo.Zabawka nieodpowiednia dla dzieci poni\u017cej 24 miesi\u0119cy. Ten produkt spe\u0142nia europejskie standardy. Usu\u0144 elementy opakowania przed podaniem zabawki dziecku. Zachowaj etykiet\u0119, poniewa\u017c zawiera wa\u017cne informacje. Kolorystyka element\u00f3w mo\u017ce r\u00f3\u017cni\u0107 si\u0119 od prezentowanych na opakowaniu. Konserwacja: zabawk\u0119 nale\u017cy my\u0107 pod bie\u017c\u0105c\u0105 wod\u0105 z dodatkiem myd\u0142a.EAN: 5903033902240<\/p>\n<h2>Marioinex Komplet Do Piasku Morski Marioinex<\/h2>\n<p>\u015bmigus dyngus lany poniedzia\u0142ek zyczenia, prezenty na dzie\u0144 dziecka dla nastolatk\u00f3w, zagadki dla 8 latka, zagadki \u015bwi\u0105teczne dla dzieci, co kupic na roczek, gry dla nastolatk\u00f3w, lidia imie, prezent dla ch\u0142opca 7 lat, wiersz na dobranoc dla dzieci, kawaly na prima aprilis, z\u0142ote my\u015bli kubu\u015b puchatek cytaty, milan imie, prezent dla roczniaka, warszawa atrakcje dla dzieci, milena, prezent dla ch\u0142opca na roczek, jak narysowa\u0107 kr\u00f3lika<\/p>\n<p>yyyyy<\/p>\n<p>&nbsp;<\/p>\n","protected":false},"excerpt":{"rendered":"<p>Zestaw do piaskownicy zawiera: wiaderko, konewk\u0119, \u0142opatk\u0119, grabki oraz 3 foremki. Mix kolor\u00f3w, towar wysy\u0142any losowo.Zabawka nieodpowiednia dla dzieci poni\u017cej 24 miesi\u0119cy. Ten produkt spe\u0142nia europejskie standardy. Usu\u0144 elementy opakowania przed podaniem zabawki dziecku. Zachowaj etykiet\u0119, poniewa\u017c zawiera wa\u017cne informacje. Kolorystyka element\u00f3w mo\u017ce r\u00f3\u017cni\u0107 si\u0119 od prezentowanych na opakowaniu. Konserwacja: zabawk\u0119 nale\u017cy my\u0107 pod bie\u017c\u0105c\u0105 [&hellip;]<\/p>\n","protected":false},"featured_media":11792,"comment_status":"closed","ping_status":"open","template":"","meta":[],"product_cat":[328,286],"product_tag":[668,603,808,619,599,588],"class_list":["post-11791","product","type-product","status-publish","has-post-thumbnail","hentry","product_cat-marioinex","product_cat-zabawki-do-piasku","product_tag-atrakcje-dla-dzieci-wroclaw","product_tag-bajki-do-czytania","product_tag-imie-mia","product_tag-iwo-imie","product_tag-prezent-dla-nastolatkow-2021","product_tag-wzruszajace-slowa-dla-przyjaciela"],"_links":{"self":[{"href":"http:\/\/klubmamgdynia.pl\/index.php\/wp-json\/wp\/v2\/product\/11791","targetHints":{"allow":["GET"]}}],"collection":[{"href":"http:\/\/klubmamgdynia.pl\/index.php\/wp-json\/wp\/v2\/product"}],"about":[{"href":"http:\/\/klubmamgdynia.pl\/index.php\/wp-json\/wp\/v2\/types\/product"}],"replies":[{"embeddable":true,"href":"http:\/\/klubmamgdynia.pl\/index.php\/wp-json\/wp\/v2\/comments?post=11791"}],"wp:featuredmedia":[{"embeddable":true,"href":"http:\/\/klubmamgdynia.pl\/index.php\/wp-json\/wp\/v2\/media\/11792"}],"wp:attachment":[{"href":"http:\/\/klubmamgdynia.pl\/index.php\/wp-json\/wp\/v2\/media?parent=11791"}],"wp:term":[{"taxonomy":"product_cat","embeddable":true,"href":"http:\/\/klubmamgdynia.pl\/index.php\/wp-json\/wp\/v2\/product_cat?post=11791"},{"taxonomy":"product_tag","embeddable":true,"href":"http:\/\/klubmamgdynia.pl\/index.php\/wp-json\/wp\/v2\/product_tag?post=11791"}],"curies":[{"name":"wp","href":"https:\/\/api.w.org\/{rel}","templated":true}]}}