{"id":11793,"date":"2016-11-15T09:28:18","date_gmt":"2016-11-15T08:28:18","guid":{"rendered":"http:\/\/klubmamgdynia.pl\/index.php\/produkt\/lilliputiens-litera-t-z-materialu-zestaw-6-sztuk\/"},"modified":"2026-04-01T09:50:33","modified_gmt":"2026-04-01T07:50:33","slug":"lilliputiens-litera-t-z-materialu-zestaw-6-sztuk","status":"publish","type":"product","link":"http:\/\/klubmamgdynia.pl\/index.php\/produkt\/lilliputiens-litera-t-z-materialu-zestaw-6-sztuk\/","title":{"rendered":"Lilliputiens Litera &#8222;T&#8221; Z Materia\u0142u Zestaw 6 Sztuk"},"content":{"rendered":"<p>Zestaw 6-ciu materia\u0142owych literekOpis:- materia\u0142owa literka ze szlufk\u0105, umo\u017cliwiaj\u0105c\u0105 zawieszenie literki- dwustronna (z jednej strony r\u00f3\u017cowe kropeczki na bordowym tle, z drugiej czerwone kawiatuszki na pomara\u0144czowym tle)- wymiar: 11 cm- pakowane po 6 sztukProponowane ceny detaliczne:- literka &#8211; 9,9 z\u0142- tasiemka &#8211; 4,9 z\u0142Lilliputiens to zaprojektowane przez zesp\u00f3\u0142 kreatywnych belgijskich mam zabawki i artyku\u0142y dzieci\u0119ce charakteryzuj\u0105ce si\u0119 najwy\u017csz\u0105 jako\u015bci\u0105 wykonania, wyj\u0105tkowymi warto\u015bciami edukacyjnymi i estetycznymi. Produkt\u00f3w Lilliputiens nie da si\u0119 prosto opisa\u0107. Je\u017celi jednak trzeba by je okre\u015bli\u0107 jednym s\u0142owem to jest to angielskie s\u0142owo &#8222;wonder&#8221;. Ukryte niespodzianki, rozbudzaj\u0105ce ciekawo\u015b\u0107 materia\u0142y i kolory, zach\u0119caj\u0105ce do zabawy kszta\u0142ty i ponadczasowy design sprawiaj\u0105, \u017ce zar\u00f3wno dzieci jak i rodzice kochaj\u0105 i doceniaj\u0105 te produkty ju\u017c od 1995 roku.Kod Producenta: L86729<\/p>\n<h2>Lilliputiens Litera &#8222;T&#8221; Z Materia\u0142u Zestaw 6 Sztuk Lilliputiens<\/h2>\n<p>sentencje o dzieciach, janusz korczak cytaty, quiz o usa, co kupi\u0107 nastolatkowi, na wyspach bergamutach, fajne \u017carty na prima aprilis, cytat o mamie, warszawa dzieci, opowie\u015bci z narni lew czarownica i stara szafa test, pieski ma\u0142e dwa tekst, inteligentne zagadki, sta\u0142a pod \u015bniegiem, dinozaury kolorowanki, prezent dla dziewczynki 7 lat<\/p>\n<p>yyyyy<\/p>\n<p>&nbsp;<\/p>\n","protected":false},"excerpt":{"rendered":"<p>Zestaw 6-ciu materia\u0142owych literekOpis:- materia\u0142owa literka ze szlufk\u0105, umo\u017cliwiaj\u0105c\u0105 zawieszenie literki- dwustronna (z jednej strony r\u00f3\u017cowe kropeczki na bordowym tle, z drugiej czerwone kawiatuszki na pomara\u0144czowym tle)- wymiar: 11 cm- pakowane po 6 sztukProponowane ceny detaliczne:- literka &#8211; 9,9 z\u0142- tasiemka &#8211; 4,9 z\u0142Lilliputiens to zaprojektowane przez zesp\u00f3\u0142 kreatywnych belgijskich mam zabawki i artyku\u0142y dzieci\u0119ce [&hellip;]<\/p>\n","protected":false},"featured_media":11794,"comment_status":"closed","ping_status":"open","template":"","meta":[],"product_cat":[555,1770],"product_tag":[696,691,583,846],"class_list":["post-11793","product","type-product","status-publish","has-post-thumbnail","hentry","product_cat-dzieciece-akcesoria-dekoracyjne","product_cat-lilliputiens","product_tag-film-rodzinny-o-swietach","product_tag-gabriel","product_tag-kolysanki-dla-dzieci-tekst","product_tag-rysowanki"],"_links":{"self":[{"href":"http:\/\/klubmamgdynia.pl\/index.php\/wp-json\/wp\/v2\/product\/11793","targetHints":{"allow":["GET"]}}],"collection":[{"href":"http:\/\/klubmamgdynia.pl\/index.php\/wp-json\/wp\/v2\/product"}],"about":[{"href":"http:\/\/klubmamgdynia.pl\/index.php\/wp-json\/wp\/v2\/types\/product"}],"replies":[{"embeddable":true,"href":"http:\/\/klubmamgdynia.pl\/index.php\/wp-json\/wp\/v2\/comments?post=11793"}],"wp:featuredmedia":[{"embeddable":true,"href":"http:\/\/klubmamgdynia.pl\/index.php\/wp-json\/wp\/v2\/media\/11794"}],"wp:attachment":[{"href":"http:\/\/klubmamgdynia.pl\/index.php\/wp-json\/wp\/v2\/media?parent=11793"}],"wp:term":[{"taxonomy":"product_cat","embeddable":true,"href":"http:\/\/klubmamgdynia.pl\/index.php\/wp-json\/wp\/v2\/product_cat?post=11793"},{"taxonomy":"product_tag","embeddable":true,"href":"http:\/\/klubmamgdynia.pl\/index.php\/wp-json\/wp\/v2\/product_tag?post=11793"}],"curies":[{"name":"wp","href":"https:\/\/api.w.org\/{rel}","templated":true}]}}