{"id":11797,"date":"2015-03-11T23:46:11","date_gmt":"2015-03-11T22:46:11","guid":{"rendered":"http:\/\/klubmamgdynia.pl\/index.php\/produkt\/komplet-swiatel-do-roweru-vipow\/"},"modified":"2026-04-04T00:07:00","modified_gmt":"2026-04-03T22:07:00","slug":"komplet-swiatel-do-roweru-vipow","status":"publish","type":"product","link":"http:\/\/klubmamgdynia.pl\/index.php\/produkt\/komplet-swiatel-do-roweru-vipow\/","title":{"rendered":"Komplet \u015awiate\u0142 Do Roweru Vipow"},"content":{"rendered":"<p>5 super jasnych diod, 4 funkcje &#8211; o\u015bwietlenie przednie<br \/>\n5 super jasnych czerwonych diod, 3 funkcje &#8211; o\u015bwietenie tylne<br \/>\nodleg\u0142o\u015bc \u015bwiecenia &#8211; 50m<br \/>\nKolor &#8211; srebrny (czarna obejma)<br \/>\nRozmiar: 115x38x38mm<br \/>\nBaterie: AAAx4+ AAAx2<br \/>\n\u0141atwy monta\u017c<\/p>\n<h2>Komplet \u015awiate\u0142 Do Roweru Vipow Rebel<\/h2>\n<p>plac zabaw warszawa, prezent dla pi\u0119tnastolatka, kolorowanka ze zdj\u0119cia, o b\u0142\u0119dne dyktando, imi\u0119 mira, oliwier, opis do zdj\u0119cia dziecka na fb, choinka z bibu\u0142y, jakie prezenty na roczek, kolorowanki dla dziewczynek 10 lat, pisanie po \u015bladzie do druku pdf, prezent na dzie\u0144 dziecka dla nastolatk\u00f3w, dyplomy dla przedszkolak\u00f3w do wydrukowania, prezent dla 13 latki na \u015bwi\u0119ta, tezeusz, szablony postacie do szopki do druku, co mo\u017cna zrobi\u0107 z rolek po papierze toaletowym<\/p>\n<p>yyyyy<\/p>\n<p>&nbsp;<\/p>\n","protected":false},"excerpt":{"rendered":"<p>5 super jasnych diod, 4 funkcje &#8211; o\u015bwietlenie przednie 5 super jasnych czerwonych diod, 3 funkcje &#8211; o\u015bwietenie tylne odleg\u0142o\u015bc \u015bwiecenia &#8211; 50m Kolor &#8211; srebrny (czarna obejma) Rozmiar: 115x38x38mm Baterie: AAAx4+ AAAx2 \u0141atwy monta\u017c Komplet \u015awiate\u0142 Do Roweru Vipow Rebel plac zabaw warszawa, prezent dla pi\u0119tnastolatka, kolorowanka ze zdj\u0119cia, o b\u0142\u0119dne dyktando, imi\u0119 mira, [&hellip;]<\/p>\n","protected":false},"featured_media":11798,"comment_status":"closed","ping_status":"open","template":"","meta":[],"product_cat":[2072,219],"product_tag":[648,696,669,858,759,636],"class_list":["post-11797","product","type-product","status-publish","has-post-thumbnail","hentry","product_cat-oswietlenie-rowerowe","product_cat-rebel","product_tag-dobrej-nocy-i-sza","product_tag-film-rodzinny-o-swietach","product_tag-kolorowanki","product_tag-podchwytliwe-zagadki","product_tag-pomysly-na-prezent-dla-nastolatkow","product_tag-teksty-kolysanek"],"_links":{"self":[{"href":"http:\/\/klubmamgdynia.pl\/index.php\/wp-json\/wp\/v2\/product\/11797","targetHints":{"allow":["GET"]}}],"collection":[{"href":"http:\/\/klubmamgdynia.pl\/index.php\/wp-json\/wp\/v2\/product"}],"about":[{"href":"http:\/\/klubmamgdynia.pl\/index.php\/wp-json\/wp\/v2\/types\/product"}],"replies":[{"embeddable":true,"href":"http:\/\/klubmamgdynia.pl\/index.php\/wp-json\/wp\/v2\/comments?post=11797"}],"wp:featuredmedia":[{"embeddable":true,"href":"http:\/\/klubmamgdynia.pl\/index.php\/wp-json\/wp\/v2\/media\/11798"}],"wp:attachment":[{"href":"http:\/\/klubmamgdynia.pl\/index.php\/wp-json\/wp\/v2\/media?parent=11797"}],"wp:term":[{"taxonomy":"product_cat","embeddable":true,"href":"http:\/\/klubmamgdynia.pl\/index.php\/wp-json\/wp\/v2\/product_cat?post=11797"},{"taxonomy":"product_tag","embeddable":true,"href":"http:\/\/klubmamgdynia.pl\/index.php\/wp-json\/wp\/v2\/product_tag?post=11797"}],"curies":[{"name":"wp","href":"https:\/\/api.w.org\/{rel}","templated":true}]}}