{"id":11799,"date":"2011-11-09T05:58:03","date_gmt":"2011-11-09T04:58:03","guid":{"rendered":"http:\/\/klubmamgdynia.pl\/index.php\/produkt\/rayman-origins-digital\/"},"modified":"2026-04-07T10:29:55","modified_gmt":"2026-04-07T08:29:55","slug":"rayman-origins-digital","status":"publish","type":"product","link":"http:\/\/klubmamgdynia.pl\/index.php\/produkt\/rayman-origins-digital\/","title":{"rendered":"Rayman Origins (Digital)"},"content":{"rendered":"<p>Kraina Marze\u0144 znowu si\u0119 zbroi! Ten sielankowy \u015bwiat, w kt\u00f3rym \u017cycie skupia si\u0119 zazwyczaj na jedzeniu, spaniu i zabawie (oraz okazjonalnych \u017cyczliwych przepychankach mi\u0119dzy przyjaci\u00f3\u0142mi), wpad\u0142 po uszy w k\u0142opoty. Wygl\u0105da na to, \u017ce Rayman i jego bohaterska grupa przezabawnych odmie\u0144c\u00f3w wywo\u0142a\u0142a wojn\u0119 swoim chrapaniem! Koszmarnym s\u0105siadom z Krainy \u017bywych Umarlak\u00f3w nie spodoba\u0142a si\u0119 ich muzyka, wi\u0119c postanowili zrobi\u0107 z ni\u0105 porz\u0105dek! Nieboj\u0105cy si\u0119 wyzwania Rayman i jego przyjaciele a\u017c rw\u0105 si\u0119 do sprania paskudnych nudziarzy &#8211; zw\u0142aszcza \u017ce przy okazji b\u0119d\u0105 mogli ratowa\u0107 nimfy, psoci\u0107 i zdobywa\u0107 nowe fantastyczne moce, by psoci\u0107 jeszcze bardziej. Zreszt\u0105 nie b\u0119dzie to dla nich pierwszyzna! Okazuje si\u0119, \u017ce uwielbiaj\u0105cy zabaw\u0119 tw\u00f3rca Krainy Marze\u0144, znany jako Bubble Dreamer, jest niezwykle wra\u017cliw\u0105 istot\u0105, kt\u00f3rej zmiany nastroju wp\u0142ywaj\u0105 na to miejsce! Rayman pokona\u0142 ju\u017c kiedy\u015b stwory z koszmar\u00f3w Bubble Dreamera &#8211; teraz on, Globox oraz zmy\u015blni czarodzieje Teensy b\u0119d\u0105 musieli powt\u00f3rzy\u0107 ten wyczyn, nim Kraina Marze\u0144 rozpadnie si\u0119 na kawa\u0142ki i ca\u0142y \u015bwiat zniknie jak z\u0142y sen.W grze &#8222;Rayman Origins&#8221; wraca wiele klasycznych postaci, przywr\u00f3conych do \u017cycia w ich oryginalnej dwuwymiarowej formie, kt\u00f3rym towarzyszy ca\u0142y nowy \u015bwiat z jego mieszka\u0144cami i poziomami. Odkryj przesz\u0142o\u015b\u0107 Raymana, zbieraj\u0105c fragmenty historii Krainy Marze\u0144, by pozna\u0107 tajemnic\u0119 kryj\u0105c\u0105 si\u0119 za narodzinami bohatera. Nie ma lepszego miejsca dla dziwacznej, wype\u0142nionej akcj\u0105, zabawnej i kolorowej platform\u00f3wki 2D ni\u017c magiczny \u015bwiat, kt\u00f3ry mo\u017cesz odwiedzi\u0107 samotnie lub w towarzystwie cho\u0107by i 3 przyjaci\u00f3\u0142, korzystaj\u0105c z trybu wsp\u00f3\u0142pracy!Zawiera ponad 60 platformowych poziom\u00f3w 2D &#8211; nadaj\u0105cych si\u0119 dla os\u00f3b w ka\u017cdym wieku i preferuj\u0105cych dowolny styl gry. Odblokuj nowe umiej\u0119tno\u015bci i wr\u00f3\u0107 do wcze\u015bniejszych poziom\u00f3w, aby odkry\u0107 nowe \u015bcie\u017cki i sekrety. Graj jako Rayman w kampanii dla pojedynczego gracza albo w dowolnym momencie zapro\u015b do gry do 3 znajomych, kt\u00f3rzy wciel\u0105 si\u0119 w Globoxa albo jednego z dw\u00f3jki Teensie. Mo\u017cesz opu\u015bci\u0107 gr\u0119 w dowolnym momencie, nie wp\u0142ywaj\u0105c na post\u0119py wsp\u00f3\u0142graczy. Bogaty \u015bwiat z ponad 100 postaciami i 12 zr\u00f3\u017cnicowanymi \u015brodowiskami, stworzonymi przez najbardziej uznanych artyst\u00f3w i animator\u00f3w w bran\u017cy.<\/p>\n<h2>Rayman Origins (Digital) Ubisoft<\/h2>\n<p>zagadki walentynkowe, bajki dla chlopcow, pytania do lektury asiunia, koty kolorowanki do druku, kr\u00f3tkie bajki do czytania, my jeste\u015bmy krasnoludki tekst, gloria imi\u0119, zagadki wiosenne dla dzieci, zagadki na inteligencj\u0119, jakie s\u0105 dary jesieni, kolorowanka \u015bwinka peppa, bajki dla chlopcow, hobbit, mitologia grecka quiz, imie lilianna, miko\u0142ajek test z lektury<\/p>\n<p>yyyyy<\/p>\n<p>&nbsp;<\/p>\n","protected":false},"excerpt":{"rendered":"<p>Kraina Marze\u0144 znowu si\u0119 zbroi! Ten sielankowy \u015bwiat, w kt\u00f3rym \u017cycie skupia si\u0119 zazwyczaj na jedzeniu, spaniu i zabawie (oraz okazjonalnych \u017cyczliwych przepychankach mi\u0119dzy przyjaci\u00f3\u0142mi), wpad\u0142 po uszy w k\u0142opoty. Wygl\u0105da na to, \u017ce Rayman i jego bohaterska grupa przezabawnych odmie\u0144c\u00f3w wywo\u0142a\u0142a wojn\u0119 swoim chrapaniem! Koszmarnym s\u0105siadom z Krainy \u017bywych Umarlak\u00f3w nie spodoba\u0142a si\u0119 ich [&hellip;]<\/p>\n","protected":false},"featured_media":11800,"comment_status":"closed","ping_status":"open","template":"","meta":[],"product_cat":[352,455],"product_tag":[819,763,804,872,698,604],"class_list":["post-11799","product","type-product","status-publish","has-post-thumbnail","hentry","product_cat-gry-do-pobrania-na-pc","product_cat-ubisoft","product_tag-co-kupic-nastolatce-na-swieta","product_tag-fabian","product_tag-ryz-z-owocami","product_tag-zagadki-dla-dzieci-6-lat","product_tag-zagadki-dla-przedszkolakow","product_tag-zagadki-trudne"],"_links":{"self":[{"href":"http:\/\/klubmamgdynia.pl\/index.php\/wp-json\/wp\/v2\/product\/11799","targetHints":{"allow":["GET"]}}],"collection":[{"href":"http:\/\/klubmamgdynia.pl\/index.php\/wp-json\/wp\/v2\/product"}],"about":[{"href":"http:\/\/klubmamgdynia.pl\/index.php\/wp-json\/wp\/v2\/types\/product"}],"replies":[{"embeddable":true,"href":"http:\/\/klubmamgdynia.pl\/index.php\/wp-json\/wp\/v2\/comments?post=11799"}],"wp:featuredmedia":[{"embeddable":true,"href":"http:\/\/klubmamgdynia.pl\/index.php\/wp-json\/wp\/v2\/media\/11800"}],"wp:attachment":[{"href":"http:\/\/klubmamgdynia.pl\/index.php\/wp-json\/wp\/v2\/media?parent=11799"}],"wp:term":[{"taxonomy":"product_cat","embeddable":true,"href":"http:\/\/klubmamgdynia.pl\/index.php\/wp-json\/wp\/v2\/product_cat?post=11799"},{"taxonomy":"product_tag","embeddable":true,"href":"http:\/\/klubmamgdynia.pl\/index.php\/wp-json\/wp\/v2\/product_tag?post=11799"}],"curies":[{"name":"wp","href":"https:\/\/api.w.org\/{rel}","templated":true}]}}