{"id":11801,"date":"2012-08-30T13:41:15","date_gmt":"2012-08-30T11:41:15","guid":{"rendered":"http:\/\/klubmamgdynia.pl\/index.php\/produkt\/clementoni-puzzle-1000el-hq-cochem-castle\/"},"modified":"2026-04-24T22:15:06","modified_gmt":"2026-04-24T20:15:06","slug":"clementoni-puzzle-1000el-hq-cochem-castle","status":"publish","type":"product","link":"http:\/\/klubmamgdynia.pl\/index.php\/produkt\/clementoni-puzzle-1000el-hq-cochem-castle\/","title":{"rendered":"Clementoni Puzzle 1000El. Hq Cochem Castle"},"content":{"rendered":"<p>PUZZLE: 1000 ELEMENT\u00d3W PRODUCENT: CLEMENTONI NAZWA: COCHEM CASTLE &#8211; ZAMEK REICHSBURG W COCHEM INDEX: 39648KOD EAN: 8005125396481 ROZMIAR: 700 x 500 mm WYMIARY PUDE\u0141KA: 370 x 280 x 60 mmCOCHEM CASTLE &#8211; ZAMEK REICHSBURG W COCHEMSugestywne obrazki, doskona\u0142a jako\u015b\u0107 wydruku, precyzyjne wyci\u0119cia, trwa\u0142e i cenne materia\u0142y.Wszystko to charakteryzuje High Quality Collection Clementoni: eleganck\u0105 lini\u0119 puzzli zrealizowan\u0105 z wielk\u0105 dba\u0142o\u015bci\u0105 o szczeg\u00f3\u0142y.Firma Clementoni, kt\u00f3rej od zawsze le\u017cy na sercu ochrona \u015brodowiska, stara si\u0119 stosowa\u0107 jak najszerzej materia\u0142y z odzysku i unika u\u017cywania komponent\u00f3w zanieczyszczaj\u0105cych otoczenie.<\/p>\n<h2>Clementoni Puzzle 1000El. Hq Cochem Castle Clementoni<\/h2>\n<p>kontynenty dla dzieci do druku, flagi europy quiz, cytat o dzieciach, peppa do druku, quiz bajki, zadania dla 7 latka do druku, zagadki logiczne \u015bmieszne, afryka\u0144skie imiona, prezent dla 7 latki, milosz imie, kr\u00f3tkie bajki dla dzieci do czytania, m\u0105dre prezenty dla 7 latki, postacie z bajek kolorowanki, co \u0142apie ale nie rzuca, julian znaczenie imienia, zagadki o zwierz\u0119tach dla dzieci<\/p>\n<p>yyyyy<\/p>\n<p>&nbsp;<\/p>\n","protected":false},"excerpt":{"rendered":"<p>PUZZLE: 1000 ELEMENT\u00d3W PRODUCENT: CLEMENTONI NAZWA: COCHEM CASTLE &#8211; ZAMEK REICHSBURG W COCHEM INDEX: 39648KOD EAN: 8005125396481 ROZMIAR: 700 x 500 mm WYMIARY PUDE\u0141KA: 370 x 280 x 60 mmCOCHEM CASTLE &#8211; ZAMEK REICHSBURG W COCHEMSugestywne obrazki, doskona\u0142a jako\u015b\u0107 wydruku, precyzyjne wyci\u0119cia, trwa\u0142e i cenne materia\u0142y.Wszystko to charakteryzuje High Quality Collection Clementoni: eleganck\u0105 lini\u0119 puzzli [&hellip;]<\/p>\n","protected":false},"featured_media":11802,"comment_status":"closed","ping_status":"open","template":"","meta":[],"product_cat":[163,90],"product_tag":[662,696,851,806,841,620],"class_list":["post-11801","product","type-product","status-publish","has-post-thumbnail","hentry","product_cat-clementoni","product_cat-puzzle","product_tag-bajki-na-dobranoc","product_tag-film-rodzinny-o-swietach","product_tag-jak-narysowac-kota","product_tag-prezent-dla-dziecka-na-roczek","product_tag-quiz-o-flagach","product_tag-quiz-opowiesci-z-narnii"],"_links":{"self":[{"href":"http:\/\/klubmamgdynia.pl\/index.php\/wp-json\/wp\/v2\/product\/11801","targetHints":{"allow":["GET"]}}],"collection":[{"href":"http:\/\/klubmamgdynia.pl\/index.php\/wp-json\/wp\/v2\/product"}],"about":[{"href":"http:\/\/klubmamgdynia.pl\/index.php\/wp-json\/wp\/v2\/types\/product"}],"replies":[{"embeddable":true,"href":"http:\/\/klubmamgdynia.pl\/index.php\/wp-json\/wp\/v2\/comments?post=11801"}],"wp:featuredmedia":[{"embeddable":true,"href":"http:\/\/klubmamgdynia.pl\/index.php\/wp-json\/wp\/v2\/media\/11802"}],"wp:attachment":[{"href":"http:\/\/klubmamgdynia.pl\/index.php\/wp-json\/wp\/v2\/media?parent=11801"}],"wp:term":[{"taxonomy":"product_cat","embeddable":true,"href":"http:\/\/klubmamgdynia.pl\/index.php\/wp-json\/wp\/v2\/product_cat?post=11801"},{"taxonomy":"product_tag","embeddable":true,"href":"http:\/\/klubmamgdynia.pl\/index.php\/wp-json\/wp\/v2\/product_tag?post=11801"}],"curies":[{"name":"wp","href":"https:\/\/api.w.org\/{rel}","templated":true}]}}