{"id":11803,"date":"2013-08-16T17:27:15","date_gmt":"2013-08-16T15:27:15","guid":{"rendered":"http:\/\/klubmamgdynia.pl\/index.php\/produkt\/gravitrax-akcesoria-do-torow\/"},"modified":"2026-05-17T22:32:18","modified_gmt":"2026-05-17T20:32:18","slug":"gravitrax-akcesoria-do-torow","status":"publish","type":"product","link":"http:\/\/klubmamgdynia.pl\/index.php\/produkt\/gravitrax-akcesoria-do-torow\/","title":{"rendered":"Gravitrax Akcesoria Do Tor\u00f3w"},"content":{"rendered":"<p>Opis szczeg\u00f3\u0142owyPrzerzu\u0107 swoj\u0105 kulk\u0119 nad ka\u017cd\u0105 przeszkod\u0105! Prze\u017cyj ten spektakularny efekt z akcesoriami Gravitrax. Po\u0142\u0105cz katapult\u0119 z zestawem startowym Gravitrax, aby uzyska\u0107 jeszcze wi\u0119cej akcji i emocji. Jak wysoko mo\u017ce polecie\u0107 z katapult\u0105?Parametry produktuRozwijane zmys\u0142y \/ umiej\u0119tno\u015bciKonstruowanieDla dzieci w wieku od8 latWaga jednostkowa brutto0,22 kgKod CN9503 00 70<\/p>\n<h2>Gravitrax Akcesoria Do Tor\u00f3w Ravensburger<\/h2>\n<p>bajka do czytania na dobranoc, kuba imie, chase psi patrol kolorowanka, alfabet kolorowanka, bajki do czytania, zagadki na logik\u0119, kuchcikowo przepisy dla dzieci, ma\u0142y ksi\u0105\u017ce cytaty, jak narysowa\u0107, test miko\u0142ajek 25 pyta\u0144<\/p>\n<p>yyyyy<\/p>\n<p>&nbsp;<\/p>\n","protected":false},"excerpt":{"rendered":"<p>Opis szczeg\u00f3\u0142owyPrzerzu\u0107 swoj\u0105 kulk\u0119 nad ka\u017cd\u0105 przeszkod\u0105! Prze\u017cyj ten spektakularny efekt z akcesoriami Gravitrax. Po\u0142\u0105cz katapult\u0119 z zestawem startowym Gravitrax, aby uzyska\u0107 jeszcze wi\u0119cej akcji i emocji. Jak wysoko mo\u017ce polecie\u0107 z katapult\u0105?Parametry produktuRozwijane zmys\u0142y \/ umiej\u0119tno\u015bciKonstruowanieDla dzieci w wieku od8 latWaga jednostkowa brutto0,22 kgKod CN9503 00 70 Gravitrax Akcesoria Do Tor\u00f3w Ravensburger bajka do [&hellip;]<\/p>\n","protected":false},"featured_media":11804,"comment_status":"closed","ping_status":"open","template":"","meta":[],"product_cat":[72,207],"product_tag":[864,740,723,625],"class_list":["post-11803","product","type-product","status-publish","has-post-thumbnail","hentry","product_cat-mali-naukowcy","product_cat-ravensburger","product_tag-basen-warszawa","product_tag-fajne-prezenty-dla-nastolatkow","product_tag-krotkie-bajki-do-czytania-na-dobranoc","product_tag-trojmiasto-atrakcje-dla-dzieci"],"_links":{"self":[{"href":"http:\/\/klubmamgdynia.pl\/index.php\/wp-json\/wp\/v2\/product\/11803","targetHints":{"allow":["GET"]}}],"collection":[{"href":"http:\/\/klubmamgdynia.pl\/index.php\/wp-json\/wp\/v2\/product"}],"about":[{"href":"http:\/\/klubmamgdynia.pl\/index.php\/wp-json\/wp\/v2\/types\/product"}],"replies":[{"embeddable":true,"href":"http:\/\/klubmamgdynia.pl\/index.php\/wp-json\/wp\/v2\/comments?post=11803"}],"wp:featuredmedia":[{"embeddable":true,"href":"http:\/\/klubmamgdynia.pl\/index.php\/wp-json\/wp\/v2\/media\/11804"}],"wp:attachment":[{"href":"http:\/\/klubmamgdynia.pl\/index.php\/wp-json\/wp\/v2\/media?parent=11803"}],"wp:term":[{"taxonomy":"product_cat","embeddable":true,"href":"http:\/\/klubmamgdynia.pl\/index.php\/wp-json\/wp\/v2\/product_cat?post=11803"},{"taxonomy":"product_tag","embeddable":true,"href":"http:\/\/klubmamgdynia.pl\/index.php\/wp-json\/wp\/v2\/product_tag?post=11803"}],"curies":[{"name":"wp","href":"https:\/\/api.w.org\/{rel}","templated":true}]}}