{"id":11805,"date":"2019-12-15T04:52:24","date_gmt":"2019-12-15T03:52:24","guid":{"rendered":"http:\/\/klubmamgdynia.pl\/index.php\/produkt\/urban-empire-gra-pc\/"},"modified":"2026-04-05T23:23:49","modified_gmt":"2026-04-05T21:23:49","slug":"urban-empire-gra-pc","status":"publish","type":"product","link":"http:\/\/klubmamgdynia.pl\/index.php\/produkt\/urban-empire-gra-pc\/","title":{"rendered":"URBAN EMPIRE (Gra PC)"},"content":{"rendered":"<p>Urban Empire &#8211; Limitowana Edycja Specjalna zawiera:gr\u0119 Urban EmpireDLC Half Timbered Building 7 budowli z czas\u00f3w sprzed 1820 roku, kt\u00f3re nadadz\u0105 tradycyjny, oldschoolowy wygl\u0105d twojemu imperium.Cyfrow\u0105 \u015bcie\u017ck\u0119 d\u017awi\u0119kow\u0105 z gryPlakatW Urban Empire kierujesz rodem, z kt\u00f3rego wywodz\u0105 si\u0119 kolejni burmistrzowie, rz\u0105dzisz miastem i mieszka\u0144cami przez okres 200 lat.Rozwijaj infrastruktur\u0119, planuj dzielnice miasta, omawiaj polityczne decyzje w radzie miasta, przekupuj lub szanta\u017cuj swoich przeciwnik\u00f3w, respektuj demokratyczne prawa mieszka\u0144c\u00f3w lub ignoruj je i rz\u0105d\u017a doskonale samodzielnie decyzja nale\u017cy do ciebie!Zaczynaj\u0105c w 1820 roku, rozwijaj swoje miasto przez pi\u0119\u0107 r\u00f3\u017cnych okres\u00f3w historycznych, z charakterystycznymi dla ka\u017cdego z okres\u00f3w zagro\u017ceniami i mo\u017cliwo\u015bciami. Podejmuj wyzwania swoich czas\u00f3w, tocz polityczne walki, do\u015bwiadczaj wydarze\u0144 zmieniaj\u0105cego si\u0119 \u015bwiata i pionierskich wynalazk\u00f3w, tw\u00f3rz w\u0142asny unikatowy Urban Empire!Urban Empire jest pioniersk\u0105 odmian\u0105 gier strategicznych, kt\u00f3re \u0142\u0105cz\u0105 w sobie zadania budowania miasta z konieczno\u015bci\u0105 podejmowania politycznych decyzji, a to wszystko na przestrzeni 200 lat rozwoju historycznego, co sprawia, \u017ce mamy do czynienia z zupe\u0142nie nowym gameplayem, gdzie gracze musz\u0105 po\u0142\u0105czy\u0107 planowanie strategiczne i rozumienie polityczne, by z sukcesem zarz\u0105dza\u0107 miastem jako jego burmistrz.CECHY GRY:Wejd\u017a w rol\u0119 burmistrza, b\u0105d\u017a politycznym przyw\u00f3dc\u0105 i dowied\u017a swoich umiej\u0119tno\u015bci wyst\u0119puj\u0105c przeciwko opozycyjnym partiom. Prowad\u017a swoje miasto poprzez technologiczne zmiany i rewolucje ideologiczne.Wybieraj pomi\u0119dzy 4 rz\u0105dz\u0105cymi rodzinami, z 5 osobami w ka\u017cdej, np. pomi\u0119dzy ceni\u0105c\u0105 sztuk\u0119 i kultur\u0119 rodzin\u0105 Shyuskys, czy rodzin\u0105 SantElias, kt\u00f3ra skupia si\u0119 na post\u0119pie naukowym i d\u0105\u017ceniu do wiedzy.Do\u015bwiadczaj 200 lat historii pe\u0142nej prze\u0142omowych wynalazk\u00f3w, wymagaj\u0105cych politycznych sojuszy, stale zmieniaj\u0105cych si\u0119 warunk\u00f3w spo\u0142ecznych, z mo\u017cliwo\u015bci\u0105 gry w czasie 5 r\u00f3\u017cnych okres\u00f3w historycznych.Wprowadzaj nowe idee i technologie, takie jak elektryczne poci\u0105gi, system odprowadzania \u015bciek\u00f3w czy szko\u0142y publiczne. U\u017cyj swojej w\u0142adzy, \u017ceby przekona\u0107 rad\u0119 miasta do swojego politycznego programu.Tw\u00f3rz i zarz\u0105dzaj dzielnicami miasta na wielk\u0105 skal\u0119. Dbaj o zadowolenie mieszka\u0144c\u00f3w i ich potrzeby, takie jak bezpiecze\u0144stwo czy dost\u0119p do us\u0142ug publicznych.Do 800 dynamicznych wydarze\u0144 odzwierciedlaj\u0105cych zawirowania miejskiego \u017cycia: wp\u0142ywaj na decyzje zwi\u0105zane z takimi kwestiami jak: prawa kobiet, pojawienie si\u0119 ruchu hippisowskiego czy zmuszanie ma\u0142ych dzieci do pracy.Wymagania sprz\u0119towePCSystem operacyjny: Windows 7 SP1 \/ 8.1 \/ 10, 64bit; Procesor:Intel i5-2400 \/ AMD FX-6350; Pami\u0119\u0107 RAM: 6 GB; Karta graficzna: NVIDIA GeForce GTX 560 \/ AMD HD 6850 2GB; Dysk twardy: 4 GB wolnego miejsca; Karta d\u017awi\u0119kowa: zgodna z DirectX; Nap\u0119d: DVD-ROM.Wymagane po\u0142\u0105czenie z internetem do aktywacji gry.<\/p>\n<h2>URBAN EMPIRE (Gra PC) CD Projekt<\/h2>\n<p>szablony papierowe lalki do ubierania do wydruku, adriana znaczenie imienia, zadania dla dzieci z ukrainy, julian, kolorowe listki tekst, cytat o dziecku, pomysl na prezent na roczek, opowie\u015bci z narni lew czarownica i stara szafa test, test dynastia mizio\u0142k\u00f3w, pytania do lektury asiunia, rysowanki, miasto dzieci pl, kajko i kokosz test z lektury, akademia pana kleksa test do druku, skalne miasto, kwiaty polne nazwy i zdj\u0119cia, hello kitty kolorowanka, test z dzieci z bullerbyn<\/p>\n<p>yyyyy<\/p>\n<p>&nbsp;<\/p>\n","protected":false},"excerpt":{"rendered":"<p>Urban Empire &#8211; Limitowana Edycja Specjalna zawiera:gr\u0119 Urban EmpireDLC Half Timbered Building 7 budowli z czas\u00f3w sprzed 1820 roku, kt\u00f3re nadadz\u0105 tradycyjny, oldschoolowy wygl\u0105d twojemu imperium.Cyfrow\u0105 \u015bcie\u017ck\u0119 d\u017awi\u0119kow\u0105 z gryPlakatW Urban Empire kierujesz rodem, z kt\u00f3rego wywodz\u0105 si\u0119 kolejni burmistrzowie, rz\u0105dzisz miastem i mieszka\u0144cami przez okres 200 lat.Rozwijaj infrastruktur\u0119, planuj dzielnice miasta, omawiaj polityczne decyzje [&hellip;]<\/p>\n","protected":false},"featured_media":11806,"comment_status":"closed","ping_status":"open","template":"","meta":[],"product_cat":[202,222],"product_tag":[827,584,751,647,793,733],"class_list":["post-11805","product","type-product","status-publish","has-post-thumbnail","hentry","product_cat-cd-projekt","product_cat-gry-pc","product_tag-bajki-dla-niemowlat","product_tag-liwia","product_tag-psi-patrol-kolorowanka","product_tag-warszawa-z-dzieckiem","product_tag-zagadki-smieszne-podchwytliwe","product_tag-zarty-na-prima-aprilis"],"_links":{"self":[{"href":"http:\/\/klubmamgdynia.pl\/index.php\/wp-json\/wp\/v2\/product\/11805","targetHints":{"allow":["GET"]}}],"collection":[{"href":"http:\/\/klubmamgdynia.pl\/index.php\/wp-json\/wp\/v2\/product"}],"about":[{"href":"http:\/\/klubmamgdynia.pl\/index.php\/wp-json\/wp\/v2\/types\/product"}],"replies":[{"embeddable":true,"href":"http:\/\/klubmamgdynia.pl\/index.php\/wp-json\/wp\/v2\/comments?post=11805"}],"wp:featuredmedia":[{"embeddable":true,"href":"http:\/\/klubmamgdynia.pl\/index.php\/wp-json\/wp\/v2\/media\/11806"}],"wp:attachment":[{"href":"http:\/\/klubmamgdynia.pl\/index.php\/wp-json\/wp\/v2\/media?parent=11805"}],"wp:term":[{"taxonomy":"product_cat","embeddable":true,"href":"http:\/\/klubmamgdynia.pl\/index.php\/wp-json\/wp\/v2\/product_cat?post=11805"},{"taxonomy":"product_tag","embeddable":true,"href":"http:\/\/klubmamgdynia.pl\/index.php\/wp-json\/wp\/v2\/product_tag?post=11805"}],"curies":[{"name":"wp","href":"https:\/\/api.w.org\/{rel}","templated":true}]}}