{"id":11809,"date":"2011-07-20T19:59:57","date_gmt":"2011-07-20T17:59:57","guid":{"rendered":"http:\/\/klubmamgdynia.pl\/index.php\/produkt\/antonio-juan-hiszpanska-lalka-posturitas-peke-toquilla-17089\/"},"modified":"2026-04-06T03:12:27","modified_gmt":"2026-04-06T01:12:27","slug":"antonio-juan-hiszpanska-lalka-posturitas-peke-toquilla-17089","status":"publish","type":"product","link":"http:\/\/klubmamgdynia.pl\/index.php\/produkt\/antonio-juan-hiszpanska-lalka-posturitas-peke-toquilla-17089\/","title":{"rendered":"Antonio Juan Hiszpa\u0144ska lalka posturitas peke toquilla (17089)"},"content":{"rendered":"<p>Hiszpa\u0144ska lalka POSTURITAS PEKE TOQUILLA Lalka jest w 100% wyprodukowana w Hiszpanii przez rodzinn\u0105 firm\u0119 Antonio Juan , kt\u00f3ra po\u015bwi\u0119ca du\u017co czasu, by ka\u017cdy element lalki zrobiony by\u0142 jak najdok\u0142adniej. Brzuszek lalki zrobiony jest z mi\u0119kkiego materia\u0142u. N\u00f3\u017cki, r\u0105czki oraz g\u0142\u00f3wka lalki wykonane s\u0105 z przyjemnego w dotyku winylu. Mi\u0119kki brzuszek sprawia, \u017ce jest idealn\u0105 lalk\u0105 do przytulania. Jest te\u017c l\u017cejsza od lalek w ca\u0142o\u015bci zrobionych z winylu, wi\u0119c z powodzeniem mog\u0105 si\u0119 bawi\u0107 ni\u0105 mniejsze dzieci. Lalka ubrana jest w urocze ubranka i ma ze sob\u0105 a\u017curowy kocyk, na kt\u00f3rym mo\u017ce wygodnie si\u0119 po\u0142o\u017cy\u0107 podczas drzemki. W KOMPLECIE ZNAJDZIESZ Lalk\u0119 dziewczynki z mi\u0119kkim brzuszkiem Ubranka (pi\u017camk\u0119, skarpetki, czapeczk\u0119) R\u00f3\u017cowy kocyk Smoczek Oryginalne pude\u0142ko WYMIARY LALKI Wzrost: 29 cm Zabawka przeznaczona jest dla dzieci powy\u017cej 3 roku \u017cycia. Posiada certyfikat CE. Lalk\u0119 nale\u017cy czy\u015bci\u0107 wilgotn\u0105 szmatk\u0105, nie nale\u017cy jej k\u0105pa\u0107. 17089<\/p>\n<h2>Antonio Juan Hiszpa\u0144ska lalka posturitas peke toquilla (17089) Antonio Juan<\/h2>\n<p>kolorowanki do druku pokemon, kajko i kokosz szko\u0142a latania test z odpowiedziami, wierszyki na smigus dyngus, bajka dla niemowlaka<\/p>\n<p>yyyyy<\/p>\n<p>&nbsp;<\/p>\n","protected":false},"excerpt":{"rendered":"<p>Hiszpa\u0144ska lalka POSTURITAS PEKE TOQUILLA Lalka jest w 100% wyprodukowana w Hiszpanii przez rodzinn\u0105 firm\u0119 Antonio Juan , kt\u00f3ra po\u015bwi\u0119ca du\u017co czasu, by ka\u017cdy element lalki zrobiony by\u0142 jak najdok\u0142adniej. Brzuszek lalki zrobiony jest z mi\u0119kkiego materia\u0142u. N\u00f3\u017cki, r\u0105czki oraz g\u0142\u00f3wka lalki wykonane s\u0105 z przyjemnego w dotyku winylu. Mi\u0119kki brzuszek sprawia, \u017ce jest idealn\u0105 [&hellip;]<\/p>\n","protected":false},"featured_media":11810,"comment_status":"closed","ping_status":"open","template":"","meta":[],"product_cat":[1214,65],"product_tag":[848,707,818,815,614],"class_list":["post-11809","product","type-product","status-publish","has-post-thumbnail","hentry","product_cat-antonio-juan","product_cat-lalki","product_tag-cytat-o-rodzinie","product_tag-karty-pracy-dla-dzieci-z-ukrainy","product_tag-oliwier","product_tag-ozdoby-choinkowe-dla-dzieci","product_tag-pia"],"_links":{"self":[{"href":"http:\/\/klubmamgdynia.pl\/index.php\/wp-json\/wp\/v2\/product\/11809","targetHints":{"allow":["GET"]}}],"collection":[{"href":"http:\/\/klubmamgdynia.pl\/index.php\/wp-json\/wp\/v2\/product"}],"about":[{"href":"http:\/\/klubmamgdynia.pl\/index.php\/wp-json\/wp\/v2\/types\/product"}],"replies":[{"embeddable":true,"href":"http:\/\/klubmamgdynia.pl\/index.php\/wp-json\/wp\/v2\/comments?post=11809"}],"wp:featuredmedia":[{"embeddable":true,"href":"http:\/\/klubmamgdynia.pl\/index.php\/wp-json\/wp\/v2\/media\/11810"}],"wp:attachment":[{"href":"http:\/\/klubmamgdynia.pl\/index.php\/wp-json\/wp\/v2\/media?parent=11809"}],"wp:term":[{"taxonomy":"product_cat","embeddable":true,"href":"http:\/\/klubmamgdynia.pl\/index.php\/wp-json\/wp\/v2\/product_cat?post=11809"},{"taxonomy":"product_tag","embeddable":true,"href":"http:\/\/klubmamgdynia.pl\/index.php\/wp-json\/wp\/v2\/product_tag?post=11809"}],"curies":[{"name":"wp","href":"https:\/\/api.w.org\/{rel}","templated":true}]}}