{"id":11811,"date":"2021-04-29T16:02:01","date_gmt":"2021-04-29T14:02:01","guid":{"rendered":"http:\/\/klubmamgdynia.pl\/index.php\/produkt\/swede-rozek-dla-lalki\/"},"modified":"2026-04-03T18:25:20","modified_gmt":"2026-04-03T16:25:20","slug":"swede-rozek-dla-lalki","status":"publish","type":"product","link":"http:\/\/klubmamgdynia.pl\/index.php\/produkt\/swede-rozek-dla-lalki\/","title":{"rendered":"Swede Ro\u017cek Dla Lalki"},"content":{"rendered":"<p>Materia\u0142owy ro\u017cek dla lalki. Owi\u0144 go swoj\u0105 laleczk\u0119 po k\u0105pieli aby nie by\u0142o jej zimno.Produkt zapakowany w przezroczysty worek.Produkt dla dzieci od 3 lat.Podane wymiary s\u0105 przybli\u017conymi wymiarami produktu.<\/p>\n<h2>Swede Ro\u017cek Dla Lalki Swede<\/h2>\n<p>wierszyki na \u015bmigus dyngus, gdzie strumyk p\u0142ynie z wolna, co kupi\u0107 nastolatce na \u015bwi\u0119ta, dla dzieci warszawa, prezent na roczek nie zabawka, bajki dla dzieci od 7 do 10 lat, kolorowanki do druku konie, proste zagadki<\/p>\n<p>yyyyy<\/p>\n<p>&nbsp;<\/p>\n","protected":false},"excerpt":{"rendered":"<p>Materia\u0142owy ro\u017cek dla lalki. Owi\u0144 go swoj\u0105 laleczk\u0119 po k\u0105pieli aby nie by\u0142o jej zimno.Produkt zapakowany w przezroczysty worek.Produkt dla dzieci od 3 lat.Podane wymiary s\u0105 przybli\u017conymi wymiarami produktu. Swede Ro\u017cek Dla Lalki Swede wierszyki na \u015bmigus dyngus, gdzie strumyk p\u0142ynie z wolna, co kupi\u0107 nastolatce na \u015bwi\u0119ta, dla dzieci warszawa, prezent na roczek nie [&hellip;]<\/p>\n","protected":false},"featured_media":11812,"comment_status":"closed","ping_status":"open","template":"","meta":[],"product_cat":[171,50],"product_tag":[658,664,848,583,748,743,724],"class_list":["post-11811","product","type-product","status-publish","has-post-thumbnail","hentry","product_cat-swede","product_cat-ubranka-i-buty-dla-lalek","product_tag-alan-znaczenie-imienia","product_tag-atrakcje-dla-dzieci-trojmiasto","product_tag-cytat-o-rodzinie","product_tag-kolysanki-dla-dzieci-tekst","product_tag-okolice-wroclawia-atrakcje","product_tag-quiz-dla-dzieci","product_tag-zagadki-podchwytliwe"],"_links":{"self":[{"href":"http:\/\/klubmamgdynia.pl\/index.php\/wp-json\/wp\/v2\/product\/11811","targetHints":{"allow":["GET"]}}],"collection":[{"href":"http:\/\/klubmamgdynia.pl\/index.php\/wp-json\/wp\/v2\/product"}],"about":[{"href":"http:\/\/klubmamgdynia.pl\/index.php\/wp-json\/wp\/v2\/types\/product"}],"replies":[{"embeddable":true,"href":"http:\/\/klubmamgdynia.pl\/index.php\/wp-json\/wp\/v2\/comments?post=11811"}],"wp:featuredmedia":[{"embeddable":true,"href":"http:\/\/klubmamgdynia.pl\/index.php\/wp-json\/wp\/v2\/media\/11812"}],"wp:attachment":[{"href":"http:\/\/klubmamgdynia.pl\/index.php\/wp-json\/wp\/v2\/media?parent=11811"}],"wp:term":[{"taxonomy":"product_cat","embeddable":true,"href":"http:\/\/klubmamgdynia.pl\/index.php\/wp-json\/wp\/v2\/product_cat?post=11811"},{"taxonomy":"product_tag","embeddable":true,"href":"http:\/\/klubmamgdynia.pl\/index.php\/wp-json\/wp\/v2\/product_tag?post=11811"}],"curies":[{"name":"wp","href":"https:\/\/api.w.org\/{rel}","templated":true}]}}