{"id":11813,"date":"2012-06-21T16:46:06","date_gmt":"2012-06-21T14:46:06","guid":{"rendered":"http:\/\/klubmamgdynia.pl\/index.php\/produkt\/trifox-lalka-szmacianka\/"},"modified":"2026-04-27T02:54:14","modified_gmt":"2026-04-27T00:54:14","slug":"trifox-lalka-szmacianka","status":"publish","type":"product","link":"http:\/\/klubmamgdynia.pl\/index.php\/produkt\/trifox-lalka-szmacianka\/","title":{"rendered":"Trifox Lalka Szmacianka"},"content":{"rendered":"<p>Lalka szmacianka &#8230;<\/p>\n<h2>Trifox Lalka Szmacianka Trifox<\/h2>\n<p>bajki dla niemowl\u0105t, kolorowanki disney, jak namalowa\u0107 kota, super zings do druku, quiz dzieci z bullerbyn, bajki do czytania dla ch\u0142opc\u00f3w, miko\u0142ajki 2021 warszawa, dziecko cytaty z\u0142ote my\u015bli, prezent dla 1 latka, zagadki dla starszych dzieci, bajki dla niemowl\u0105t, prezent dla dziecka 1 rok, zak\u0142adka do ksi\u0105\u017cki szablon do druku, znaki drogowe test, plan lekcji do druku, iwo imie, maurycy, zabawy dla 7 latki, gad\u017cety dla nastolatki, miko\u0142ajki dla dzieci warszawa 2021, quizy dla dzieci<\/p>\n<p>yyyyy<\/p>\n<p>&nbsp;<\/p>\n","protected":false},"excerpt":{"rendered":"<p>Lalka szmacianka &#8230; Trifox Lalka Szmacianka Trifox bajki dla niemowl\u0105t, kolorowanki disney, jak namalowa\u0107 kota, super zings do druku, quiz dzieci z bullerbyn, bajki do czytania dla ch\u0142opc\u00f3w, miko\u0142ajki 2021 warszawa, dziecko cytaty z\u0142ote my\u015bli, prezent dla 1 latka, zagadki dla starszych dzieci, bajki dla niemowl\u0105t, prezent dla dziecka 1 rok, zak\u0142adka do ksi\u0105\u017cki szablon [&hellip;]<\/p>\n","protected":false},"featured_media":11814,"comment_status":"closed","ping_status":"open","template":"","meta":[],"product_cat":[172,308],"product_tag":[730,652,714,712],"class_list":["post-11813","product","type-product","status-publish","has-post-thumbnail","hentry","product_cat-akcesoria-dla-lalek","product_cat-trifox","product_tag-karyna","product_tag-otto","product_tag-zagadki-logiczne","product_tag-zagadki-o-zwierzetach"],"_links":{"self":[{"href":"http:\/\/klubmamgdynia.pl\/index.php\/wp-json\/wp\/v2\/product\/11813","targetHints":{"allow":["GET"]}}],"collection":[{"href":"http:\/\/klubmamgdynia.pl\/index.php\/wp-json\/wp\/v2\/product"}],"about":[{"href":"http:\/\/klubmamgdynia.pl\/index.php\/wp-json\/wp\/v2\/types\/product"}],"replies":[{"embeddable":true,"href":"http:\/\/klubmamgdynia.pl\/index.php\/wp-json\/wp\/v2\/comments?post=11813"}],"wp:featuredmedia":[{"embeddable":true,"href":"http:\/\/klubmamgdynia.pl\/index.php\/wp-json\/wp\/v2\/media\/11814"}],"wp:attachment":[{"href":"http:\/\/klubmamgdynia.pl\/index.php\/wp-json\/wp\/v2\/media?parent=11813"}],"wp:term":[{"taxonomy":"product_cat","embeddable":true,"href":"http:\/\/klubmamgdynia.pl\/index.php\/wp-json\/wp\/v2\/product_cat?post=11813"},{"taxonomy":"product_tag","embeddable":true,"href":"http:\/\/klubmamgdynia.pl\/index.php\/wp-json\/wp\/v2\/product_tag?post=11813"}],"curies":[{"name":"wp","href":"https:\/\/api.w.org\/{rel}","templated":true}]}}