{"id":11817,"date":"2020-02-24T03:26:50","date_gmt":"2020-02-24T02:26:50","guid":{"rendered":"http:\/\/klubmamgdynia.pl\/index.php\/produkt\/aig-duze-garnki-kuchnia-zestaw-dla-dzieci-naczynia-xl-zabawka\/"},"modified":"2026-05-17T22:43:43","modified_gmt":"2026-05-17T20:43:43","slug":"aig-duze-garnki-kuchnia-zestaw-dla-dzieci-naczynia-xl-zabawka","status":"publish","type":"product","link":"http:\/\/klubmamgdynia.pl\/index.php\/produkt\/aig-duze-garnki-kuchnia-zestaw-dla-dzieci-naczynia-xl-zabawka\/","title":{"rendered":"Aig Du\u017ce Garnki Kuchnia Zestaw Dla Dzieci Naczynia Xl &#8211; Zabawka"},"content":{"rendered":"<p>Zestaw garnki czerwone NO.5705-2Y<\/p>\n<h2>Aig Du\u017ce Garnki Kuchnia Zestaw Dla Dzieci Naczynia Xl &#8211; Zabawka <\/h2>\n<p>kolorowanka mia i ja, kucyki pony kolorowanka, quiz bajki, kolorowanki ninjago, prezent dla dziewczynki na roczek, zagadki zimowe dla dzieci, ma\u0142y ksi\u0105\u017c\u0119 cytaty o przyja\u017ani, pomysly na prezent na roczek, ju\u017c blisko kol\u0119da tekst<\/p>\n<p>yyyyy<\/p>\n<p>&nbsp;<\/p>\n","protected":false},"excerpt":{"rendered":"<p>Zestaw garnki czerwone NO.5705-2Y Aig Du\u017ce Garnki Kuchnia Zestaw Dla Dzieci Naczynia Xl &#8211; Zabawka kolorowanka mia i ja, kucyki pony kolorowanka, quiz bajki, kolorowanki ninjago, prezent dla dziewczynki na roczek, zagadki zimowe dla dzieci, ma\u0142y ksi\u0105\u017c\u0119 cytaty o przyja\u017ani, pomysly na prezent na roczek, ju\u017c blisko kol\u0119da tekst yyyyy &nbsp;<\/p>\n","protected":false},"featured_media":11818,"comment_status":"closed","ping_status":"open","template":"","meta":[],"product_cat":[53],"product_tag":[680,776,747,760,809,595,694],"class_list":["post-11817","product","type-product","status-publish","has-post-thumbnail","hentry","product_cat-kaciki-zabaw","product_tag-cytaty-z-malego-ksiecia","product_tag-dobrej-nocy","product_tag-malowanki-do-druku","product_tag-zagadka-matematyczna","product_tag-zagadki","product_tag-zagadki-dla-6-latka","product_tag-zagadki-swiateczne-dla-dzieci"],"_links":{"self":[{"href":"http:\/\/klubmamgdynia.pl\/index.php\/wp-json\/wp\/v2\/product\/11817","targetHints":{"allow":["GET"]}}],"collection":[{"href":"http:\/\/klubmamgdynia.pl\/index.php\/wp-json\/wp\/v2\/product"}],"about":[{"href":"http:\/\/klubmamgdynia.pl\/index.php\/wp-json\/wp\/v2\/types\/product"}],"replies":[{"embeddable":true,"href":"http:\/\/klubmamgdynia.pl\/index.php\/wp-json\/wp\/v2\/comments?post=11817"}],"wp:featuredmedia":[{"embeddable":true,"href":"http:\/\/klubmamgdynia.pl\/index.php\/wp-json\/wp\/v2\/media\/11818"}],"wp:attachment":[{"href":"http:\/\/klubmamgdynia.pl\/index.php\/wp-json\/wp\/v2\/media?parent=11817"}],"wp:term":[{"taxonomy":"product_cat","embeddable":true,"href":"http:\/\/klubmamgdynia.pl\/index.php\/wp-json\/wp\/v2\/product_cat?post=11817"},{"taxonomy":"product_tag","embeddable":true,"href":"http:\/\/klubmamgdynia.pl\/index.php\/wp-json\/wp\/v2\/product_tag?post=11817"}],"curies":[{"name":"wp","href":"https:\/\/api.w.org\/{rel}","templated":true}]}}