{"id":1182,"date":"2014-01-17T00:33:55","date_gmt":"2014-01-16T23:33:55","guid":{"rendered":"http:\/\/klubmamgdynia.pl\/index.php\/produkt\/little-tikes-wreck-royale-eksplodujace-autko-ricky-rodder-562856\/"},"modified":"2026-04-24T13:16:58","modified_gmt":"2026-04-24T11:16:58","slug":"little-tikes-wreck-royale-eksplodujace-autko-ricky-rodder-562856","status":"publish","type":"product","link":"http:\/\/klubmamgdynia.pl\/index.php\/produkt\/little-tikes-wreck-royale-eksplodujace-autko-ricky-rodder-562856\/","title":{"rendered":"Little Tikes Wreck Royale Eksploduj\u0105ce Autko Ricky Rodder 562856"},"content":{"rendered":"<p>Little Tikes Wreck Royale Eksploduj\u0105ce Autko Ricky                            <\/p>\n<p>Eksploduj\u0105ce autko Wreck Royale, po zderzeniu ulega awarii &#8211; Wreck Royale ma spr\u0119\u017cynowe zderzaki kt\u00f3re powoduj\u0105, \u017ce auto si\u0119 przewraca, a ich do\u0142\u0105czone cz\u0119\u015bci \u201eeksploduj\u0105\u201d we wszystkich kierunkach.a\u017cdy samoch\u00f3d Wreck Royale jest wyposa\u017cony w ekskluzywne, przezabawne \u201eeksploduj\u0105ce\u201d cz\u0119\u015bci samochodowe, kt\u00f3re dzieci mog\u0105 przymocowa\u0107 do swoich samochod\u00f3w, aby stworzy\u0107 sw\u00f3j w\u0142asny wygl\u0105d pojazdu. Wszystkie \u201eeksploduj\u0105ce\u201d cz\u0119\u015bci Wreck Royale s\u0105 kompatybilne z samochodami z serii Wreck Royale, dzi\u0119ki czemu dzieci mog\u0105 \u0142\u0105czy\u0107 je ze sob\u0105 w dowolny spos\u00f3b z dowolnym pojazdem.                            <\/p>\n<p>Produkty firmy Little Tikes s\u0105 znane i lubiane na wszystkich kontynentach, w wielu domach w\u015br\u00f3d niezliczonej rzeszy u\u015bmiechni\u0119tych dzieci oraz zadowolonych rodzic\u00f3w. Maj\u0105c na uwadze bezpiecze\u0144stwo dzieci, firma Little Tikes wytwarza produkty, kt\u00f3re gwarantuj\u0105 wszystkie niezb\u0119dne normy bezpiecze\u0144stwa. Maj\u0105c na wzgl\u0119dzie wytrzyma\u0142o\u015b\u0107 produkt\u00f3w, zabawki projektowane i produkowane s\u0105 w najbardziej w\u0142a\u015bciwej technologii jak\u0105 jest &#8222;rotomolding&#8221;, gwarantuj\u0105c wspania\u0142\u0105 zabaw\u0119 przez d\u0142ugie lata. Ostrze\u017cenie. Wy\u0142\u0105cznie do u\u017cytku domowego.<\/p>\n<h2>Little Tikes Wreck Royale Eksploduj\u0105ce Autko Ricky Rodder 562856 Little Tikes<\/h2>\n<p>trudne \u0142amig\u0142\u00f3wki, zagadki dla 4 latka do druku, bruno, harry potter kolorowanka, litera r do druku, nauka pisania literek do wydruku pdf, kolorowanki uk\u0142ad s\u0142oneczny, zagadki dla dzieci 4-5 lat, zemsta test wiedzy, ch\u0142opcy z placu broni &#8211; test z odpowiedziami, zagadki o psach<\/p>\n<p>yyyyy<\/p>\n<p>&nbsp;<\/p>\n","protected":false},"excerpt":{"rendered":"<p>Little Tikes Wreck Royale Eksploduj\u0105ce Autko Ricky Eksploduj\u0105ce autko Wreck Royale, po zderzeniu ulega awarii &#8211; Wreck Royale ma spr\u0119\u017cynowe zderzaki kt\u00f3re powoduj\u0105, \u017ce auto si\u0119 przewraca, a ich do\u0142\u0105czone cz\u0119\u015bci \u201eeksploduj\u0105\u201d we wszystkich kierunkach.a\u017cdy samoch\u00f3d Wreck Royale jest wyposa\u017cony w ekskluzywne, przezabawne \u201eeksploduj\u0105ce\u201d cz\u0119\u015bci samochodowe, kt\u00f3re dzieci mog\u0105 przymocowa\u0107 do swoich samochod\u00f3w, aby stworzy\u0107 [&hellip;]<\/p>\n","protected":false},"featured_media":1183,"comment_status":"closed","ping_status":"open","template":"","meta":[],"product_cat":[83,317],"product_tag":[730,860,724],"class_list":["post-1182","product","type-product","status-publish","has-post-thumbnail","hentry","product_cat-auta-i-inne-pojazdy-do-zabawy","product_cat-little-tikes","product_tag-karyna","product_tag-zagadki-logiczne-dla-doroslych","product_tag-zagadki-podchwytliwe"],"_links":{"self":[{"href":"http:\/\/klubmamgdynia.pl\/index.php\/wp-json\/wp\/v2\/product\/1182","targetHints":{"allow":["GET"]}}],"collection":[{"href":"http:\/\/klubmamgdynia.pl\/index.php\/wp-json\/wp\/v2\/product"}],"about":[{"href":"http:\/\/klubmamgdynia.pl\/index.php\/wp-json\/wp\/v2\/types\/product"}],"replies":[{"embeddable":true,"href":"http:\/\/klubmamgdynia.pl\/index.php\/wp-json\/wp\/v2\/comments?post=1182"}],"wp:featuredmedia":[{"embeddable":true,"href":"http:\/\/klubmamgdynia.pl\/index.php\/wp-json\/wp\/v2\/media\/1183"}],"wp:attachment":[{"href":"http:\/\/klubmamgdynia.pl\/index.php\/wp-json\/wp\/v2\/media?parent=1182"}],"wp:term":[{"taxonomy":"product_cat","embeddable":true,"href":"http:\/\/klubmamgdynia.pl\/index.php\/wp-json\/wp\/v2\/product_cat?post=1182"},{"taxonomy":"product_tag","embeddable":true,"href":"http:\/\/klubmamgdynia.pl\/index.php\/wp-json\/wp\/v2\/product_tag?post=1182"}],"curies":[{"name":"wp","href":"https:\/\/api.w.org\/{rel}","templated":true}]}}