{"id":11821,"date":"2024-02-07T17:01:50","date_gmt":"2024-02-07T16:01:50","guid":{"rendered":"http:\/\/klubmamgdynia.pl\/?post_type=product&#038;p=11821"},"modified":"2026-04-03T14:40:18","modified_gmt":"2026-04-03T12:40:18","slug":"cariboo-magnesium-pro-black-mint","status":"publish","type":"product","link":"http:\/\/klubmamgdynia.pl\/index.php\/produkt\/cariboo-magnesium-pro-black-mint\/","title":{"rendered":"Cariboo Magnesium Pro Black-Mint"},"content":{"rendered":"<p>Cariboo Magnesium Pro to ultralekki rowerek biegowy wykonany z innowacyjnego stopu magnezu. Wa\u017cy jedynie 2.50 kg.<\/p>\n<h2>Cariboo Magnesium Pro Black-Mint Cariboo<\/h2>\n<p>dla dzieci warszawa, mini zoo mazowieckie, farma dyni poznan, kira, gra kulki, quiz kajko i kokosz szko\u0142a latania, zabawka dla rocznej dziewczynki, zagadka o wio\u015bnie, jaki prezent na roczek dla dziewczynki, dzie\u0144 nauczyciela teksty, cytaty o dziecku, prezent na urodziny dla nastolatk\u00f3w, jakie s\u0105 dary jesieni, dobrej nocy i sza, zabawki na roczek dla dziewczynki, milan znaczenie imienia, nadia<\/p>\n<p>yyyyy<\/p>\n<p>&nbsp;<\/p>\n","protected":false},"excerpt":{"rendered":"<p>Cariboo Magnesium Pro to ultralekki rowerek biegowy wykonany z innowacyjnego stopu magnezu. Wa\u017cy jedynie 2.50 kg. Cariboo Magnesium Pro Black-Mint Cariboo dla dzieci warszawa, mini zoo mazowieckie, farma dyni poznan, kira, gra kulki, quiz kajko i kokosz szko\u0142a latania, zabawka dla rocznej dziewczynki, zagadka o wio\u015bnie, jaki prezent na roczek dla dziewczynki, dzie\u0144 nauczyciela teksty, [&hellip;]<\/p>\n","protected":false},"featured_media":11822,"comment_status":"closed","ping_status":"open","template":"","meta":[],"product_cat":[2074,453],"product_tag":[765,872,820],"class_list":["post-11821","product","type-product","status-publish","has-post-thumbnail","hentry","product_cat-cariboo","product_cat-rowerki-biegowe","product_tag-atrakcje-dla-dzieci-warszawa","product_tag-zagadki-dla-dzieci-6-lat","product_tag-ziemia-wyspa-zielona-tekst"],"_links":{"self":[{"href":"http:\/\/klubmamgdynia.pl\/index.php\/wp-json\/wp\/v2\/product\/11821","targetHints":{"allow":["GET"]}}],"collection":[{"href":"http:\/\/klubmamgdynia.pl\/index.php\/wp-json\/wp\/v2\/product"}],"about":[{"href":"http:\/\/klubmamgdynia.pl\/index.php\/wp-json\/wp\/v2\/types\/product"}],"replies":[{"embeddable":true,"href":"http:\/\/klubmamgdynia.pl\/index.php\/wp-json\/wp\/v2\/comments?post=11821"}],"wp:featuredmedia":[{"embeddable":true,"href":"http:\/\/klubmamgdynia.pl\/index.php\/wp-json\/wp\/v2\/media\/11822"}],"wp:attachment":[{"href":"http:\/\/klubmamgdynia.pl\/index.php\/wp-json\/wp\/v2\/media?parent=11821"}],"wp:term":[{"taxonomy":"product_cat","embeddable":true,"href":"http:\/\/klubmamgdynia.pl\/index.php\/wp-json\/wp\/v2\/product_cat?post=11821"},{"taxonomy":"product_tag","embeddable":true,"href":"http:\/\/klubmamgdynia.pl\/index.php\/wp-json\/wp\/v2\/product_tag?post=11821"}],"curies":[{"name":"wp","href":"https:\/\/api.w.org\/{rel}","templated":true}]}}