{"id":11825,"date":"2024-04-20T07:38:05","date_gmt":"2024-04-20T05:38:05","guid":{"rendered":"http:\/\/klubmamgdynia.pl\/?post_type=product&#038;p=11825"},"modified":"2026-04-14T19:42:47","modified_gmt":"2026-04-14T17:42:47","slug":"ikonka-maska-do-snurkowania-l-xl-czarna-universal","status":"publish","type":"product","link":"http:\/\/klubmamgdynia.pl\/index.php\/produkt\/ikonka-maska-do-snurkowania-l-xl-czarna-universal\/","title":{"rendered":"Ikonka Maska Do Snurkowania L Xl Czarna Universal"},"content":{"rendered":"<p>MASKA DO SNURKOWANIA PE\u0141NA SK\u0141ADANA L\/XL CZARNAPrze\u017cyj niezapomnian\u0105 przygod\u0119.Snurkowanie czyli p\u0142ywanie powierzchniowe jako aktywna forma wypoczynku jest niezapomnianym prze\u017cyciem. Polega na p\u0142ywaniu po powierzchni wody w masce z fajk\u0105. W odr\u00f3\u017cnienia do nurkowania, osoba chc\u0105ca spr\u00f3bowa\u0107 snurkowania nie musi posiada\u0107 umiej\u0119tno\u015bci p\u0142ywackich. Do takiej formy wypoczynku wystarcz\u0105 podstawowe umiej\u0119tno\u015bci p\u0142ywania, okulary z rurk\u0105 i pasja do przyg\u00f3d.Przyjemno\u015b\u0107 ze snurkowania polega na mo\u017cliwo\u015bci podgl\u0105dania podwodnego \u015bwiata unosz\u0105c si\u0119 na powierzchni wody.Specjalnie zaprojektowana przeznaczona jest do sportu jak i do u\u017cycia rekreacyjnego.Zestaw zawiera mask\u0119 na ca\u0142\u0105 twarz, dzi\u0119ki czemu zapewnia to naturalne oddychanie przez nos czy te\u017c przez usta.System obiegu powietrza zapobiega zaparowaniu maski.Maska zapewnia panoramiczne pole widzenie, a elastyczny, regulowany pasek dopasuje j\u0105 do twarzy.Rurka z systemem &#8222;dry-to&#8221; ogranicza wlewanie si\u0119 wody do faki od g\u00f3ry.Ten zestaw to doskona\u0142a propozycja na wakacje i rodzinne wyjazdy nad wod\u0119.Dane techniczne:Kolor maski: czarnaRozmiar: L\/XLWewn\u0119trzna szeroko\u015b\u0107 maski (mi\u0119dzy wew. silikonem): 12cmWymiary maski (zewn\u0119trzne): 24cm x 22cmWymiary opakowania: 37cm x 27cm x 7cmDOPASOWANIE ROZMIARU!Mierz od mostka nosa do podbr\u00f3dka. Je\u015bli pomiar jest mniejszy ni\u017c 12cm, wybierz rozmiar S\/M. Je\u015bli jest on wi\u0119kszy ni\u017c 12cm, wybierz rozmiar L\/XL.<\/p>\n<h2>Ikonka Maska Do Snurkowania L Xl Czarna Universal Kontext<\/h2>\n<p>bardzo trudne zagadki, bajka psi patrol do czytania, prezent na roczek dla chlopca, zabawka na roczek dla ch\u0142opca, zaproszenia na urodziny do wydruku, karty pracy dla uczni\u00f3w z ukrainy, ko\u0142ysanka tekst, nauka zegara zegar do druku, ewelina, zagadki s\u0142owne, p\u0142atki \u015bniegu szablon, lol surprise kolorowanka, przyjazn, imi\u0119 natan, dobre \u017carty na prima aprilis<\/p>\n<p>yyyyy<\/p>\n<p>&nbsp;<\/p>\n","protected":false},"excerpt":{"rendered":"<p>MASKA DO SNURKOWANIA PE\u0141NA SK\u0141ADANA L\/XL CZARNAPrze\u017cyj niezapomnian\u0105 przygod\u0119.Snurkowanie czyli p\u0142ywanie powierzchniowe jako aktywna forma wypoczynku jest niezapomnianym prze\u017cyciem. Polega na p\u0142ywaniu po powierzchni wody w masce z fajk\u0105. W odr\u00f3\u017cnienia do nurkowania, osoba chc\u0105ca spr\u00f3bowa\u0107 snurkowania nie musi posiada\u0107 umiej\u0119tno\u015bci p\u0142ywackich. Do takiej formy wypoczynku wystarcz\u0105 podstawowe umiej\u0119tno\u015bci p\u0142ywania, okulary z rurk\u0105 i pasja [&hellip;]<\/p>\n","protected":false},"featured_media":11826,"comment_status":"closed","ping_status":"open","template":"","meta":[],"product_cat":[20,2075],"product_tag":[754,681,760,733],"class_list":["post-11825","product","type-product","status-publish","has-post-thumbnail","hentry","product_cat-kontext","product_cat-maski-rurki-i-pletwy","product_tag-dyplomy-do-wydrukowania-a4","product_tag-flagi-europy-quiz","product_tag-zagadka-matematyczna","product_tag-zarty-na-prima-aprilis"],"_links":{"self":[{"href":"http:\/\/klubmamgdynia.pl\/index.php\/wp-json\/wp\/v2\/product\/11825","targetHints":{"allow":["GET"]}}],"collection":[{"href":"http:\/\/klubmamgdynia.pl\/index.php\/wp-json\/wp\/v2\/product"}],"about":[{"href":"http:\/\/klubmamgdynia.pl\/index.php\/wp-json\/wp\/v2\/types\/product"}],"replies":[{"embeddable":true,"href":"http:\/\/klubmamgdynia.pl\/index.php\/wp-json\/wp\/v2\/comments?post=11825"}],"wp:featuredmedia":[{"embeddable":true,"href":"http:\/\/klubmamgdynia.pl\/index.php\/wp-json\/wp\/v2\/media\/11826"}],"wp:attachment":[{"href":"http:\/\/klubmamgdynia.pl\/index.php\/wp-json\/wp\/v2\/media?parent=11825"}],"wp:term":[{"taxonomy":"product_cat","embeddable":true,"href":"http:\/\/klubmamgdynia.pl\/index.php\/wp-json\/wp\/v2\/product_cat?post=11825"},{"taxonomy":"product_tag","embeddable":true,"href":"http:\/\/klubmamgdynia.pl\/index.php\/wp-json\/wp\/v2\/product_tag?post=11825"}],"curies":[{"name":"wp","href":"https:\/\/api.w.org\/{rel}","templated":true}]}}