{"id":11829,"date":"2025-04-19T20:01:11","date_gmt":"2025-04-19T18:01:11","guid":{"rendered":"http:\/\/klubmamgdynia.pl\/?post_type=product&#038;p=11829"},"modified":"2026-04-06T04:02:56","modified_gmt":"2026-04-06T02:02:56","slug":"barbie-lalka-olimpijka-astra-ast-gjl73","status":"publish","type":"product","link":"http:\/\/klubmamgdynia.pl\/index.php\/produkt\/barbie-lalka-olimpijka-astra-ast-gjl73\/","title":{"rendered":"Barbie Lalka Olimpijka Astra Ast. Gjl73"},"content":{"rendered":"<p>Teraz Barbie pozwala by\u0107 cz\u0119\u015bci\u0105 ekscytuj\u0105cych igrzysk olimpijskich! Barbie umo\u017cliwia dziewcz\u0119tom uprawianie sportu, jednocze\u015bnie zachowuj\u0105c ducha przyja\u017ani, solidarno\u015bci i zabawy. Ka\u017cda lalka jest ruchoma i gotowa do rywalizacji, ma na sobie str\u00f3j dopasowany do swojej dyscypliny sportowej z mark\u0105 Barbie i Tokio 2020 oraz zawiera koszulk\u0119 olimpijsk\u0105 Tokio 2020 i \u201ez\u0142oty\u201d medal ze wst\u0105\u017ck\u0105.                            <\/p>\n<p>Barbie wkracza w \u015bwiat igrzysk olimpijskich, obejmuj\u0105c pi\u0119\u0107 nowych sport\u00f3w dodanych do programu olimpijskiego, mo\u017cesz wybra\u0107 karate, skateboarding, softball, wspinaczk\u0119 sportow\u0105 i inne (sprzedawane oddzielnie). R\u00f3\u017cnorodno\u015b\u0107 sylwetek, kolor\u00f3w oczu i fryzur rozwinie zabaw\u0119 i mo\u017cliwo\u015bci opowiadanych historyjek.                            <\/p>\n<p>Nie ograniczaj si\u0119 tylko do jednej roli, bo z Barbie mo\u017cesz by\u0107 kim chcesz! W zestawie lalka ubrana w str\u00f3j i dodatki oraz akcesoria tematyczne. To \u015bwietny prezent dla dzieci w wieku 3 lat i starszych, szczeg\u00f3lnie tych zainteresowanych Igrzyskami Olimpijskimi, sportem i fitnessem! Sprzedawane oddzielnie w zale\u017cno\u015bci od dost\u0119pno\u015bci. Lalki nie stoj\u0105 samodzielnie. Kolory i elementy dekoracyjne mog\u0105 si\u0119 r\u00f3\u017cni\u0107.<\/p>\n<h2>Barbie Lalka Olimpijka Astra Ast. Gjl73 Barbie<\/h2>\n<p>wszystkie flagi \u015bwiata quiz, \u015bwinka peppa bajka do czytania, anio\u0142 rysunek prosty, po\u0142\u0105cz kropki, ubieranki do druku, kolorowe kredki tekst, zagadki dla dzieci 9-10 lat z odpowiedziami, tr\u00f3jmiasto atrakcje dla dzieci, po\u0142\u0105cz kropki do druku, mi\u0142osz imi\u0119, kiedy dzieci zbieraja cukierki na halloween, kolorowanka lego ninjago, znaczenie imiona kinga<\/p>\n<p>yyyyy<\/p>\n<p>&nbsp;<\/p>\n","protected":false},"excerpt":{"rendered":"<p>Teraz Barbie pozwala by\u0107 cz\u0119\u015bci\u0105 ekscytuj\u0105cych igrzysk olimpijskich! Barbie umo\u017cliwia dziewcz\u0119tom uprawianie sportu, jednocze\u015bnie zachowuj\u0105c ducha przyja\u017ani, solidarno\u015bci i zabawy. Ka\u017cda lalka jest ruchoma i gotowa do rywalizacji, ma na sobie str\u00f3j dopasowany do swojej dyscypliny sportowej z mark\u0105 Barbie i Tokio 2020 oraz zawiera koszulk\u0119 olimpijsk\u0105 Tokio 2020 i \u201ez\u0142oty\u201d medal ze wst\u0105\u017ck\u0105. Barbie [&hellip;]<\/p>\n","protected":false},"featured_media":11830,"comment_status":"closed","ping_status":"open","template":"","meta":[],"product_cat":[173,65],"product_tag":[654,602,629,633],"class_list":["post-11829","product","type-product","status-publish","has-post-thumbnail","hentry","product_cat-barbie","product_cat-lalki","product_tag-krotkie-bajki-dla-dzieci-do-czytania","product_tag-quiz-o-zwierzetach-domowych","product_tag-smieszne-zagadki-z-odpowiedziami","product_tag-zagadki-z-odpowiedziami"],"_links":{"self":[{"href":"http:\/\/klubmamgdynia.pl\/index.php\/wp-json\/wp\/v2\/product\/11829","targetHints":{"allow":["GET"]}}],"collection":[{"href":"http:\/\/klubmamgdynia.pl\/index.php\/wp-json\/wp\/v2\/product"}],"about":[{"href":"http:\/\/klubmamgdynia.pl\/index.php\/wp-json\/wp\/v2\/types\/product"}],"replies":[{"embeddable":true,"href":"http:\/\/klubmamgdynia.pl\/index.php\/wp-json\/wp\/v2\/comments?post=11829"}],"wp:featuredmedia":[{"embeddable":true,"href":"http:\/\/klubmamgdynia.pl\/index.php\/wp-json\/wp\/v2\/media\/11830"}],"wp:attachment":[{"href":"http:\/\/klubmamgdynia.pl\/index.php\/wp-json\/wp\/v2\/media?parent=11829"}],"wp:term":[{"taxonomy":"product_cat","embeddable":true,"href":"http:\/\/klubmamgdynia.pl\/index.php\/wp-json\/wp\/v2\/product_cat?post=11829"},{"taxonomy":"product_tag","embeddable":true,"href":"http:\/\/klubmamgdynia.pl\/index.php\/wp-json\/wp\/v2\/product_tag?post=11829"}],"curies":[{"name":"wp","href":"https:\/\/api.w.org\/{rel}","templated":true}]}}