{"id":11831,"date":"2018-11-26T06:41:11","date_gmt":"2018-11-26T05:41:11","guid":{"rendered":"http:\/\/klubmamgdynia.pl\/index.php\/produkt\/llorens-valeria-europejka-w-rozowej-sukience-28cm\/"},"modified":"2026-04-30T23:27:03","modified_gmt":"2026-04-30T21:27:03","slug":"llorens-valeria-europejka-w-rozowej-sukience-28cm","status":"publish","type":"product","link":"http:\/\/klubmamgdynia.pl\/index.php\/produkt\/llorens-valeria-europejka-w-rozowej-sukience-28cm\/","title":{"rendered":"Llorens Valeria Europejka W R\u00f3\u017cowej Sukience 28Cm"},"content":{"rendered":"<p>Zam\u00f3wienia z\u0142o\u017cone do godziny 16, z wysy\u0142k\u0105 za po\u015brednictwem Paczkomat\u00f3w, zwykle realizujemy tego samego dnia.LLORENS. VALERIA EUROPEJKA 28 CMWspaniale wykonana hiszpa\u0144ska lalka od firmy Llorens zachwyci ka\u017cd\u0105 ma\u0142\u0105 i du\u017c\u0105 dziewczynk\u0119.Lalka ma przepi\u0119kne ubranko, dok\u0142adnie wyko\u0144czone i pe\u0142ne detali.Laleczka Valeria ma 28 cm i wykonana jest w ca\u0142o\u015bci z delikatnego, przyjemnego w dotyku winylu.Lala ma pi\u0119kne, niebieskie oczka i blond w\u0142osy z dwoma uroczymi loczkami.Lalka zapakowana jest w eleganckie, kartonowe pude\u0142ko, idealne na prezent.Manufaktura Llorens od lat dok\u0142ada wszelkich stara\u0144 aby ich wyroby by\u0142y doskona\u0142e, autentyczne i pi\u0119kne w ka\u017cdym detalu.Wysoko\u015b\u0107 lalki: ok. 28 cm<\/p>\n<h2>Llorens Valeria Europejka W R\u00f3\u017cowej Sukience 28Cm Llorens<\/h2>\n<p>atrakcje warszawa dla dzieci, aurora imi\u0119, kolorowanki konie, wr\u00f3zby andrzejkowe dla dzieci, opis na dzie\u0144 mamy, papuga kolorowanka, flagi pa\u0144stw quiz, gry i zabawy dla dzieci, kolorowanka prezent, wpad\u0142a bomba do piwnicy, zagadki dla dzieci 7 lat o zwierz\u0119tach, opisy o rodzinie<\/p>\n<p>yyyyy<\/p>\n<p>&nbsp;<\/p>\n","protected":false},"excerpt":{"rendered":"<p>Zam\u00f3wienia z\u0142o\u017cone do godziny 16, z wysy\u0142k\u0105 za po\u015brednictwem Paczkomat\u00f3w, zwykle realizujemy tego samego dnia.LLORENS. VALERIA EUROPEJKA 28 CMWspaniale wykonana hiszpa\u0144ska lalka od firmy Llorens zachwyci ka\u017cd\u0105 ma\u0142\u0105 i du\u017c\u0105 dziewczynk\u0119.Lalka ma przepi\u0119kne ubranko, dok\u0142adnie wyko\u0144czone i pe\u0142ne detali.Laleczka Valeria ma 28 cm i wykonana jest w ca\u0142o\u015bci z delikatnego, przyjemnego w dotyku winylu.Lala ma [&hellip;]<\/p>\n","protected":false},"featured_media":11832,"comment_status":"closed","ping_status":"open","template":"","meta":[],"product_cat":[65,1166],"product_tag":[846,695,587,636],"class_list":["post-11831","product","type-product","status-publish","has-post-thumbnail","hentry","product_cat-lalki","product_cat-llorens","product_tag-rysowanki","product_tag-rzadkie-imiona-zenskie","product_tag-skalne-miasto","product_tag-teksty-kolysanek"],"_links":{"self":[{"href":"http:\/\/klubmamgdynia.pl\/index.php\/wp-json\/wp\/v2\/product\/11831","targetHints":{"allow":["GET"]}}],"collection":[{"href":"http:\/\/klubmamgdynia.pl\/index.php\/wp-json\/wp\/v2\/product"}],"about":[{"href":"http:\/\/klubmamgdynia.pl\/index.php\/wp-json\/wp\/v2\/types\/product"}],"replies":[{"embeddable":true,"href":"http:\/\/klubmamgdynia.pl\/index.php\/wp-json\/wp\/v2\/comments?post=11831"}],"wp:featuredmedia":[{"embeddable":true,"href":"http:\/\/klubmamgdynia.pl\/index.php\/wp-json\/wp\/v2\/media\/11832"}],"wp:attachment":[{"href":"http:\/\/klubmamgdynia.pl\/index.php\/wp-json\/wp\/v2\/media?parent=11831"}],"wp:term":[{"taxonomy":"product_cat","embeddable":true,"href":"http:\/\/klubmamgdynia.pl\/index.php\/wp-json\/wp\/v2\/product_cat?post=11831"},{"taxonomy":"product_tag","embeddable":true,"href":"http:\/\/klubmamgdynia.pl\/index.php\/wp-json\/wp\/v2\/product_tag?post=11831"}],"curies":[{"name":"wp","href":"https:\/\/api.w.org\/{rel}","templated":true}]}}