{"id":11833,"date":"2023-11-27T09:50:36","date_gmt":"2023-11-27T08:50:36","guid":{"rendered":"http:\/\/klubmamgdynia.pl\/?post_type=product&#038;p=11833"},"modified":"2026-04-06T02:26:38","modified_gmt":"2026-04-06T00:26:38","slug":"llorens-lalka-nicole-35-cm-53529","status":"publish","type":"product","link":"http:\/\/klubmamgdynia.pl\/index.php\/produkt\/llorens-lalka-nicole-35-cm-53529\/","title":{"rendered":"Llorens Lalka Nicole 35 cm 53529"},"content":{"rendered":"<p>Llorens Lalka Nicole 35 cm Lalka Nicole zosta\u0142a wyprodukowana przez znan\u0105 ekskluzywn\u0105 hiszpa\u0144sk\u0105 mark\u0119 Llorens Nicole ma na sobie mu\u015blinow\u0105 \u0142ososiow\u0105 sukienk\u0119 oraz kamizelk\u0119 w tym samym kolorze Ciep\u0142a czapka i szalik otulaj\u0105 jej g\u0142ow\u0119 i szyj\u0119 nbsp;Na n\u00f3\u017ckach ma rajstopy i r\u00f3\u017cowe buty z pomponami Nicole ma rude w\u0142osy z grzywk\u0105 d\u0142ugie rz\u0119sy i piegi na policzkach Lalka ma ruchome r\u0105czki i n\u00f3\u017cki co zapewnia dziecku urozmaicon\u0105 zabaw\u0119 Brzuszek laleczki z materia\u0142u wype\u0142niony jest mi\u0119kk\u0105 wy\u015bci\u00f3\u0142k\u0105 Urokliwa lalka do przytulania Lalka jest zapakowana w przepi\u0119knym ozdobny karton idealny na prezent Pokochaj hiszpa\u0144skie lalki Llorens Model: Nicole Wysoko\u015b\u0107: 35 cm<\/p>\n<h2>Llorens Lalka Nicole 35 cm 53529 Llorens<\/h2>\n<p>elzbieta imie, prezenty na roczek dla ch\u0142opca, kolorowanka spiderman, jak zrobi\u0107 du\u017ce jajo wielkanocne, podchwytliwe zagadki dla dzieci, malowanki dla dzieci do druku, wz\u00f3r drzewo genealogiczne szablon do wydruku, piosenka dla taty przedszkole<\/p>\n<p>yyyyy<\/p>\n<p>&nbsp;<\/p>\n","protected":false},"excerpt":{"rendered":"<p>Llorens Lalka Nicole 35 cm Lalka Nicole zosta\u0142a wyprodukowana przez znan\u0105 ekskluzywn\u0105 hiszpa\u0144sk\u0105 mark\u0119 Llorens Nicole ma na sobie mu\u015blinow\u0105 \u0142ososiow\u0105 sukienk\u0119 oraz kamizelk\u0119 w tym samym kolorze Ciep\u0142a czapka i szalik otulaj\u0105 jej g\u0142ow\u0119 i szyj\u0119 nbsp;Na n\u00f3\u017ckach ma rajstopy i r\u00f3\u017cowe buty z pomponami Nicole ma rude w\u0142osy z grzywk\u0105 d\u0142ugie rz\u0119sy i [&hellip;]<\/p>\n","protected":false},"featured_media":11834,"comment_status":"closed","ping_status":"open","template":"","meta":[],"product_cat":[65,1166],"product_tag":[673,683,699,735,608,811],"class_list":["post-11833","product","type-product","status-publish","has-post-thumbnail","hentry","product_cat-lalki","product_cat-llorens","product_tag-juz-blisko-koleda-tekst","product_tag-karaluchy-pod-poduchy","product_tag-kolorowanki-do-druku-dla-dziewczyn","product_tag-prezent-na-roczek-dziewczynka","product_tag-zagadki-i-odpowiedzi","product_tag-zagadki-logiczne-dla-dzieci"],"_links":{"self":[{"href":"http:\/\/klubmamgdynia.pl\/index.php\/wp-json\/wp\/v2\/product\/11833","targetHints":{"allow":["GET"]}}],"collection":[{"href":"http:\/\/klubmamgdynia.pl\/index.php\/wp-json\/wp\/v2\/product"}],"about":[{"href":"http:\/\/klubmamgdynia.pl\/index.php\/wp-json\/wp\/v2\/types\/product"}],"replies":[{"embeddable":true,"href":"http:\/\/klubmamgdynia.pl\/index.php\/wp-json\/wp\/v2\/comments?post=11833"}],"wp:featuredmedia":[{"embeddable":true,"href":"http:\/\/klubmamgdynia.pl\/index.php\/wp-json\/wp\/v2\/media\/11834"}],"wp:attachment":[{"href":"http:\/\/klubmamgdynia.pl\/index.php\/wp-json\/wp\/v2\/media?parent=11833"}],"wp:term":[{"taxonomy":"product_cat","embeddable":true,"href":"http:\/\/klubmamgdynia.pl\/index.php\/wp-json\/wp\/v2\/product_cat?post=11833"},{"taxonomy":"product_tag","embeddable":true,"href":"http:\/\/klubmamgdynia.pl\/index.php\/wp-json\/wp\/v2\/product_tag?post=11833"}],"curies":[{"name":"wp","href":"https:\/\/api.w.org\/{rel}","templated":true}]}}