{"id":11835,"date":"2024-02-11T05:33:21","date_gmt":"2024-02-11T04:33:21","guid":{"rendered":"http:\/\/klubmamgdynia.pl\/?post_type=product&#038;p=11835"},"modified":"2026-05-17T22:37:48","modified_gmt":"2026-05-17T20:37:48","slug":"4m-hodowla-krysztalow-niebieskie-28906","status":"publish","type":"product","link":"http:\/\/klubmamgdynia.pl\/index.php\/produkt\/4m-hodowla-krysztalow-niebieskie-28906\/","title":{"rendered":"4M Hodowla Kryszta\u0142\u00f3w Niebieskie 28906"},"content":{"rendered":"<p>Gwarancja: 24 miesi\u0105ce gwarancji Kod Producenta: Wiek: 10 + lat Rodzaj: Zestaw naukowy Opis: Kolorowe kryszta\u0142y w domach dot\u0105d nie powstawa\u0142y! Nowoczesne do\u015bwiadczenie dla dzieci! Nie przegap tego niewiarygodnego eksperymentu, kt\u00f3ry poszerzy Twoje horyzonty! Wyhoduj wspania\u0142e kryszta\u0142y w kolorze niebieskim! Do dyspozycji masz m.in pojemnik nakryszta\u0142y, pincet\u0119, pr\u0119cik do mieszania i par\u0119 okular\u00f3w ochronnych! Poczuj si\u0119 jak naukowiec. Rezultaty swojej pracy b\u0119dziesz m\u00f3g\u0142 podziwia\u0107 za pomoc\u0105 szk\u0142a powi\u0119kszaj\u0105cego. Hodowla kryszta\u0142\u00f3w to super zabawa! BAW SI\u0118 I UCZ JEDNOCZE\u015aNIE! ZAWARTO\u015a\u0106:butelka z odczynnikiem chemicznym do hodowli kryszta\u0142\u00f3w niebieskich pr\u0119cik do mieszania ma\u0142e szk\u0142o powi\u0119kszaj\u0105ce kubek z tworzywa sztucznego pojemnik na kryszta\u0142y z podzia\u0142k\u0105 pinceta opakowanie ma\u0142ych kamyk\u00f3w para okular\u00f3w ochronnych instrukcja w j\u0119zykupolskim. Wymiary pude\u0142ka: 17x13x6cm. Dla dzieci powy\u017cej 10 roku \u017cycia. Zestaw jest w wysokim stopniu bezpieczny dla dzieci, jednak ze wzgl\u0119d\u00f3w bezpiecze\u0144stwa WYMAGANY JEST \u015aCIS\u0141Y NADZ\u00d3R OSOBY DOROS\u0141EJ, kt\u00f3ra zapozna\u0142a si\u0119 ze \u015brodkami ostro\u017cno\u015bci podanymi w instrukcji.<\/p>\n<h2>4M Hodowla Kryszta\u0142\u00f3w Niebieskie 28906 4M<\/h2>\n<p>bajki terapeutyczne o emocjach pdf, miasto dzieci.pl, kondrad imie, harry potter kolorowanka, pomys\u0142y na prezent na roczek, prezenty urodzinowe dla nastolatk\u00f3w, proste \u017carty na prima aprilis, oskar imi\u0119, prezenty dla rocznego dziecka, koty kolorowanki do druku, zabawy dla dzieci 9-12 lat, znaczenie imienia gabriel<\/p>\n<p>yyyyy<\/p>\n<p>&nbsp;<\/p>\n","protected":false},"excerpt":{"rendered":"<p>Gwarancja: 24 miesi\u0105ce gwarancji Kod Producenta: Wiek: 10 + lat Rodzaj: Zestaw naukowy Opis: Kolorowe kryszta\u0142y w domach dot\u0105d nie powstawa\u0142y! Nowoczesne do\u015bwiadczenie dla dzieci! Nie przegap tego niewiarygodnego eksperymentu, kt\u00f3ry poszerzy Twoje horyzonty! Wyhoduj wspania\u0142e kryszta\u0142y w kolorze niebieskim! Do dyspozycji masz m.in pojemnik nakryszta\u0142y, pincet\u0119, pr\u0119cik do mieszania i par\u0119 okular\u00f3w ochronnych! Poczuj [&hellip;]<\/p>\n","protected":false},"featured_media":11836,"comment_status":"closed","ping_status":"open","template":"","meta":[],"product_cat":[2076,72],"product_tag":[772,700,858,762],"class_list":["post-11835","product","type-product","status-publish","has-post-thumbnail","hentry","product_cat-4m","product_cat-mali-naukowcy","product_tag-45-panstw-europy-i-ich-stolice-quiz","product_tag-bajki-do-czytania-dla-dzieci","product_tag-podchwytliwe-zagadki","product_tag-trudne-zagadki-dla-dzieci"],"_links":{"self":[{"href":"http:\/\/klubmamgdynia.pl\/index.php\/wp-json\/wp\/v2\/product\/11835","targetHints":{"allow":["GET"]}}],"collection":[{"href":"http:\/\/klubmamgdynia.pl\/index.php\/wp-json\/wp\/v2\/product"}],"about":[{"href":"http:\/\/klubmamgdynia.pl\/index.php\/wp-json\/wp\/v2\/types\/product"}],"replies":[{"embeddable":true,"href":"http:\/\/klubmamgdynia.pl\/index.php\/wp-json\/wp\/v2\/comments?post=11835"}],"wp:featuredmedia":[{"embeddable":true,"href":"http:\/\/klubmamgdynia.pl\/index.php\/wp-json\/wp\/v2\/media\/11836"}],"wp:attachment":[{"href":"http:\/\/klubmamgdynia.pl\/index.php\/wp-json\/wp\/v2\/media?parent=11835"}],"wp:term":[{"taxonomy":"product_cat","embeddable":true,"href":"http:\/\/klubmamgdynia.pl\/index.php\/wp-json\/wp\/v2\/product_cat?post=11835"},{"taxonomy":"product_tag","embeddable":true,"href":"http:\/\/klubmamgdynia.pl\/index.php\/wp-json\/wp\/v2\/product_tag?post=11835"}],"curies":[{"name":"wp","href":"https:\/\/api.w.org\/{rel}","templated":true}]}}