{"id":11837,"date":"2012-07-19T10:29:41","date_gmt":"2012-07-19T08:29:41","guid":{"rendered":"http:\/\/klubmamgdynia.pl\/index.php\/produkt\/komputerowy-quiz-biblijny-gra-pc\/"},"modified":"2026-05-17T22:23:55","modified_gmt":"2026-05-17T20:23:55","slug":"komputerowy-quiz-biblijny-gra-pc","status":"publish","type":"product","link":"http:\/\/klubmamgdynia.pl\/index.php\/produkt\/komputerowy-quiz-biblijny-gra-pc\/","title":{"rendered":"Komputerowy Quiz Biblijny (Gra PC)"},"content":{"rendered":"<p>Gracz odpowiada na pytania i rozwi\u0105zuje gry biblijne, a za ka\u017cde prawid\u0142owo wykonane zadanie otrzymuje kawa\u0142ek biblijnej mapy. U\u017cytkownik programu mo\u017ce wybra\u0107 poziom trudno\u015bci pyta\u0144 i tematyk\u0119 zada\u0144, a tak\u017ce zagra\u0107 z drug\u0105 osob\u0105. Komputerowy Quiz Biblijny umo\u017cliwia zdobycie rzetelnej wiedzy na temat Starego i Nowego Testamentu. W nowy i ciekawy spos\u00f3b pozwala przyswoi\u0107 wiadomo\u015bci i zapewnia dobr\u0105 zabaw\u0119. Quiz Biblijny zawiera 600 pyta\u0144, kt\u00f3re s\u0105 tematycznie podzielone na dziesi\u0119\u0107 grup. Opr\u00f3cz pyta\u0144 quizowych w programie znajduje si\u0119 dziesi\u0119\u0107 gier zwi\u0105zanych z Bibli\u0105, pi\u0119\u0107 nawi\u0105zuj\u0105cych do Starego i pi\u0119\u0107 do Nowego Testamentu (wersety biblijne, wyszukiwanie hase\u0142 biblijnych, gry pami\u0119ciowe). Komputerowy Quiz Biblijny jest gr\u0105 edukacyjn\u0105 dla ca\u0142ej rodziny. Mo\u017ce by\u0107 r\u00f3wnie\u017c wykorzystywany jako pomoc katechetyczna.Autorzy: praca zbiorowaData premiery: 2008-04-07EAN: 9788392380030Format: 21&#215;27 cmISBN: 9788392380030Oprawa: twardaRok wydania: 2008Wydawnictwo: Pasterz<\/p>\n<h2>Komputerowy Quiz Biblijny (Gra PC) PASTERZ<\/h2>\n<p>wakacje kolorowanka, prezent dla 19 latka, zabawy na dzie\u0144 dziecka w szkole, quizy flagi<\/p>\n<p>yyyyy<\/p>\n<p>&nbsp;<\/p>\n","protected":false},"excerpt":{"rendered":"<p>Gracz odpowiada na pytania i rozwi\u0105zuje gry biblijne, a za ka\u017cde prawid\u0142owo wykonane zadanie otrzymuje kawa\u0142ek biblijnej mapy. U\u017cytkownik programu mo\u017ce wybra\u0107 poziom trudno\u015bci pyta\u0144 i tematyk\u0119 zada\u0144, a tak\u017ce zagra\u0107 z drug\u0105 osob\u0105. Komputerowy Quiz Biblijny umo\u017cliwia zdobycie rzetelnej wiedzy na temat Starego i Nowego Testamentu. W nowy i ciekawy spos\u00f3b pozwala przyswoi\u0107 wiadomo\u015bci [&hellip;]<\/p>\n","protected":false},"featured_media":11838,"comment_status":"closed","ping_status":"open","template":"","meta":[],"product_cat":[222,2077],"product_tag":[664,730,867,720,711,608],"class_list":["post-11837","product","type-product","status-publish","has-post-thumbnail","hentry","product_cat-gry-pc","product_cat-pasterz","product_tag-atrakcje-dla-dzieci-trojmiasto","product_tag-karyna","product_tag-kolorowanki-dla-dziewczynek","product_tag-malowanki","product_tag-prezenty-dla-nastolatkow","product_tag-zagadki-i-odpowiedzi"],"_links":{"self":[{"href":"http:\/\/klubmamgdynia.pl\/index.php\/wp-json\/wp\/v2\/product\/11837","targetHints":{"allow":["GET"]}}],"collection":[{"href":"http:\/\/klubmamgdynia.pl\/index.php\/wp-json\/wp\/v2\/product"}],"about":[{"href":"http:\/\/klubmamgdynia.pl\/index.php\/wp-json\/wp\/v2\/types\/product"}],"replies":[{"embeddable":true,"href":"http:\/\/klubmamgdynia.pl\/index.php\/wp-json\/wp\/v2\/comments?post=11837"}],"wp:featuredmedia":[{"embeddable":true,"href":"http:\/\/klubmamgdynia.pl\/index.php\/wp-json\/wp\/v2\/media\/11838"}],"wp:attachment":[{"href":"http:\/\/klubmamgdynia.pl\/index.php\/wp-json\/wp\/v2\/media?parent=11837"}],"wp:term":[{"taxonomy":"product_cat","embeddable":true,"href":"http:\/\/klubmamgdynia.pl\/index.php\/wp-json\/wp\/v2\/product_cat?post=11837"},{"taxonomy":"product_tag","embeddable":true,"href":"http:\/\/klubmamgdynia.pl\/index.php\/wp-json\/wp\/v2\/product_tag?post=11837"}],"curies":[{"name":"wp","href":"https:\/\/api.w.org\/{rel}","templated":true}]}}