{"id":11839,"date":"2017-02-01T18:55:55","date_gmt":"2017-02-01T17:55:55","guid":{"rendered":"http:\/\/klubmamgdynia.pl\/index.php\/produkt\/woopie-zestaw-klockow-konstrukcyjnych-atom-czasteczka-96-el\/"},"modified":"2026-05-01T01:56:12","modified_gmt":"2026-04-30T23:56:12","slug":"woopie-zestaw-klockow-konstrukcyjnych-atom-czasteczka-96-el","status":"publish","type":"product","link":"http:\/\/klubmamgdynia.pl\/index.php\/produkt\/woopie-zestaw-klockow-konstrukcyjnych-atom-czasteczka-96-el\/","title":{"rendered":"Woopie Zestaw Klock\u00f3w Konstrukcyjnych Atom Cz\u0105steczka 96 El."},"content":{"rendered":"<p>Zestaw klock\u00f3w konstrukcyjnych atom\u00f3w od marki Woopie to wszystko czego dzieci potrzebuj\u0105, aby rozwija\u0107 zdolno\u015bci umys\u0142owe i jednocze\u015bnie \u015bwietnie si\u0119, przy tym bawi\u0107. Zestaw zawiera 96 szt. klock\u00f3w wykonanych z przyjaznegomateria\u0142u. Klocki s\u0105 wielokolorowe i przypominaj\u0105 cz\u0105steczki atomu. Elementy daj\u0105 mo\u017cliwo\u015b\u0107 uk\u0142adania r\u00f3\u017cnych przestrzennych konstrukcji oraz poziomych kszta\u0142t\u00f3w (w tym: modelu molekularnego, cz\u0142owieka). Uk\u0142adanie klock\u00f3w dostarczy wiele rado\u015bci oraz jest doskona\u0142ym wsparciem dla rozwoju inteligencji Twojego maluszka. Zabawka rozwija zdolno\u015bci motoryczne Twojego dziecka poprzez ruch d\u0142o\u0144mi.Charakterystyka:- wykonane z kolorowego oraz przyjaznego materia\u0142u dla dziecka- du\u017co zabawny i warto\u015bci edukacyjnej- klocki w kszta\u0142cie cz\u0105steczek atomu- mo\u017cliwo\u015b\u0107 u\u0142o\u017cenia r\u00f3\u017cnych przestrzennych konstrukcji oraz poziomych kszta\u0142t\u00f3w (w tym: modelu molekularnego, cz\u0142owieka)- idealne na prezentZabawka rozwija:- zdolno\u015bci motoryczne &#8211; ma\u0142a motoryka- koncentracje, wyobra\u017anie oraz kreatywno\u015b\u0107<\/p>\n<h2>Woopie Zestaw Klock\u00f3w Konstrukcyjnych Atom Cz\u0105steczka 96 El. Woopie<\/h2>\n<p>sabina, prezent dla 14 letniej dziewczyny, zagadki na inteligencj\u0119, wyprawka warszawiaka 2021, mia, hobbit, miasto dzieci.pl, zagadki dla dzieci 4-5 lat online, pch\u0142y na noc, janusz, kotek kolorowanka do druku, mitologia test, wzruszaj\u0105ce teksty dla mamy, dalia imi\u0119, kolorowanki star wars, quiz o polsce dla dzieci, wakacje kolorowanka, \u017c\u0105rty na prima aprilis, bombki do kolorowania, paj\u0105czek na rowerze test<\/p>\n<p>yyyyy<\/p>\n<p>&nbsp;<\/p>\n","protected":false},"excerpt":{"rendered":"<p>Zestaw klock\u00f3w konstrukcyjnych atom\u00f3w od marki Woopie to wszystko czego dzieci potrzebuj\u0105, aby rozwija\u0107 zdolno\u015bci umys\u0142owe i jednocze\u015bnie \u015bwietnie si\u0119, przy tym bawi\u0107. Zestaw zawiera 96 szt. klock\u00f3w wykonanych z przyjaznegomateria\u0142u. Klocki s\u0105 wielokolorowe i przypominaj\u0105 cz\u0105steczki atomu. Elementy daj\u0105 mo\u017cliwo\u015b\u0107 uk\u0142adania r\u00f3\u017cnych przestrzennych konstrukcji oraz poziomych kszta\u0142t\u00f3w (w tym: modelu molekularnego, cz\u0142owieka). Uk\u0142adanie klock\u00f3w [&hellip;]<\/p>\n","protected":false},"featured_media":11840,"comment_status":"closed","ping_status":"open","template":"","meta":[],"product_cat":[113,177],"product_tag":[853,783,876],"class_list":["post-11839","product","type-product","status-publish","has-post-thumbnail","hentry","product_cat-klocki","product_cat-woopie","product_tag-kolorowanki-do-druku-dla-doroslych","product_tag-prezenty-na-roczek-dla-chlopca","product_tag-przyjazn"],"_links":{"self":[{"href":"http:\/\/klubmamgdynia.pl\/index.php\/wp-json\/wp\/v2\/product\/11839","targetHints":{"allow":["GET"]}}],"collection":[{"href":"http:\/\/klubmamgdynia.pl\/index.php\/wp-json\/wp\/v2\/product"}],"about":[{"href":"http:\/\/klubmamgdynia.pl\/index.php\/wp-json\/wp\/v2\/types\/product"}],"replies":[{"embeddable":true,"href":"http:\/\/klubmamgdynia.pl\/index.php\/wp-json\/wp\/v2\/comments?post=11839"}],"wp:featuredmedia":[{"embeddable":true,"href":"http:\/\/klubmamgdynia.pl\/index.php\/wp-json\/wp\/v2\/media\/11840"}],"wp:attachment":[{"href":"http:\/\/klubmamgdynia.pl\/index.php\/wp-json\/wp\/v2\/media?parent=11839"}],"wp:term":[{"taxonomy":"product_cat","embeddable":true,"href":"http:\/\/klubmamgdynia.pl\/index.php\/wp-json\/wp\/v2\/product_cat?post=11839"},{"taxonomy":"product_tag","embeddable":true,"href":"http:\/\/klubmamgdynia.pl\/index.php\/wp-json\/wp\/v2\/product_tag?post=11839"}],"curies":[{"name":"wp","href":"https:\/\/api.w.org\/{rel}","templated":true}]}}