{"id":1184,"date":"2014-10-08T21:14:06","date_gmt":"2014-10-08T19:14:06","guid":{"rendered":"http:\/\/klubmamgdynia.pl\/index.php\/produkt\/silverlit-samochod-zdalnie-sterowany-exost-xbull-ii-gatunek\/"},"modified":"2026-04-26T14:01:04","modified_gmt":"2026-04-26T12:01:04","slug":"silverlit-samochod-zdalnie-sterowany-exost-xbull-ii-gatunek","status":"publish","type":"product","link":"http:\/\/klubmamgdynia.pl\/index.php\/produkt\/silverlit-samochod-zdalnie-sterowany-exost-xbull-ii-gatunek\/","title":{"rendered":"Silverlit Samoch\u00f3d Zdalnie Sterowany Exost Xbull Ii Gatunek"},"content":{"rendered":"<p>Mini bolid terenowy! Zdanie sterowany X &#8211; Bull dzi\u0119ki swoim terenowym oponom mo\u017ce porusza\u0107 si\u0119 z \u0142atwo\u015bci\u0105 po ka\u017cdej powierzchni!- zdalnie sterowany model samochodu off-road- skala 1:18- posiada: niezale\u017cne zawieszenie i gumowe opony- pr\u0119dko\u015b\u0107: 9 km\/h- zasi\u0119g: 20 m- czas dzia\u0142ania: 30 minut- uwaga! potrzebne baterie AA &#8211; nie do\u0142\u0105czone do zestawu- produkt dla dzieci powy\u017cej 5 lat<\/p>\n<h2>Silverlit Samoch\u00f3d Zdalnie Sterowany Exost Xbull Ii Gatunek Silverlit<\/h2>\n<p>kolorowanki dla dziewczynek lol, kolorowanka lol do druku, calineczka test z odpowiedziami, jesienne zagadki, jeremi imi\u0119, quiz o usa, test z lektury ania z zielonego wzg\u00f3rza klasa 6 z odpowiedziami, \u017carty na prima aprilis dla rodzic\u00f3w, imi\u0119 nela, kundel bury tekst, prezent dla 7 latka, w uk\u0142adzie s\u0142onecznym, imi\u0119 iwo, sky kolorowanka, zabawy na dzie\u0144 dziecka w szkole, maski karnawa\u0142owe do druku<\/p>\n<p>yyyyy<\/p>\n<p>&nbsp;<\/p>\n","protected":false},"excerpt":{"rendered":"<p>Mini bolid terenowy! Zdanie sterowany X &#8211; Bull dzi\u0119ki swoim terenowym oponom mo\u017ce porusza\u0107 si\u0119 z \u0142atwo\u015bci\u0105 po ka\u017cdej powierzchni!- zdalnie sterowany model samochodu off-road- skala 1:18- posiada: niezale\u017cne zawieszenie i gumowe opony- pr\u0119dko\u015b\u0107: 9 km\/h- zasi\u0119g: 20 m- czas dzia\u0142ania: 30 minut- uwaga! potrzebne baterie AA &#8211; nie do\u0142\u0105czone do zestawu- produkt dla dzieci [&hellip;]<\/p>\n","protected":false},"featured_media":1185,"comment_status":"closed","ping_status":"open","template":"","meta":[],"product_cat":[146,337],"product_tag":[862,769,794,600],"class_list":["post-1184","product","type-product","status-publish","has-post-thumbnail","hentry","product_cat-silverlit","product_cat-zabawki-zdalnie-sterowane","product_tag-nasza-zima-zla-tekst","product_tag-psi-patrol-do-czytania","product_tag-test-opowiesci-z-narnii-lew-czarownica-i-stara-szafa-do-druku","product_tag-zaproszenia-na-urodziny-do-druku"],"_links":{"self":[{"href":"http:\/\/klubmamgdynia.pl\/index.php\/wp-json\/wp\/v2\/product\/1184","targetHints":{"allow":["GET"]}}],"collection":[{"href":"http:\/\/klubmamgdynia.pl\/index.php\/wp-json\/wp\/v2\/product"}],"about":[{"href":"http:\/\/klubmamgdynia.pl\/index.php\/wp-json\/wp\/v2\/types\/product"}],"replies":[{"embeddable":true,"href":"http:\/\/klubmamgdynia.pl\/index.php\/wp-json\/wp\/v2\/comments?post=1184"}],"wp:featuredmedia":[{"embeddable":true,"href":"http:\/\/klubmamgdynia.pl\/index.php\/wp-json\/wp\/v2\/media\/1185"}],"wp:attachment":[{"href":"http:\/\/klubmamgdynia.pl\/index.php\/wp-json\/wp\/v2\/media?parent=1184"}],"wp:term":[{"taxonomy":"product_cat","embeddable":true,"href":"http:\/\/klubmamgdynia.pl\/index.php\/wp-json\/wp\/v2\/product_cat?post=1184"},{"taxonomy":"product_tag","embeddable":true,"href":"http:\/\/klubmamgdynia.pl\/index.php\/wp-json\/wp\/v2\/product_tag?post=1184"}],"curies":[{"name":"wp","href":"https:\/\/api.w.org\/{rel}","templated":true}]}}