{"id":11841,"date":"2025-10-01T12:22:17","date_gmt":"2025-10-01T10:22:17","guid":{"rendered":"http:\/\/klubmamgdynia.pl\/?post_type=product&#038;p=11841"},"modified":"2026-04-03T21:47:03","modified_gmt":"2026-04-03T19:47:03","slug":"barbie-lalka-rockstar-muzyczna-kariera-ubranka-gdj34","status":"publish","type":"product","link":"http:\/\/klubmamgdynia.pl\/index.php\/produkt\/barbie-lalka-rockstar-muzyczna-kariera-ubranka-gdj34\/","title":{"rendered":"Barbie Lalka Rockstar Muzyczna Kariera Ubranka GDJ34"},"content":{"rendered":"<p>Ten zestaw o tematyce zwi\u0105zanej z karier\u0105 muzyczn\u0105 pomaga m\u0142odym mi\u0142o\u015bnikom muzyki odgrywa\u0107 tak\u017ce swoje najwi\u0119ksze hity.Lalka Barbie jest gotowa do uderzenia w odpowiednie nuty srebrzyst\u0105 gitar\u0105 i r\u00f3\u017cowym paskiem. Mo\u017ce zaj\u0105\u0107 centralne miejsce w swojej r\u00f3\u017cowo-czarnej sukience z siateczki i ma drugi str\u00f3j, drug\u0105 par\u0119 but\u00f3w i naszyjnik do szybkiej zmiany kostiumu.S\u0142uchawki do nagrywania idealnie harmonizuj\u0105 z t\u0105 rockow\u0105 lalk\u0105 Barbie i zestawem ubra\u0144 dla zawodowc\u00f3w.<\/p>\n<h2>Barbie Lalka Rockstar Muzyczna Kariera Ubranka GDJ34 Barbie<\/h2>\n<p>podchwytliwe zagadki dla doros\u0142ych, sara, bajki na dobranoc psi patrol, sentencje o rodzinie, konkurencje sportowe dla dzieci, dawne ko\u0142ysanki teksty, papuga kolorowanka, co dla rocznego dziecka<\/p>\n<p>yyyyy<\/p>\n<p>&nbsp;<\/p>\n","protected":false},"excerpt":{"rendered":"<p>Ten zestaw o tematyce zwi\u0105zanej z karier\u0105 muzyczn\u0105 pomaga m\u0142odym mi\u0142o\u015bnikom muzyki odgrywa\u0107 tak\u017ce swoje najwi\u0119ksze hity.Lalka Barbie jest gotowa do uderzenia w odpowiednie nuty srebrzyst\u0105 gitar\u0105 i r\u00f3\u017cowym paskiem. Mo\u017ce zaj\u0105\u0107 centralne miejsce w swojej r\u00f3\u017cowo-czarnej sukience z siateczki i ma drugi str\u00f3j, drug\u0105 par\u0119 but\u00f3w i naszyjnik do szybkiej zmiany kostiumu.S\u0142uchawki do nagrywania [&hellip;]<\/p>\n","protected":false},"featured_media":11842,"comment_status":"closed","ping_status":"open","template":"","meta":[],"product_cat":[173,65],"product_tag":[624,637,735,591,843,822],"class_list":["post-11841","product","type-product","status-publish","has-post-thumbnail","hentry","product_cat-barbie","product_cat-lalki","product_tag-krotkie-zagadki","product_tag-niech-zyja-wakacje-tekst","product_tag-prezent-na-roczek-dziewczynka","product_tag-quiz-o-minecraft","product_tag-smieszne-zagadki-dla-dzieci","product_tag-wierszyki-o-wakacjach-krotkie"],"_links":{"self":[{"href":"http:\/\/klubmamgdynia.pl\/index.php\/wp-json\/wp\/v2\/product\/11841","targetHints":{"allow":["GET"]}}],"collection":[{"href":"http:\/\/klubmamgdynia.pl\/index.php\/wp-json\/wp\/v2\/product"}],"about":[{"href":"http:\/\/klubmamgdynia.pl\/index.php\/wp-json\/wp\/v2\/types\/product"}],"replies":[{"embeddable":true,"href":"http:\/\/klubmamgdynia.pl\/index.php\/wp-json\/wp\/v2\/comments?post=11841"}],"wp:featuredmedia":[{"embeddable":true,"href":"http:\/\/klubmamgdynia.pl\/index.php\/wp-json\/wp\/v2\/media\/11842"}],"wp:attachment":[{"href":"http:\/\/klubmamgdynia.pl\/index.php\/wp-json\/wp\/v2\/media?parent=11841"}],"wp:term":[{"taxonomy":"product_cat","embeddable":true,"href":"http:\/\/klubmamgdynia.pl\/index.php\/wp-json\/wp\/v2\/product_cat?post=11841"},{"taxonomy":"product_tag","embeddable":true,"href":"http:\/\/klubmamgdynia.pl\/index.php\/wp-json\/wp\/v2\/product_tag?post=11841"}],"curies":[{"name":"wp","href":"https:\/\/api.w.org\/{rel}","templated":true}]}}