{"id":11845,"date":"2022-06-13T16:30:01","date_gmt":"2022-06-13T14:30:01","guid":{"rendered":"http:\/\/klubmamgdynia.pl\/index.php\/produkt\/seria-day-1-the-long-journey-home-gra-pc\/"},"modified":"2026-04-20T20:39:28","modified_gmt":"2026-04-20T18:39:28","slug":"seria-day-1-the-long-journey-home-gra-pc","status":"publish","type":"product","link":"http:\/\/klubmamgdynia.pl\/index.php\/produkt\/seria-day-1-the-long-journey-home-gra-pc\/","title":{"rendered":"Seria Day 1: The Long Journey Home (Gra PC)"},"content":{"rendered":"<p>The Long Journey Home to opracowana z my\u015bl\u0105 o pecetach kosmiczna gra akcji, z du\u017cym sandboksowym uniwersum i elementami roguelike. Gracz wciela si\u0119 w kapitana statku kosmicznego, kt\u00f3ry w wyniku wypadku zostaje wyrzucony w odleg\u0142e rejony galaktyki. Naszym zadaniem jest znalezienie sposobu na powr\u00f3t na Ziemi\u0119.The Long Journey Home to wydany na PC Windows kosmiczny sandbox z elementami roguelike oraz strategii. Produkcj\u0119 opracowa\u0142 zesp\u00f3\u0142 Daedalic West, czyli wewn\u0119trzne studio deweloperskie firmy Daedalic Entertainment, dla kt\u00f3rego jest to debiutancki projekt.T\u0142em akcji jest rozleg\u0142y wycinek kosmosu, g\u0119sto zape\u0142niony planetami, przygodami i obcymi rasami. Tw\u00f3rcy umo\u017cliwili zwiedzanie go bez jakichkolwiek ogranicze\u0144: sami dobieramy tras\u0119, zadania oraz spos\u00f3b ich realizacji. Konieczne jest gromadzenie surowc\u00f3w, walka z wrogami, szukanie artefakt\u00f3w wymar\u0142ych cywilizacji oraz radzenie sobie z si\u0142ami natury, takimi jak anomalie grawitacyjne, promieniowanie lub ekstremalnie wysokie temperatury. Mo\u017cliwe jest tak\u017ce l\u0105dowanie na powierzchniach i zdobywanie tam materia\u0142\u00f3w oraz wykonywanie quest\u00f3w zleconych nam przez inne rasy. Gra posiada system symulowania si\u0142 grawitacyjnych. Kieruj\u0105c statkiem, musimy bra\u0107 poprawk\u0119 na orbity cia\u0142 niebieskich i planowa\u0107 kurs tak, aby ograniczy\u0107 utrat\u0119 paliwa. W czasie zabawy musimy dowodzi\u0107 czteroosobow\u0105 za\u0142og\u0105 i odpowiednio rozdziela\u0107 zadania wed\u0142ug kompetencji wybranych kosmonaut\u00f3w. Autorzy zadbali, aby rozgrywka wype\u0142niona by\u0142a ci\u0119\u017ckimi decyzjami, kt\u00f3rych rezultaty ukszta\u0142tuj\u0105 zar\u00f3wno nasz w\u0142asny los, jak i sytuacj\u0119 ca\u0142ej galaktyki. Dodatkow\u0105 atrakcj\u0105 jest system losowego generowania \u015bwiata, przez co przy ka\u017cdej rozgrywce czekaj\u0105 na nas nowe przygody i zagro\u017cenia. Ponadto dost\u0119pny jest rozbudowany system konwersacji oparty na s\u0142owach kluczowych, pozwalaj\u0105cy nie tylko zasi\u0119ga\u0107 rad podw\u0142adnych, ale r\u00f3wnie\u017c nawi\u0105zywa\u0107 stosunki z obcymi. Co ciekawe, nasze dzia\u0142ania s\u0105 r\u00f3wnie wa\u017cne co s\u0142owa &#8211; np. cz\u0119\u015b\u0107 rozm\u00f3wc\u00f3w mo\u017ce sta\u0107 si\u0119 bardziej podejrzliwa, je\u015bli podlecimy do nich z w\u0142\u0105czonymi tarczami. Z kolei inni Obcy mog\u0105 to uzna\u0107 za oznak\u0119 m\u0105dro\u015bci. R\u00f3wnie\u017c sojusz z jedn\u0105 frakcj\u0105 mo\u017ce przyczyni\u0107 si\u0119 do agresji ze strony innej rasy, a wykonanie pewnych zada\u0144 wp\u0142yn\u0105\u0107 na pogorszenie si\u0119 stosunk\u00f3w z jedn\u0105 z nacji.<\/p>\n<h2>Seria Day 1: The Long Journey Home (Gra PC) Techland<\/h2>\n<p>zabawy dla 5-6 latk\u00f3w, miko\u0142ajek quiz, inteligentne zagadki, dekorowanie kanapek dla dzieci, zagatki, maski na twarz dla dzieci do wydruku, pomys\u0142 na prezent dla nastolatk\u00f3w, maska iron man, quizy ma\u0142y ksi\u0105\u017c\u0119<\/p>\n<p>yyyyy<\/p>\n<p>&nbsp;<\/p>\n","protected":false},"excerpt":{"rendered":"<p>The Long Journey Home to opracowana z my\u015bl\u0105 o pecetach kosmiczna gra akcji, z du\u017cym sandboksowym uniwersum i elementami roguelike. Gracz wciela si\u0119 w kapitana statku kosmicznego, kt\u00f3ry w wyniku wypadku zostaje wyrzucony w odleg\u0142e rejony galaktyki. Naszym zadaniem jest znalezienie sposobu na powr\u00f3t na Ziemi\u0119.The Long Journey Home to wydany na PC Windows kosmiczny [&hellip;]<\/p>\n","protected":false},"featured_media":11846,"comment_status":"closed","ping_status":"open","template":"","meta":[],"product_cat":[222,360],"product_tag":[871,828,738],"class_list":["post-11845","product","type-product","status-publish","has-post-thumbnail","hentry","product_cat-gry-pc","product_cat-techland","product_tag-bajka-o-smoku-wawelskim","product_tag-filmy-wigilijne-dla-dzieci","product_tag-wroclaw-dla-dzieci"],"_links":{"self":[{"href":"http:\/\/klubmamgdynia.pl\/index.php\/wp-json\/wp\/v2\/product\/11845","targetHints":{"allow":["GET"]}}],"collection":[{"href":"http:\/\/klubmamgdynia.pl\/index.php\/wp-json\/wp\/v2\/product"}],"about":[{"href":"http:\/\/klubmamgdynia.pl\/index.php\/wp-json\/wp\/v2\/types\/product"}],"replies":[{"embeddable":true,"href":"http:\/\/klubmamgdynia.pl\/index.php\/wp-json\/wp\/v2\/comments?post=11845"}],"wp:featuredmedia":[{"embeddable":true,"href":"http:\/\/klubmamgdynia.pl\/index.php\/wp-json\/wp\/v2\/media\/11846"}],"wp:attachment":[{"href":"http:\/\/klubmamgdynia.pl\/index.php\/wp-json\/wp\/v2\/media?parent=11845"}],"wp:term":[{"taxonomy":"product_cat","embeddable":true,"href":"http:\/\/klubmamgdynia.pl\/index.php\/wp-json\/wp\/v2\/product_cat?post=11845"},{"taxonomy":"product_tag","embeddable":true,"href":"http:\/\/klubmamgdynia.pl\/index.php\/wp-json\/wp\/v2\/product_tag?post=11845"}],"curies":[{"name":"wp","href":"https:\/\/api.w.org\/{rel}","templated":true}]}}