{"id":11847,"date":"2016-05-16T16:53:27","date_gmt":"2016-05-16T14:53:27","guid":{"rendered":"http:\/\/klubmamgdynia.pl\/index.php\/produkt\/kidkraft-drewniany-stolik-2-krzeselka-bialo-szary-26166\/"},"modified":"2026-04-21T02:20:00","modified_gmt":"2026-04-21T00:20:00","slug":"kidkraft-drewniany-stolik-2-krzeselka-bialo-szary-26166","status":"publish","type":"product","link":"http:\/\/klubmamgdynia.pl\/index.php\/produkt\/kidkraft-drewniany-stolik-2-krzeselka-bialo-szary-26166\/","title":{"rendered":"Kidkraft Drewniany Stolik + 2 Krzese\u0142ka Bia\u0142o-Szary 26166"},"content":{"rendered":"<p>Okr\u0105g\u0142y Stolik z krzese\u0142kami to wielofunkcyjny mebel z nowoczesnym wzornictwem, idealny do pokoju Twojego dziecka! Szaro-bia\u0142a kolorystyka sprawi, \u017ce taki zestaw idealnie wkomponuje si\u0119 do ka\u017cdego wn\u0119trza. Twoje dziecko mo\u017ce wykorzystywa\u0107 stolik do grania w ulubione gry, do malowania lub do wykonywania innych prac plastycznych. Na \u015brodku stolika znajduje si\u0119 zakrywany praktyczny siatkowy schowek na kredki lub inne drobiazgi. PODSTAWOWE INFORMACJE: Solidna konstrukcja z drewna i MDF Wygodny schowek na drobiazgi Nowoczesne wzornictwo Malowanie wykonane bezpiecznymi atestowanymi farbami Ilustrowana instrukcja krok po kroku DANE TECHNICZNE: Wymiary krzese\u0142ka: 30 x 29 x 51 cm Wymiary stolika: 59 x 59 x 44 cm Wierzymy, ze ka\u017cde dziecko potrzebuje inspiracji do odkrywania i wyra\u017cania siebie,tak brzmi maksyma dzia\u0142aj\u0105cej ju\u017c od 1968 roku firmy skupiaj\u0105cej si\u0119 na projektowaniu zabawek edukacyjnych. Kidkraft jest liderem w produkcji drewnianych zabawek oraz akcesori\u00f3w do pokoju dzieci\u0119cego. W ofercie znajduj\u0105 si\u0119 drewniane domki dla lalek, kuchnie, gara\u017ce z samochodami dla ch\u0142opc\u00f3w, tablice dwustronne oraz wiele innych kreatywnych zabawek przy kt\u00f3rych dziecko sp\u0119dzi mn\u00f3stwo radosnych chwil.<\/p>\n<h2>Kidkraft Drewniany Stolik + 2 Krzese\u0142ka Bia\u0142o-Szary 26166 KidKraft<\/h2>\n<p>milena, test asiunia, koty kolorowanka, prosta zagadka, opowie\u015bci z narni lew czarownica i stara szafa test, opisy do zdj\u0119\u0107 z dzieckiem, julian, quizy dla dzieci z bajek, pierwsze urodziny prezent na roczek dla ch\u0142opca, liwia znaczenie imienia, prezent dla nastolatek, nadia, zagadki dla dziewczyny, mitologia grecka test wiedzy, tr\u00f3jmiasto atrakcje dla dzieci, prezent dla siedemnastolatka, kolorowanki do druku, imie nadia, krzy\u017c\u00f3wki dla dzieci, list do gwiazdora, nietypowe atrakcje dla dzieci<\/p>\n<p>yyyyy<\/p>\n<p>&nbsp;<\/p>\n","protected":false},"excerpt":{"rendered":"<p>Okr\u0105g\u0142y Stolik z krzese\u0142kami to wielofunkcyjny mebel z nowoczesnym wzornictwem, idealny do pokoju Twojego dziecka! Szaro-bia\u0142a kolorystyka sprawi, \u017ce taki zestaw idealnie wkomponuje si\u0119 do ka\u017cdego wn\u0119trza. Twoje dziecko mo\u017ce wykorzystywa\u0107 stolik do grania w ulubione gry, do malowania lub do wykonywania innych prac plastycznych. Na \u015brodku stolika znajduje si\u0119 zakrywany praktyczny siatkowy schowek na [&hellip;]<\/p>\n","protected":false},"featured_media":11848,"comment_status":"closed","ping_status":"open","template":"","meta":[],"product_cat":[2052,2051],"product_tag":[702,832,661],"class_list":["post-11847","product","type-product","status-publish","has-post-thumbnail","hentry","product_cat-kidkraft","product_cat-zestawy-mebli-dzieciecych","product_tag-co-kupic-na-roczek-dla-dziewczynki","product_tag-desery-dla-dzieci","product_tag-swinka-peppa-kolorowanka"],"_links":{"self":[{"href":"http:\/\/klubmamgdynia.pl\/index.php\/wp-json\/wp\/v2\/product\/11847","targetHints":{"allow":["GET"]}}],"collection":[{"href":"http:\/\/klubmamgdynia.pl\/index.php\/wp-json\/wp\/v2\/product"}],"about":[{"href":"http:\/\/klubmamgdynia.pl\/index.php\/wp-json\/wp\/v2\/types\/product"}],"replies":[{"embeddable":true,"href":"http:\/\/klubmamgdynia.pl\/index.php\/wp-json\/wp\/v2\/comments?post=11847"}],"wp:featuredmedia":[{"embeddable":true,"href":"http:\/\/klubmamgdynia.pl\/index.php\/wp-json\/wp\/v2\/media\/11848"}],"wp:attachment":[{"href":"http:\/\/klubmamgdynia.pl\/index.php\/wp-json\/wp\/v2\/media?parent=11847"}],"wp:term":[{"taxonomy":"product_cat","embeddable":true,"href":"http:\/\/klubmamgdynia.pl\/index.php\/wp-json\/wp\/v2\/product_cat?post=11847"},{"taxonomy":"product_tag","embeddable":true,"href":"http:\/\/klubmamgdynia.pl\/index.php\/wp-json\/wp\/v2\/product_tag?post=11847"}],"curies":[{"name":"wp","href":"https:\/\/api.w.org\/{rel}","templated":true}]}}