{"id":11849,"date":"2015-08-29T09:50:04","date_gmt":"2015-08-29T07:50:04","guid":{"rendered":"http:\/\/klubmamgdynia.pl\/index.php\/produkt\/p-m-i-zestaw-komplet-stempelkow-2-pak-swinka-peppa-pig-orpp5015\/"},"modified":"2026-05-17T21:59:48","modified_gmt":"2026-05-17T19:59:48","slug":"p-m-i-zestaw-komplet-stempelkow-2-pak-swinka-peppa-pig-orpp5015","status":"publish","type":"product","link":"http:\/\/klubmamgdynia.pl\/index.php\/produkt\/p-m-i-zestaw-komplet-stempelkow-2-pak-swinka-peppa-pig-orpp5015\/","title":{"rendered":"P.M.I. Zestaw Komplet Stempelk\u00f3w 2- Pak \u015awinka Peppa Pig (Orpp5015)"},"content":{"rendered":"<p>Zach\u0119caj dziecko do kreatywnej zabawy i wspieraj jego rozw\u00f3j ju\u017c na wczesnym etapie \u017cycia dzi\u0119ki tym uroczym stempelkom z bohaterami popularnego serialu \u201e\u015awinka Peppa\u201d. Zestaw 5 stempelk\u00f3w ma idealne rozmiary i kszta\u0142ty, odpowiednie dla ma\u0142ych r\u0105czek. Stempelki z powodzeniem mog\u0105 by\u0107 te\u017c wykorzystywane w zabawie jako figurki. Zbierzcie ca\u0142\u0105 kolekcj\u0119 swoich ulubionych postaci \u2013 do wyboru jest a\u017c 12 wzor\u00f3w!\u2022 2 sztuki w zestawie\u2022 12 wzor\u00f3w\u2022 Mog\u0105 by\u0107 wykorzystywane w zabawie jako figurki\u2022 Wysoka jako\u015b\u0107 wykonania\u2022 Materia\u0142: plastik\u2022 Wysoko\u015b\u0107: od 3 do 6 cm\u2022 Wiek: 3+Produkt wyst\u0119puje w r\u00f3\u017cnych wersjach \u2013 wysy\u0142any jest losowo bez mo\u017cliwo\u015bci dokonania wyboru.<\/p>\n<h2>P.M.I. Zestaw Komplet Stempelk\u00f3w 2- Pak \u015awinka Peppa Pig (Orpp5015) Ty<\/h2>\n<p>jak si\u0119 rysuje psa, irma, zagadki dla ma\u0142ych dzieci, julian znaczenie, dobre \u017carty na prima aprilis, konie quiz, znaki drogowe quiz, zagadki dla ma\u0142ych dzieci, stolice europy quiz, natalia, zabawki dla rocznej dziewczynki, \u015bmieszne \u0142ama\u0144ce j\u0119zykowe, po\u0142\u0105cz kropki do druku, traktor do druku, jan pawe\u0142 2 rysunek \u0142atwy dla dzieci, zyczenia walentynkowe dla dzieci<\/p>\n<p>yyyyy<\/p>\n<p>&nbsp;<\/p>\n","protected":false},"excerpt":{"rendered":"<p>Zach\u0119caj dziecko do kreatywnej zabawy i wspieraj jego rozw\u00f3j ju\u017c na wczesnym etapie \u017cycia dzi\u0119ki tym uroczym stempelkom z bohaterami popularnego serialu \u201e\u015awinka Peppa\u201d. Zestaw 5 stempelk\u00f3w ma idealne rozmiary i kszta\u0142ty, odpowiednie dla ma\u0142ych r\u0105czek. Stempelki z powodzeniem mog\u0105 by\u0107 te\u017c wykorzystywane w zabawie jako figurki. Zbierzcie ca\u0142\u0105 kolekcj\u0119 swoich ulubionych postaci \u2013 do [&hellip;]<\/p>\n","protected":false},"featured_media":11850,"comment_status":"closed","ping_status":"open","template":"","meta":[],"product_cat":[95,966],"product_tag":[797,806,595,779],"class_list":["post-11849","product","type-product","status-publish","has-post-thumbnail","hentry","product_cat-figurki-makiety-i-zestawy","product_cat-ty","product_tag-kiekrz","product_tag-prezent-dla-dziecka-na-roczek","product_tag-zagadki-dla-6-latka","product_tag-zarty-na-prima-aprilis-w-domu"],"_links":{"self":[{"href":"http:\/\/klubmamgdynia.pl\/index.php\/wp-json\/wp\/v2\/product\/11849","targetHints":{"allow":["GET"]}}],"collection":[{"href":"http:\/\/klubmamgdynia.pl\/index.php\/wp-json\/wp\/v2\/product"}],"about":[{"href":"http:\/\/klubmamgdynia.pl\/index.php\/wp-json\/wp\/v2\/types\/product"}],"replies":[{"embeddable":true,"href":"http:\/\/klubmamgdynia.pl\/index.php\/wp-json\/wp\/v2\/comments?post=11849"}],"wp:featuredmedia":[{"embeddable":true,"href":"http:\/\/klubmamgdynia.pl\/index.php\/wp-json\/wp\/v2\/media\/11850"}],"wp:attachment":[{"href":"http:\/\/klubmamgdynia.pl\/index.php\/wp-json\/wp\/v2\/media?parent=11849"}],"wp:term":[{"taxonomy":"product_cat","embeddable":true,"href":"http:\/\/klubmamgdynia.pl\/index.php\/wp-json\/wp\/v2\/product_cat?post=11849"},{"taxonomy":"product_tag","embeddable":true,"href":"http:\/\/klubmamgdynia.pl\/index.php\/wp-json\/wp\/v2\/product_tag?post=11849"}],"curies":[{"name":"wp","href":"https:\/\/api.w.org\/{rel}","templated":true}]}}