{"id":11851,"date":"2018-01-08T03:42:22","date_gmt":"2018-01-08T02:42:22","guid":{"rendered":"http:\/\/klubmamgdynia.pl\/index.php\/produkt\/get-packing-edycja-polska\/"},"modified":"2026-05-17T22:23:56","modified_gmt":"2026-05-17T20:23:56","slug":"get-packing-edycja-polska","status":"publish","type":"product","link":"http:\/\/klubmamgdynia.pl\/index.php\/produkt\/get-packing-edycja-polska\/","title":{"rendered":"Get Packing (edycja polska)"},"content":{"rendered":"<p>Get Packing (edycja polska)Dopchnij walizki i ruszaj w drog\u0119!Kt\u00f3\u017c nie marzy o wakacjach? Beztroska, odpoczynek, zabawa Pod palmami, w g\u00f3rach, a mo\u017ce w du\u017cym mie\u015bcie? Niezale\u017cnie gdzie (i jak!) chcemy sp\u0119dzi\u0107 sw\u00f3j wymarzony urlop, \u0142\u0105czy nas jedno: przed wyjazdem musimy spakowa\u0107 walizk\u0119!Get Packing to gra zr\u0119czno\u015bciowa, w kt\u00f3rej uczestnicy rywalizuj\u0105 o to, kto pierwszy spakuje do walizki wszystkie niezb\u0119dne przedmioty i uda mu si\u0119 j\u0105 zamkn\u0105\u0107! Na stole pojawia\u0107 si\u0119 b\u0119d\u0105 kolejne karty lokacji, wskazuj\u0105ce, jakie rzeczy musz\u0105 znale\u017a\u0107 si\u0119 w walizce podczas wyjazdu do danego miejsca. Wszyscy gracze jednocze\u015bnie b\u0119d\u0105 pr\u00f3bowali spe\u0142ni\u0107 wymagania, pr\u00f3buj\u0105c zmie\u015bci\u0107 wskazane przedmioty w walizce, co wcale nie b\u0119dzie takie proste! Ten, kt\u00f3ry zrobi to jako pierwszy, zyskuje kart\u0119, a tym samym jeden punkt.Jak gra\u0107?Ka\u017cdy z graczy bierze i k\u0142adzie przed sob\u0105 plastikow\u0105 walizk\u0119 oraz zestaw 13 figurek &#8211; przedmiot\u00f3w niezb\u0119dnych w podr\u00f3\u017cy. Karty cel\u00f3w nale\u017cy przetasowa\u0107 i umie\u015bci\u0107 na stole zadaniami do do\u0142u.Jeden z graczy ods\u0142ania pierwsz\u0105 kart\u0119 celu. Wszyscy uczestnicy staraj\u0105 si\u0119 jak najszybciej zmie\u015bci\u0107 w walizce przedmioty wskazane na karcie. Osoba, kt\u00f3ra zrobi to jako pierwsza, zakrywa r\u0119k\u0105 kart\u0119, a pozostali gracze sprawdzaj\u0105, czy wykona\u0142a zadanie poprawnie. Zwyci\u0119\u017ca gracz, kt\u00f3ry jako pierwszy zdob\u0119dzie trzy karty!Dlaczego pokochasz t\u0119 gr\u0119?Opr\u00f3cz zr\u0119czno\u015bci, gra Get Packing trenuje r\u00f3wnie\u017c nasze logiczne my\u015blenie! Odpowiednie umieszczenie przedmiot\u00f3w w walizce wcale nie jest tak proste, jak mo\u017ce si\u0119 wydawa\u0107 na pierwszy rzut oka. Nale\u017cy pami\u0119ta\u0107, \u017ce aby zadanie zosta\u0142o zaliczone, walizka musi si\u0119 zamkn\u0105\u0107! I to bez dopychania i skakania po niej!Get Packing zapewnia \u015bwietn\u0105 zabaw\u0119 zar\u00f3wno m\u0142odszym, jak i starszym. Karty cel\u00f3w maj\u0105 r\u00f3\u017cne poziomy trudno\u015bci, wi\u0119c zawsze mo\u017cemy dopasowa\u0107 gr\u0119 do wieku uczestnik\u00f3w. Solidne, plastikowe elementy pozwalaj\u0105 nam cieszy\u0107 si\u0119 gr\u0105 tak d\u0142ugo, jak tylko b\u0119dziemy chcieli.Informacje o produkcieNr katalogowy52753Marka (Zabawki) BrakRodzaj (zabawki::gry) LogiczneLiczba graczy 2 &#8211; 4Czas gry (maks.) 15 minWersja j\u0119zykowa (zabawki::gry\/karciane) PolskaWymagania wiekowe od 6 latP\u0142e\u0107 (zabawki) Dziewczynki i ch\u0142opcyProdukt na baterie NieBaterie w zestawie NieZasilanie Nie dotyczyAkcesoria w zestawie Instrukcja4 walizki4 zestawy po 14 przedmiot\u00f3w30 kart celuPozosta\u0142e parametryWymiary opakowania: 25 x 25 x 5 cm<\/p>\n<h2>Get Packing (edycja polska) Rebel<\/h2>\n<p>gda\u0144sk atrakcje dla m\u0142odzie\u017cy, prezenty dla 7 latki, podchwytliwe zagadki z odpowiedziami, kolorowanki lato, lol kolorowanki, zagadki o wielkanocy dla dzieci, adriana znaczenie imienia, test z lektury miko\u0142ajek do druku, aniela znaczenie imienia, quiz o stolicach europy, kolorowanka wr\u00f3\u017cka, henryk, cookie dough przepis<\/p>\n<p>yyyyy<\/p>\n<p>&nbsp;<\/p>\n","protected":false},"excerpt":{"rendered":"<p>Get Packing (edycja polska)Dopchnij walizki i ruszaj w drog\u0119!Kt\u00f3\u017c nie marzy o wakacjach? Beztroska, odpoczynek, zabawa Pod palmami, w g\u00f3rach, a mo\u017ce w du\u017cym mie\u015bcie? Niezale\u017cnie gdzie (i jak!) chcemy sp\u0119dzi\u0107 sw\u00f3j wymarzony urlop, \u0142\u0105czy nas jedno: przed wyjazdem musimy spakowa\u0107 walizk\u0119!Get Packing to gra zr\u0119czno\u015bciowa, w kt\u00f3rej uczestnicy rywalizuj\u0105 o to, kto pierwszy spakuje [&hellip;]<\/p>\n","protected":false},"featured_media":11852,"comment_status":"closed","ping_status":"open","template":"","meta":[],"product_cat":[373,219],"product_tag":[685,859,696,612,806,600],"class_list":["post-11851","product","type-product","status-publish","has-post-thumbnail","hentry","product_cat-lamiglowki","product_cat-rebel","product_tag-cytaty-o-rodzinie","product_tag-dobranoc-pchly-na-noc","product_tag-film-rodzinny-o-swietach","product_tag-kolorowanki-do-druku","product_tag-prezent-dla-dziecka-na-roczek","product_tag-zaproszenia-na-urodziny-do-druku"],"_links":{"self":[{"href":"http:\/\/klubmamgdynia.pl\/index.php\/wp-json\/wp\/v2\/product\/11851","targetHints":{"allow":["GET"]}}],"collection":[{"href":"http:\/\/klubmamgdynia.pl\/index.php\/wp-json\/wp\/v2\/product"}],"about":[{"href":"http:\/\/klubmamgdynia.pl\/index.php\/wp-json\/wp\/v2\/types\/product"}],"replies":[{"embeddable":true,"href":"http:\/\/klubmamgdynia.pl\/index.php\/wp-json\/wp\/v2\/comments?post=11851"}],"wp:featuredmedia":[{"embeddable":true,"href":"http:\/\/klubmamgdynia.pl\/index.php\/wp-json\/wp\/v2\/media\/11852"}],"wp:attachment":[{"href":"http:\/\/klubmamgdynia.pl\/index.php\/wp-json\/wp\/v2\/media?parent=11851"}],"wp:term":[{"taxonomy":"product_cat","embeddable":true,"href":"http:\/\/klubmamgdynia.pl\/index.php\/wp-json\/wp\/v2\/product_cat?post=11851"},{"taxonomy":"product_tag","embeddable":true,"href":"http:\/\/klubmamgdynia.pl\/index.php\/wp-json\/wp\/v2\/product_tag?post=11851"}],"curies":[{"name":"wp","href":"https:\/\/api.w.org\/{rel}","templated":true}]}}