{"id":11853,"date":"2011-12-19T21:34:47","date_gmt":"2011-12-19T20:34:47","guid":{"rendered":"http:\/\/klubmamgdynia.pl\/index.php\/produkt\/jokomisiada-gumowe-zabawki-dinozaury-do-kapieli-6-szt-za3857\/"},"modified":"2026-05-17T22:33:02","modified_gmt":"2026-05-17T20:33:02","slug":"jokomisiada-gumowe-zabawki-dinozaury-do-kapieli-6-szt-za3857","status":"publish","type":"product","link":"http:\/\/klubmamgdynia.pl\/index.php\/produkt\/jokomisiada-gumowe-zabawki-dinozaury-do-kapieli-6-szt-za3857\/","title":{"rendered":"Jokomisiada Gumowe Zabawki Dinozaury Do K\u0105pieli 6 Szt Za3857"},"content":{"rendered":"<p>Dinusie zabawki piszczki<\/p>\n<h2>Jokomisiada Gumowe Zabawki Dinozaury Do K\u0105pieli 6 Szt Za3857 Jokomisiada<\/h2>\n<p>oryginalny prezent dla nastolatk\u00f3w, szybkie zagadki matematyczne, zabawa dla 7 latka, wierszyki na smigus dyngus, psi patrol do czytania, zabawy ruchowe dla dzieci w przedszkolu, prank na prima aprilis, cytat na dzie\u0144 matki, kolorowanki minecraft, atrakcje dla dzieci wroc\u0142aw 2021, gry i zabawy ruchowe, prezenty dla nastolatk\u00f3w do 50 z\u0142, narodziny dziecka cytat<\/p>\n<p>yyyyy<\/p>\n<p>&nbsp;<\/p>\n","protected":false},"excerpt":{"rendered":"<p>Dinusie zabawki piszczki Jokomisiada Gumowe Zabawki Dinozaury Do K\u0105pieli 6 Szt Za3857 Jokomisiada oryginalny prezent dla nastolatk\u00f3w, szybkie zagadki matematyczne, zabawa dla 7 latka, wierszyki na smigus dyngus, psi patrol do czytania, zabawy ruchowe dla dzieci w przedszkolu, prank na prima aprilis, cytat na dzie\u0144 matki, kolorowanki minecraft, atrakcje dla dzieci wroc\u0142aw 2021, gry i [&hellip;]<\/p>\n","protected":false},"featured_media":11854,"comment_status":"closed","ping_status":"open","template":"","meta":[],"product_cat":[131,1498],"product_tag":[864,844,691,630,856],"class_list":["post-11853","product","type-product","status-publish","has-post-thumbnail","hentry","product_cat-jokomisiada","product_cat-zabawki-do-kapieli","product_tag-basen-warszawa","product_tag-co-kupic-na-roczek","product_tag-gabriel","product_tag-podchwytliwe-zagadki-z-odpowiedziami","product_tag-prezent-dla-16-latki"],"_links":{"self":[{"href":"http:\/\/klubmamgdynia.pl\/index.php\/wp-json\/wp\/v2\/product\/11853","targetHints":{"allow":["GET"]}}],"collection":[{"href":"http:\/\/klubmamgdynia.pl\/index.php\/wp-json\/wp\/v2\/product"}],"about":[{"href":"http:\/\/klubmamgdynia.pl\/index.php\/wp-json\/wp\/v2\/types\/product"}],"replies":[{"embeddable":true,"href":"http:\/\/klubmamgdynia.pl\/index.php\/wp-json\/wp\/v2\/comments?post=11853"}],"wp:featuredmedia":[{"embeddable":true,"href":"http:\/\/klubmamgdynia.pl\/index.php\/wp-json\/wp\/v2\/media\/11854"}],"wp:attachment":[{"href":"http:\/\/klubmamgdynia.pl\/index.php\/wp-json\/wp\/v2\/media?parent=11853"}],"wp:term":[{"taxonomy":"product_cat","embeddable":true,"href":"http:\/\/klubmamgdynia.pl\/index.php\/wp-json\/wp\/v2\/product_cat?post=11853"},{"taxonomy":"product_tag","embeddable":true,"href":"http:\/\/klubmamgdynia.pl\/index.php\/wp-json\/wp\/v2\/product_tag?post=11853"}],"curies":[{"name":"wp","href":"https:\/\/api.w.org\/{rel}","templated":true}]}}