{"id":11855,"date":"2011-04-09T16:47:05","date_gmt":"2011-04-09T14:47:05","guid":{"rendered":"http:\/\/klubmamgdynia.pl\/index.php\/produkt\/berg-rowerek-biegowy-biky-cross-szary\/"},"modified":"2026-04-04T05:24:01","modified_gmt":"2026-04-04T03:24:01","slug":"berg-rowerek-biegowy-biky-cross-szary","status":"publish","type":"product","link":"http:\/\/klubmamgdynia.pl\/index.php\/produkt\/berg-rowerek-biegowy-biky-cross-szary\/","title":{"rendered":"Berg Rowerek biegowy Biky Cross Szary"},"content":{"rendered":"<p>Rowerek biegowy BERG Biky Cross, SzaryDzieci s\u0105 ciekawskie z natury i szybko nudz\u0105 si\u0119 tym, co mo\u017cna zobaczy\u0107 w domu. Szeroki \u015bwiat na \u015bwie\u017cym powietrzu kusi, pe\u0142en przyg\u00f3d i rzeczy do odkrycia. Chodzenie jest powolne, wi\u0119c potrzeba k\u00f3\u0142ek. Najlepiej takich, kt\u00f3re b\u0119d\u0105 najbardziej odpowiednie. W ofercie BERG Biky na pewno znajdziesz idealny rowerek biegowy. Wybierz jeden i ruszaj\u2026 w szeroki \u015bwiat!Wolisz zej\u015b\u0107 z utartych szlak\u00f3w? Chcesz je\u017adzi\u0107 po trawie i b\u0142ocie? W takim razie Biky Cross jest w\u0142a\u015bnie dla Ciebie. Dzi\u0119ki lekkim aluminiowym felgom i anodowanym na z\u0142oto przednim widelcom (tak, rzeczywi\u015bcie!) masz luksus na ko\u0142ach. Wyj\u0105tkowe siode\u0142ko zapewnia wyj\u0105tkowo sportowe siedzenie. Po prostu si\u0105d\u017a i ruszaj!Bezpiecze\u0144stwo jest oczywi\u015bcie najwa\u017cniejsze dla Ciebie, jako poszukiwacza przyg\u00f3d. Dlatego wszystkie modele s\u0105 wyposa\u017cone w regulator steruj\u0105cy z dwoma po\u0142o\u017ceniami: tryb awaryjny zapewniaj\u0105cy bezpieczny start i tryb umiej\u0119tno\u015bci umo\u017cliwiaj\u0105cy szybk\u0105 jazd\u0119. Nie ma ostrych kraw\u0119dzi ani wystaj\u0105cych cz\u0119\u015bci, a podn\u00f3\u017cki s\u0105 integraln\u0105 cz\u0119\u015bci\u0105 projektu. Jest to bezpieczniejsze dla Ciebie, a Tw\u00f3j rower jest mniej podatny na uszkodzenia.Aby uzyska\u0107 jeszcze wi\u0119ksze bezpiecze\u0144stwo i d\u0142u\u017csz\u0105 zabaw\u0119, mo\u017cesz wybiera\u0107 spo\u015br\u00f3d wszelkiego rodzaju akcesori\u00f3w. Warto zaopatrzy\u0107 si\u0119 w kask dla wi\u0119kszego bezpiecze\u0144stwa, a dzi\u0119ki fladze b\u0119dziesz mie\u0107 pewno\u015b\u0107, \u017ce doro\u015bli w samochodach r\u00f3wnie\u017c Ci\u0119 zobacz\u0105. N\u00f3\u017cka postojowa oznacza, \u017ce mo\u017cesz zaparkowa\u0107 rower w dowolnym miejscu.<\/p>\n<h2>Berg Rowerek biegowy Biky Cross Szary Berg<\/h2>\n<p>ja\u015bmina, kr\u00f3tkie bajki dla dzieci, kiedy dzieci chodza na halloween, zgadywanki, znaczenie imienia julian, krak\u00f3w atrakcje dla dzieci, ch\u0142opcy z placu broni &#8211; test z odpowiedziami, zagadki o przyborach szkolnych, test z lektury asiunia, zabawka na roczek dla ch\u0142opca, quizy i zagadki wielkanocne, wierszyki na dobranoc dla dzieci, zabawy halloweenowe dla dzieci, bajka o smoku wawelskim, \u017carty prima aprilis, zadania dla 7 latka do druku, gry planszowe dla nastolatk\u00f3w, gry dla m\u0142odzie\u017cy<\/p>\n<p>yyyyy<\/p>\n<p>&nbsp;<\/p>\n","protected":false},"excerpt":{"rendered":"<p>Rowerek biegowy BERG Biky Cross, SzaryDzieci s\u0105 ciekawskie z natury i szybko nudz\u0105 si\u0119 tym, co mo\u017cna zobaczy\u0107 w domu. Szeroki \u015bwiat na \u015bwie\u017cym powietrzu kusi, pe\u0142en przyg\u00f3d i rzeczy do odkrycia. Chodzenie jest powolne, wi\u0119c potrzeba k\u00f3\u0142ek. Najlepiej takich, kt\u00f3re b\u0119d\u0105 najbardziej odpowiednie. W ofercie BERG Biky na pewno znajdziesz idealny rowerek biegowy. Wybierz [&hellip;]<\/p>\n","protected":false},"featured_media":11856,"comment_status":"closed","ping_status":"open","template":"","meta":[],"product_cat":[2078,453],"product_tag":[660,598,670,595,800,615],"class_list":["post-11855","product","type-product","status-publish","has-post-thumbnail","hentry","product_cat-berg","product_cat-rowerki-biegowe","product_tag-bianka","product_tag-co-na-roczek-dla-dziewczynki","product_tag-irma","product_tag-zagadki-dla-6-latka","product_tag-zagadki-smieszne","product_tag-znane-misie-z-filmow-animowanych"],"_links":{"self":[{"href":"http:\/\/klubmamgdynia.pl\/index.php\/wp-json\/wp\/v2\/product\/11855","targetHints":{"allow":["GET"]}}],"collection":[{"href":"http:\/\/klubmamgdynia.pl\/index.php\/wp-json\/wp\/v2\/product"}],"about":[{"href":"http:\/\/klubmamgdynia.pl\/index.php\/wp-json\/wp\/v2\/types\/product"}],"replies":[{"embeddable":true,"href":"http:\/\/klubmamgdynia.pl\/index.php\/wp-json\/wp\/v2\/comments?post=11855"}],"wp:featuredmedia":[{"embeddable":true,"href":"http:\/\/klubmamgdynia.pl\/index.php\/wp-json\/wp\/v2\/media\/11856"}],"wp:attachment":[{"href":"http:\/\/klubmamgdynia.pl\/index.php\/wp-json\/wp\/v2\/media?parent=11855"}],"wp:term":[{"taxonomy":"product_cat","embeddable":true,"href":"http:\/\/klubmamgdynia.pl\/index.php\/wp-json\/wp\/v2\/product_cat?post=11855"},{"taxonomy":"product_tag","embeddable":true,"href":"http:\/\/klubmamgdynia.pl\/index.php\/wp-json\/wp\/v2\/product_tag?post=11855"}],"curies":[{"name":"wp","href":"https:\/\/api.w.org\/{rel}","templated":true}]}}