{"id":11857,"date":"2012-04-16T23:22:43","date_gmt":"2012-04-16T21:22:43","guid":{"rendered":"http:\/\/klubmamgdynia.pl\/index.php\/produkt\/strider-rowerek-biegowy-12-classic-green\/"},"modified":"2026-04-20T13:28:36","modified_gmt":"2026-04-20T11:28:36","slug":"strider-rowerek-biegowy-12-classic-green","status":"publish","type":"product","link":"http:\/\/klubmamgdynia.pl\/index.php\/produkt\/strider-rowerek-biegowy-12-classic-green\/","title":{"rendered":"Strider Rowerek Biegowy 12 Classic Green"},"content":{"rendered":"<p>Strider 12 Classic to nasz podstawowy model, kt\u00f3ry jest wyposa\u017cony w nasze super lekkie opony, kt\u00f3re s\u0105 gotowe do podj\u0119cia najtrudniejszego wyzwania, jak\u0105 mog\u0105 wymy\u015bli\u0107 dzieci. Lekka, stalowa rama zosta\u0142a specjalnie skonstruowana z my\u015bl\u0105 o wytrzyma\u0142o\u015bci na poziomie dziecka i ma najni\u017csz\u0105 wysoko\u015b\u0107 siedziska w rowerze biegowym, dzi\u0119ki czemu nawet najmniejsze dzieci mog\u0105 je\u017adzi\u0107 wygodnie. Strider 12 Classic to wspania\u0142y, pozbawiony ozd\u00f3b wyb\u00f3r, kt\u00f3ry daje ka\u017cdemu dziecku szans\u0119 na prze\u017cycie prostej rado\u015bci z prawdziwego roweru Strider (przynajmniej do drzemki).<\/p>\n<h2>Strider Rowerek Biegowy 12 Classic Green Strider<\/h2>\n<p>tabliczka mno\u017cenia kolorowanki do wydruku, na wyspach bergamutach, flagi \u015bwiata quiz, zygzak mcqueen kolorowanka, leon imi\u0119, wakacje kolorowanka, zagadki logiczne matematyczne dla dzieci, ci\u0119\u017ckie zagadki, warszawa atrakcje dla m\u0142odzie\u017cy, prezenty na roczek dla ch\u0142opca<\/p>\n<p>yyyyy<\/p>\n<p>&nbsp;<\/p>\n","protected":false},"excerpt":{"rendered":"<p>Strider 12 Classic to nasz podstawowy model, kt\u00f3ry jest wyposa\u017cony w nasze super lekkie opony, kt\u00f3re s\u0105 gotowe do podj\u0119cia najtrudniejszego wyzwania, jak\u0105 mog\u0105 wymy\u015bli\u0107 dzieci. Lekka, stalowa rama zosta\u0142a specjalnie skonstruowana z my\u015bl\u0105 o wytrzyma\u0142o\u015bci na poziomie dziecka i ma najni\u017csz\u0105 wysoko\u015b\u0107 siedziska w rowerze biegowym, dzi\u0119ki czemu nawet najmniejsze dzieci mog\u0105 je\u017adzi\u0107 wygodnie. [&hellip;]<\/p>\n","protected":false},"featured_media":11858,"comment_status":"closed","ping_status":"open","template":"","meta":[],"product_cat":[453,1490],"product_tag":[638,774,608],"class_list":["post-11857","product","type-product","status-publish","has-post-thumbnail","hentry","product_cat-rowerki-biegowe","product_cat-strider","product_tag-miastodzieci","product_tag-prezent-na-roczek-nie-zabawka","product_tag-zagadki-i-odpowiedzi"],"_links":{"self":[{"href":"http:\/\/klubmamgdynia.pl\/index.php\/wp-json\/wp\/v2\/product\/11857","targetHints":{"allow":["GET"]}}],"collection":[{"href":"http:\/\/klubmamgdynia.pl\/index.php\/wp-json\/wp\/v2\/product"}],"about":[{"href":"http:\/\/klubmamgdynia.pl\/index.php\/wp-json\/wp\/v2\/types\/product"}],"replies":[{"embeddable":true,"href":"http:\/\/klubmamgdynia.pl\/index.php\/wp-json\/wp\/v2\/comments?post=11857"}],"wp:featuredmedia":[{"embeddable":true,"href":"http:\/\/klubmamgdynia.pl\/index.php\/wp-json\/wp\/v2\/media\/11858"}],"wp:attachment":[{"href":"http:\/\/klubmamgdynia.pl\/index.php\/wp-json\/wp\/v2\/media?parent=11857"}],"wp:term":[{"taxonomy":"product_cat","embeddable":true,"href":"http:\/\/klubmamgdynia.pl\/index.php\/wp-json\/wp\/v2\/product_cat?post=11857"},{"taxonomy":"product_tag","embeddable":true,"href":"http:\/\/klubmamgdynia.pl\/index.php\/wp-json\/wp\/v2\/product_tag?post=11857"}],"curies":[{"name":"wp","href":"https:\/\/api.w.org\/{rel}","templated":true}]}}