{"id":11859,"date":"2011-11-14T19:38:21","date_gmt":"2011-11-14T18:38:21","guid":{"rendered":"http:\/\/klubmamgdynia.pl\/index.php\/produkt\/cruzee-rowerek-biegowy-rozowy-biale-kola\/"},"modified":"2026-04-06T02:49:38","modified_gmt":"2026-04-06T00:49:38","slug":"cruzee-rowerek-biegowy-rozowy-biale-kola","status":"publish","type":"product","link":"http:\/\/klubmamgdynia.pl\/index.php\/produkt\/cruzee-rowerek-biegowy-rozowy-biale-kola\/","title":{"rendered":"Cruzee Rowerek Biegowy R\u00f3\u017cowy Bia\u0142e Ko\u0142a"},"content":{"rendered":"<p>Cruzee Rowerek Biegowy R\u00f3\u017cowy Bia\u0142e Ko\u0142a<\/p>\n<p>CRUZEE jest najl\u017cejszym na rynku i \u015bwietnie zaprojektowanym<br \/>\nrowerkiem biegowym &#8211; idealnym do nauki jazdy dla dzieci. Jego dopasowana do<br \/>\ndzieci\u0119cej anatomii geometria oraz solidne wykonanie czyni go niezaprzeczalnym<br \/>\nliderem w\u015br\u00f3d rowerk\u00f3w biegowych. Jego atuty pomagaj\u0105 dzieciom w efektywnej i<br \/>\nszybkiej nauce balansu i zdobywaniu pierwszych umiej\u0119tno\u015bci niezb\u0119dnych podczas<br \/>\ndalszej nauki jazdy na rowerze w peda\u0142ami. Niska, ultralekka, aluminiowa rama.<br \/>\nWygodna, regulowana kierownica z antypo\u015blizgowymi uchwytami. Regulowane,<br \/>\nwyprofilowane, mi\u0119kkie siode\u0142ko. Szybkozamykacz do regulacji wysoko\u015bci siode\u0142ka<br \/>\ni kierownicy.                             <\/p>\n<p>Pe\u0142ne, bezobs\u0142ugowe opony na 12 calowych ko\u0142ach.<br \/>\nNajwa\u017cniejsze zalety: 1. Jest lekki \u2013 smuk\u0142a, aluminiowa rama wraz z ko\u0142ami i<br \/>\npozosta\u0142ymi elementami wa\u017c\u0105 tylko 2 kg 2. Ro\u015bnie razem z dzieckiem \u2013 posiada<br \/>\nregulacj\u0119 wysoko\u015bci kierownicy oraz siode\u0142ka, a dodatkowo w zestawie otrzymasz<br \/>\ndrug\u0105 \u2013 d\u0142u\u017csza sztyc\u0119 dla wi\u0119kszych dzieci. 3. P\u0142ynnie jedzie \u2013 dzi\u0119ki<br \/>\nwykorzystaniu k\u00f3\u0142 z \u0142o\u017cyskami oraz bezd\u0119tkowymi oponami EVA, jazda na rowerku<br \/>\njest komfortowa i przyjemna. 4. Sprzyja nauce balansu \u2013 dzi\u0119ki dobrze<br \/>\nzaprojektowanej geometrii ramy, m\u0142odzi rowerzy\u015bci je\u017cd\u017c\u0105 w naturalnej pozycji<br \/>\ncia\u0142a, przypominaj\u0105cej ch\u00f3d lub bieg, co nie powoduje powstawania dodatkowego<br \/>\nstresu oraz niech\u0119ci do pr\u00f3bowania jazdy.                             <\/p>\n<p>Podstawowe parametry: &#8211; wiek dziecka: od 18 miesi\u0119cy do 5<br \/>\nlat &#8211; wysoko\u015b\u0107 siode\u0142ka: od 28 do 48 cm (dwie sztyce) &#8211; waga roweru: 1,9 kg &#8211;<br \/>\nsiode\u0142ko: mi\u0119kkie z piankow\u0105 wy\u015bci\u00f3\u0142k\u0105 &#8211; mocowanie siode\u0142ka i kierownicy:<br \/>\nsamozatrzask Jak prezentuje si\u0119 CRUZEE w rzeczywisto\u015bci &#8211; zobacz sam: Na koniec<br \/>\nkilka uwag praktycznych dla rodzic\u00f3w i opiekun\u00f3w: &#8211; poniewa\u017c rowerek jest<br \/>\nwykonany z aluminium &#8211; nie rdzewieje &#8211; mo\u017cna go u\u017cywa\u0107 w ka\u0142u\u017cach i p\u0142ytkiej wodzie<br \/>\n(brzeg morza, jeziora etc.)                             <\/p>\n<p>&#8211; poniewa\u017c ko\u0142a s\u0105 wykonane z pianki EVA &#8211; nie ma ryzyka<br \/>\nprzebicia i konieczno\u015bci wymiany d\u0119tek &#8211; poniewa\u017c jest ultralekki &#8211; jako rodzic<br \/>\nnie musisz interweniowa\u0107 w ka\u017cdej sytuacji, poniewa\u017c dziecko bez problemu<br \/>\npodniesie go samo &#8211; poniewa\u017c jest wyposa\u017cony w szybkozamywacz &#8211; nie wymaga<br \/>\nu\u017cycia narz\u0119dzi &#8211; wyregulujesz wysoko\u015b\u0107 siode\u0142ka i kierownicy w ka\u017cdym czasie i<br \/>\nmiejscu. Je\u017celi to Ci\u0119 przekona\u0142o &#8211; zapraszamy do zakup\u00f3w.Je\u017celi masz dodatkowe<br \/>\npytania &#8211; skontaktuj si\u0119 z nami telefonicznie lub napisz &#8211; jeste\u015bmy do<br \/>\ndyspozycji.<\/p>\n<h2>Cruzee Rowerek Biegowy R\u00f3\u017cowy Bia\u0142e Ko\u0142a cruzee<\/h2>\n<p>wroc\u0142aw i okolice atrakcje, prezent dla dziecka 1 rok, kawa\u0142y na prima aprilis dla rodzic\u00f3w, cytat rodzina, karty pracy obrazki do wyklejania plastelin\u0105, quiz flagi \u015bwiata, misie z bajek, jednoro\u017cec kolorowanka do druku, kolorowanka minionki, bajka o smoku, \u015bw przemys\u0142aw, kolorowanki wed\u0142ug kodu do druku, \u017cyczenia na lany poniedzia\u0142ek wielkanocny, maski dla dzieci do druku, w\u0119gierska g\u00f3rka, prezenty dla 16 latki, darmowe kolorowanki kolorowanki dla dziewczynek, kotki kolorowanka, prezent na roczek od babci<\/p>\n<p>yyyyy<\/p>\n<p>&nbsp;<\/p>\n","protected":false},"excerpt":{"rendered":"<p>Cruzee Rowerek Biegowy R\u00f3\u017cowy Bia\u0142e Ko\u0142a CRUZEE jest najl\u017cejszym na rynku i \u015bwietnie zaprojektowanym rowerkiem biegowym &#8211; idealnym do nauki jazdy dla dzieci. Jego dopasowana do dzieci\u0119cej anatomii geometria oraz solidne wykonanie czyni go niezaprzeczalnym liderem w\u015br\u00f3d rowerk\u00f3w biegowych. Jego atuty pomagaj\u0105 dzieciom w efektywnej i szybkiej nauce balansu i zdobywaniu pierwszych umiej\u0119tno\u015bci niezb\u0119dnych podczas [&hellip;]<\/p>\n","protected":false},"featured_media":11860,"comment_status":"closed","ping_status":"open","template":"","meta":[],"product_cat":[2079,453],"product_tag":[687,804,694,615],"class_list":["post-11859","product","type-product","status-publish","has-post-thumbnail","hentry","product_cat-cruzee","product_cat-rowerki-biegowe","product_tag-podchwytliwe-zagadki-matematyczne","product_tag-ryz-z-owocami","product_tag-zagadki-swiateczne-dla-dzieci","product_tag-znane-misie-z-filmow-animowanych"],"_links":{"self":[{"href":"http:\/\/klubmamgdynia.pl\/index.php\/wp-json\/wp\/v2\/product\/11859","targetHints":{"allow":["GET"]}}],"collection":[{"href":"http:\/\/klubmamgdynia.pl\/index.php\/wp-json\/wp\/v2\/product"}],"about":[{"href":"http:\/\/klubmamgdynia.pl\/index.php\/wp-json\/wp\/v2\/types\/product"}],"replies":[{"embeddable":true,"href":"http:\/\/klubmamgdynia.pl\/index.php\/wp-json\/wp\/v2\/comments?post=11859"}],"wp:featuredmedia":[{"embeddable":true,"href":"http:\/\/klubmamgdynia.pl\/index.php\/wp-json\/wp\/v2\/media\/11860"}],"wp:attachment":[{"href":"http:\/\/klubmamgdynia.pl\/index.php\/wp-json\/wp\/v2\/media?parent=11859"}],"wp:term":[{"taxonomy":"product_cat","embeddable":true,"href":"http:\/\/klubmamgdynia.pl\/index.php\/wp-json\/wp\/v2\/product_cat?post=11859"},{"taxonomy":"product_tag","embeddable":true,"href":"http:\/\/klubmamgdynia.pl\/index.php\/wp-json\/wp\/v2\/product_tag?post=11859"}],"curies":[{"name":"wp","href":"https:\/\/api.w.org\/{rel}","templated":true}]}}