{"id":11863,"date":"2017-11-18T22:26:36","date_gmt":"2017-11-18T21:26:36","guid":{"rendered":"http:\/\/klubmamgdynia.pl\/index.php\/produkt\/gra-planszowa-egmont-potwory-w-tokio\/"},"modified":"2026-04-06T06:35:30","modified_gmt":"2026-04-06T04:35:30","slug":"gra-planszowa-egmont-potwory-w-tokio","status":"publish","type":"product","link":"http:\/\/klubmamgdynia.pl\/index.php\/produkt\/gra-planszowa-egmont-potwory-w-tokio\/","title":{"rendered":"Gra planszowa Egmont Potwory w Tokio"},"content":{"rendered":"<p>Wciel si\u0119 w jednego z potwor\u00f3w i do\u0142\u0105cz do walki o dominacje nad Tokio. Atakuj inne potwory, lecz swoje rany i zdobywaj energi\u0119, kt\u00f3ra pozwoli ci sta\u0107 si\u0119 jeszcze bardziej przera\u017caj\u0105cym monstrum. Istniej\u0105 dwie drogi do zwyci\u0119stwa: zniszczenie Tokio lub unicestwienie innych potwor\u00f3w. Kt\u00f3r\u0105 ty wybierzesz?                            <\/p>\n<p>Autorem gry jest Richard Garfield. Ameryka\u0144ski profesor matematyki oraz tw\u00f3rca najpopularniejszej na \u015bwiecie kolekcjonerskiej gry karcianej: Magic the Gathering. Rewelacyjne ilustracje s\u0105 autorstwa Benjamina Raynala.                            <\/p>\n<p>            Obejrzyj wideo-recenzj\u0119:<\/p>\n<h2>Gra planszowa Egmont Potwory w Tokio Egmont<\/h2>\n<p>testy z lektury opowie\u015bci z narnii lew czarownica i stara szafa, zagadki o zwierz\u0119tach, maska karnawa\u0142owa pdf, gry planszowe dla nastolatk\u00f3w, krak\u00f3w atrakcje dla dzieci, bajka o \u017cabie, wulkan z sody, julian znaczenie, test z lektury magiczne drzewo czerwone krzes\u0142o, anio\u0142ki do druku, myszka miki kolorowanka<\/p>\n<p>yyyyy<\/p>\n<p>&nbsp;<\/p>\n","protected":false},"excerpt":{"rendered":"<p>Wciel si\u0119 w jednego z potwor\u00f3w i do\u0142\u0105cz do walki o dominacje nad Tokio. Atakuj inne potwory, lecz swoje rany i zdobywaj energi\u0119, kt\u00f3ra pozwoli ci sta\u0107 si\u0119 jeszcze bardziej przera\u017caj\u0105cym monstrum. Istniej\u0105 dwie drogi do zwyci\u0119stwa: zniszczenie Tokio lub unicestwienie innych potwor\u00f3w. Kt\u00f3r\u0105 ty wybierzesz? Autorem gry jest Richard Garfield. Ameryka\u0144ski profesor matematyki oraz [&hellip;]<\/p>\n","protected":false},"featured_media":11864,"comment_status":"closed","ping_status":"open","template":"","meta":[],"product_cat":[229,235],"product_tag":[761,859,578,867,612,586,632],"class_list":["post-11863","product","type-product","status-publish","has-post-thumbnail","hentry","product_cat-egmont","product_cat-gry-planszowe","product_tag-choinko-piekna-jak-las-tekst","product_tag-dobranoc-pchly-na-noc","product_tag-fajne-zarty-na-prima-aprilis","product_tag-kolorowanki-dla-dziewczynek","product_tag-kolorowanki-do-druku","product_tag-smieszne-zagadki","product_tag-warszawa-atrakcje-dla-mlodziezy"],"_links":{"self":[{"href":"http:\/\/klubmamgdynia.pl\/index.php\/wp-json\/wp\/v2\/product\/11863","targetHints":{"allow":["GET"]}}],"collection":[{"href":"http:\/\/klubmamgdynia.pl\/index.php\/wp-json\/wp\/v2\/product"}],"about":[{"href":"http:\/\/klubmamgdynia.pl\/index.php\/wp-json\/wp\/v2\/types\/product"}],"replies":[{"embeddable":true,"href":"http:\/\/klubmamgdynia.pl\/index.php\/wp-json\/wp\/v2\/comments?post=11863"}],"wp:featuredmedia":[{"embeddable":true,"href":"http:\/\/klubmamgdynia.pl\/index.php\/wp-json\/wp\/v2\/media\/11864"}],"wp:attachment":[{"href":"http:\/\/klubmamgdynia.pl\/index.php\/wp-json\/wp\/v2\/media?parent=11863"}],"wp:term":[{"taxonomy":"product_cat","embeddable":true,"href":"http:\/\/klubmamgdynia.pl\/index.php\/wp-json\/wp\/v2\/product_cat?post=11863"},{"taxonomy":"product_tag","embeddable":true,"href":"http:\/\/klubmamgdynia.pl\/index.php\/wp-json\/wp\/v2\/product_tag?post=11863"}],"curies":[{"name":"wp","href":"https:\/\/api.w.org\/{rel}","templated":true}]}}