{"id":11869,"date":"2021-01-06T03:00:38","date_gmt":"2021-01-06T02:00:38","guid":{"rendered":"http:\/\/klubmamgdynia.pl\/index.php\/produkt\/moskitiera-siatka-magnetyczna-na-drzwi-110220cm\/"},"modified":"2026-04-30T09:28:18","modified_gmt":"2026-04-30T07:28:18","slug":"moskitiera-siatka-magnetyczna-na-drzwi-110220cm","status":"publish","type":"product","link":"http:\/\/klubmamgdynia.pl\/index.php\/produkt\/moskitiera-siatka-magnetyczna-na-drzwi-110220cm\/","title":{"rendered":"Moskitiera siatka magnetyczna na drzwi 110*220cm"},"content":{"rendered":"<p>Pe\u0142ny opis produktu jest dost\u0119pny na stronie sklepu internetowego.<\/p>\n<h2>Moskitiera siatka magnetyczna na drzwi 110*220cm Kontext<\/h2>\n<p>traktor z przyczep\u0105 kolorowanka, nietypowe atrakcje dla dzieci, maska dinozaura, imi\u0119 kostek, lol surprise kolorowanka, wroc\u0142aw atrakcje dla dzieci<\/p>\n<p>yyyyy<\/p>\n<p>&nbsp;<\/p>\n","protected":false},"excerpt":{"rendered":"<p>Pe\u0142ny opis produktu jest dost\u0119pny na stronie sklepu internetowego. Moskitiera siatka magnetyczna na drzwi 110*220cm Kontext traktor z przyczep\u0105 kolorowanka, nietypowe atrakcje dla dzieci, maska dinozaura, imi\u0119 kostek, lol surprise kolorowanka, wroc\u0142aw atrakcje dla dzieci yyyyy &nbsp;<\/p>\n","protected":false},"featured_media":11870,"comment_status":"closed","ping_status":"open","template":"","meta":[],"product_cat":[20,2080],"product_tag":[740,750,744,684,623],"class_list":["post-11869","product","type-product","status-publish","has-post-thumbnail","hentry","product_cat-kontext","product_cat-parawany-i-przeslony","product_tag-fajne-prezenty-dla-nastolatkow","product_tag-imie-kostek","product_tag-kolorowanki-swiateczne-do-wydruku","product_tag-prezent-dla-dziewczynki-na-roczek","product_tag-zagadki-logiczne-smieszne"],"_links":{"self":[{"href":"http:\/\/klubmamgdynia.pl\/index.php\/wp-json\/wp\/v2\/product\/11869","targetHints":{"allow":["GET"]}}],"collection":[{"href":"http:\/\/klubmamgdynia.pl\/index.php\/wp-json\/wp\/v2\/product"}],"about":[{"href":"http:\/\/klubmamgdynia.pl\/index.php\/wp-json\/wp\/v2\/types\/product"}],"replies":[{"embeddable":true,"href":"http:\/\/klubmamgdynia.pl\/index.php\/wp-json\/wp\/v2\/comments?post=11869"}],"wp:featuredmedia":[{"embeddable":true,"href":"http:\/\/klubmamgdynia.pl\/index.php\/wp-json\/wp\/v2\/media\/11870"}],"wp:attachment":[{"href":"http:\/\/klubmamgdynia.pl\/index.php\/wp-json\/wp\/v2\/media?parent=11869"}],"wp:term":[{"taxonomy":"product_cat","embeddable":true,"href":"http:\/\/klubmamgdynia.pl\/index.php\/wp-json\/wp\/v2\/product_cat?post=11869"},{"taxonomy":"product_tag","embeddable":true,"href":"http:\/\/klubmamgdynia.pl\/index.php\/wp-json\/wp\/v2\/product_tag?post=11869"}],"curies":[{"name":"wp","href":"https:\/\/api.w.org\/{rel}","templated":true}]}}