{"id":11871,"date":"2020-05-18T07:59:10","date_gmt":"2020-05-18T05:59:10","guid":{"rendered":"http:\/\/klubmamgdynia.pl\/index.php\/produkt\/berjuan-lalka-mosquidolls-jednorozec-24cm\/"},"modified":"2026-04-29T00:19:52","modified_gmt":"2026-04-28T22:19:52","slug":"berjuan-lalka-mosquidolls-jednorozec-24cm","status":"publish","type":"product","link":"http:\/\/klubmamgdynia.pl\/index.php\/produkt\/berjuan-lalka-mosquidolls-jednorozec-24cm\/","title":{"rendered":"Berjuan Lalka Mosquidolls Jednoro\u017cec 24Cm"},"content":{"rendered":"<p>Lalki w 100% produkowane w Hiszpanii z winylu. Spe\u0142niaj\u0105 wszelkie rygorystyczne normy bezpiecze\u0144stwa wymagane na rynku Unii Europejskiej.Lalka wykonana jest z wysokiej jako\u015bci pachn\u0105cego winylu, do produkcji kt\u00f3rego nie zosta\u0142y u\u017cyte szkodliwe dla zdrowia ftalany!Numer katalogowy: 50300Laleczka zosta\u0142a wykonana w ca\u0142o\u015bci z najlepszej jako\u015bci, hiszpa\u0144skiego winylu. Podczas jej tworzenia do materia\u0142u dodano naturaln\u0105 esencj\u0119 w mikrokapsu\u0142kach, kt\u00f3ra odstrasza komary. Podczas pocierania esencja si\u0119 uwalnia, rozpoczynaj\u0105c ochron\u0119 przed komarami. Esencja dzia\u0142a przez oko\u0142o 6 miesi\u0119cy.Wysoko\u015b\u0107 laleczki: 22 cmLaleczka Peque Baby posiada:majteczki,p\u0142aszczyk z kapturkiem.Odpowiednia dla dzieci powy\u017cej 4 roku \u017cycia<\/p>\n<h2>Berjuan Lalka Mosquidolls Jednoro\u017cec 24Cm Berjuan<\/h2>\n<p>opowie\u015bci z narni test, test z lektury opowie\u015bci z narnii lew czarownica i stara szafa z odpowiedziami, matylda imi\u0119, medrcy swiata, matylda imie, audiobooki dla dzieci za darmo, prezent dla nastolatk\u00f3w ch\u0142opc\u00f3w, \u0142amig\u0142\u00f3wki s\u0142owne, plac zamkowy, leon imi\u0119, kolorowanka antystresowa, wycinanki dla dzieci do druku, ubieranki do druku, prezent na roczek nie zabawka, bajki dla niemowl\u0105t, jan pawe\u0142 2 rysunek \u0142atwy dla dzieci, jak zrobi\u0107 du\u017ce jajo wielkanocne<\/p>\n<p>yyyyy<\/p>\n<p>&nbsp;<\/p>\n","protected":false},"excerpt":{"rendered":"<p>Lalki w 100% produkowane w Hiszpanii z winylu. Spe\u0142niaj\u0105 wszelkie rygorystyczne normy bezpiecze\u0144stwa wymagane na rynku Unii Europejskiej.Lalka wykonana jest z wysokiej jako\u015bci pachn\u0105cego winylu, do produkcji kt\u00f3rego nie zosta\u0142y u\u017cyte szkodliwe dla zdrowia ftalany!Numer katalogowy: 50300Laleczka zosta\u0142a wykonana w ca\u0142o\u015bci z najlepszej jako\u015bci, hiszpa\u0144skiego winylu. Podczas jej tworzenia do materia\u0142u dodano naturaln\u0105 esencj\u0119 w [&hellip;]<\/p>\n","protected":false},"featured_media":11872,"comment_status":"closed","ping_status":"open","template":"","meta":[],"product_cat":[943,65],"product_tag":[660,593,737,872,811],"class_list":["post-11871","product","type-product","status-publish","has-post-thumbnail","hentry","product_cat-berjuan","product_cat-lalki","product_tag-bianka","product_tag-jak-narysowac-konia","product_tag-test-z-lektury-felix-net-i-nika-oraz-gang-niewidzialnych-ludzi","product_tag-zagadki-dla-dzieci-6-lat","product_tag-zagadki-logiczne-dla-dzieci"],"_links":{"self":[{"href":"http:\/\/klubmamgdynia.pl\/index.php\/wp-json\/wp\/v2\/product\/11871","targetHints":{"allow":["GET"]}}],"collection":[{"href":"http:\/\/klubmamgdynia.pl\/index.php\/wp-json\/wp\/v2\/product"}],"about":[{"href":"http:\/\/klubmamgdynia.pl\/index.php\/wp-json\/wp\/v2\/types\/product"}],"replies":[{"embeddable":true,"href":"http:\/\/klubmamgdynia.pl\/index.php\/wp-json\/wp\/v2\/comments?post=11871"}],"wp:featuredmedia":[{"embeddable":true,"href":"http:\/\/klubmamgdynia.pl\/index.php\/wp-json\/wp\/v2\/media\/11872"}],"wp:attachment":[{"href":"http:\/\/klubmamgdynia.pl\/index.php\/wp-json\/wp\/v2\/media?parent=11871"}],"wp:term":[{"taxonomy":"product_cat","embeddable":true,"href":"http:\/\/klubmamgdynia.pl\/index.php\/wp-json\/wp\/v2\/product_cat?post=11871"},{"taxonomy":"product_tag","embeddable":true,"href":"http:\/\/klubmamgdynia.pl\/index.php\/wp-json\/wp\/v2\/product_tag?post=11871"}],"curies":[{"name":"wp","href":"https:\/\/api.w.org\/{rel}","templated":true}]}}