{"id":11873,"date":"2013-09-05T10:00:12","date_gmt":"2013-09-05T08:00:12","guid":{"rendered":"http:\/\/klubmamgdynia.pl\/index.php\/produkt\/hti-peppa-pig-zestaw-walizka-2w1-1684666-66611-zabawka\/"},"modified":"2026-05-17T22:46:19","modified_gmt":"2026-05-17T20:46:19","slug":"hti-peppa-pig-zestaw-walizka-2w1-1684666-66611-zabawka","status":"publish","type":"product","link":"http:\/\/klubmamgdynia.pl\/index.php\/produkt\/hti-peppa-pig-zestaw-walizka-2w1-1684666-66611-zabawka\/","title":{"rendered":"Hti Peppa Pig Zestaw Walizka 2W1 1684666 66611 &#8211; Zabawka"},"content":{"rendered":"<p>DU\u017bY ZESTAW \u015aWINKA PEPPA 25 AKCESORI\u00d3W WALIZKA 2W1Walizka 25 akcesori\u00f3w \u015bwinka PeppaZosta\u0142 stworzony przez firm\u0119 HTI. Zabawkowy zestaw r\u00f3\u017cnych akcesori\u00f3w z czerwon\u0105 walizk\u0105 Peppa. W zestawie znajduje si\u0119 a\u017c 25 element\u00f3w, z kt\u00f3rych wiele posiada logo ze \u015awink\u0105 Pepp\u0105. Zestaw pozwoli dzieciom wcieli\u0107 si\u0119 w r\u00f3\u017cne role, od kucharki po lekarza.W zestawie \u015awinki Peppy znajduj\u0105 si\u0119:walizka, kubek,korona, naszyjnik, r\u00f3\u017cd\u017cka, kolczyki, bransoletka, pier\u015bcionekwa\u0142ek, talerzyk, \u0142y\u017ceczka, du\u017ca \u0142y\u017cka,termometr, stetoskop, lusterko, no\u017cyczki, m\u0142oteczek,pojemniczek pudru, strzykawka, p\u0119seta.Dane techniczne:zabawka przeznaczona dla dzieci powy\u017cej 3 roku \u017cyciazawarto\u015b\u0107 zestawu: r\u00f3\u017cne zabawkowe akcesoriailo\u015b\u0107 element\u00f3w: 25wymiary opakowania: 53 x 38 x 8 cmkod producenta: 1684666<\/p>\n<h2>Hti Peppa Pig Zestaw Walizka 2W1 1684666 66611 &#8211; Zabawka Hti<\/h2>\n<p>prezenty dla nastolatk\u00f3w na dzie\u0144 dziecka, ch\u0142opcy z placu broni &#8211; test, kr\u00f3tkie bajki do czytania, zabawy na bal karnawa\u0142owy w przedszkolu, filmy wigilijne dla dzieci, historia pluszowego misia dla dzieci, sonia imi\u0119, zabawy z pi\u0142k\u0105 dla dzieci, platformy edukacyjne dla dzieci<\/p>\n<p>yyyyy<\/p>\n<p>&nbsp;<\/p>\n","protected":false},"excerpt":{"rendered":"<p>DU\u017bY ZESTAW \u015aWINKA PEPPA 25 AKCESORI\u00d3W WALIZKA 2W1Walizka 25 akcesori\u00f3w \u015bwinka PeppaZosta\u0142 stworzony przez firm\u0119 HTI. Zabawkowy zestaw r\u00f3\u017cnych akcesori\u00f3w z czerwon\u0105 walizk\u0105 Peppa. W zestawie znajduje si\u0119 a\u017c 25 element\u00f3w, z kt\u00f3rych wiele posiada logo ze \u015awink\u0105 Pepp\u0105. Zestaw pozwoli dzieciom wcieli\u0107 si\u0119 w r\u00f3\u017cne role, od kucharki po lekarza.W zestawie \u015awinki Peppy znajduj\u0105 [&hellip;]<\/p>\n","protected":false},"featured_media":11874,"comment_status":"closed","ping_status":"open","template":"","meta":[],"product_cat":[2081,53],"product_tag":[716,851,614,630,759,627,872],"class_list":["post-11873","product","type-product","status-publish","has-post-thumbnail","hentry","product_cat-hti","product_cat-kaciki-zabaw","product_tag-filmy-animowane-o-swietach","product_tag-jak-narysowac-kota","product_tag-pia","product_tag-podchwytliwe-zagadki-z-odpowiedziami","product_tag-pomysly-na-prezent-dla-nastolatkow","product_tag-quiz-dzieci-z-bullerbyn","product_tag-zagadki-dla-dzieci-6-lat"],"_links":{"self":[{"href":"http:\/\/klubmamgdynia.pl\/index.php\/wp-json\/wp\/v2\/product\/11873","targetHints":{"allow":["GET"]}}],"collection":[{"href":"http:\/\/klubmamgdynia.pl\/index.php\/wp-json\/wp\/v2\/product"}],"about":[{"href":"http:\/\/klubmamgdynia.pl\/index.php\/wp-json\/wp\/v2\/types\/product"}],"replies":[{"embeddable":true,"href":"http:\/\/klubmamgdynia.pl\/index.php\/wp-json\/wp\/v2\/comments?post=11873"}],"wp:featuredmedia":[{"embeddable":true,"href":"http:\/\/klubmamgdynia.pl\/index.php\/wp-json\/wp\/v2\/media\/11874"}],"wp:attachment":[{"href":"http:\/\/klubmamgdynia.pl\/index.php\/wp-json\/wp\/v2\/media?parent=11873"}],"wp:term":[{"taxonomy":"product_cat","embeddable":true,"href":"http:\/\/klubmamgdynia.pl\/index.php\/wp-json\/wp\/v2\/product_cat?post=11873"},{"taxonomy":"product_tag","embeddable":true,"href":"http:\/\/klubmamgdynia.pl\/index.php\/wp-json\/wp\/v2\/product_tag?post=11873"}],"curies":[{"name":"wp","href":"https:\/\/api.w.org\/{rel}","templated":true}]}}