{"id":11877,"date":"2021-07-30T08:27:15","date_gmt":"2021-07-30T06:27:15","guid":{"rendered":"http:\/\/klubmamgdynia.pl\/index.php\/produkt\/kidkraft-domek-dla-lalek-sweet-savannah-65851\/"},"modified":"2026-04-19T02:28:07","modified_gmt":"2026-04-19T00:28:07","slug":"kidkraft-domek-dla-lalek-sweet-savannah-65851","status":"publish","type":"product","link":"http:\/\/klubmamgdynia.pl\/index.php\/produkt\/kidkraft-domek-dla-lalek-sweet-savannah-65851\/","title":{"rendered":"Kidkraft Domek Dla Lalek Sweet Savannah 65851"},"content":{"rendered":"<p>Kidkraft domek dla lalekNiesamowite i magiczne miejsce dla lalek, stw\u00f3rz dla nich w\u0142asne miejsce na ziemi. Fantastyczna zabawa dla dziewczynek. Ten domek Kidkraft to a\u017c 3 pi\u0119tra pe\u0142ne kolorowego i \u015blicznego wyposa\u017cenia &#8211; meble i akcesoria. Taka powierzchnia pozwoli na zabaw\u0119 pe\u0142n\u0105 frajdy nie tylko jednemu dziecku, ale nawet kilkorgu. Poznaj model Sweet Savannah &#8211; jeden z najbardziej uroczych, rozpoznawalnych i docenianych przez dzieci domku dla lalek od Kidkraft, ameryka\u0144skiej firmy znanej na ca\u0142ym \u015bwiecie, s\u0142yn\u0105cej z wysokiej jako\u015bci swych wyrob\u00f3w, tradycji i idei, aby sprawia\u0107 rado\u015b\u0107 i powodowa\u0107 u\u015bmiech na twarzach maluch\u00f3w.Drewniany domek dla lalek Sweet Savannah dla dzieci od lat 3 firmy KidKraft sk\u0142ada si\u0119 z:- 14 szt kolorowych mebelk\u00f3w i akcesori\u00f3w- 3 pi\u0119tra, 4 pomieszczenia- Balkon- Taras- Stylowe schody- \u0141\u00f3\u017cko z baldachimem- Wystarczaj\u0105co du\u017cy do zabawy dla kilkorga dzieci- Stabilna konstrukcja- Pasuje do wszystkich lalek do 30 cm ( Barbie,Steffi )- Wykonany z drewna, MDF i plastiku- Wymaga monta\u017cu- Instrukcja obrazkowa krok po krokuWierzymy, ze ka\u017cde dziecko potrzebuje inspiracji do odkrywania i wyra\u017cania siebie,tak brzmi maksyma dzia\u0142aj\u0105cej ju\u017c od 1968 roku firmy skupiaj\u0105cej si\u0119 na projektowaniu zabawek edukacyjnych. Kidkraft jest liderem w produkcji drewnianych zabawek oraz akcesori\u00f3w do pokoju dzieci\u0119cego.W ofercie znajduj\u0105 si\u0119 drewniane domki dla lalek, kuchnie, gara\u017ce z samochodami dla ch\u0142opc\u00f3w, tablice dwustronne oraz wiele innych kreatywnych zabawek przy kt\u00f3rych dziecko sp\u0119dzi mn\u00f3stwo radosnych chwil.Wiek:3-8 lat<\/p>\n<h2>Kidkraft Domek Dla Lalek Sweet Savannah 65851 KidKraft<\/h2>\n<p>el\u017cbieta imi\u0119, ciekawostki o je\u017cach, maski do druku kolorowe, film animowany o \u015bwi\u0119tach, minecraft quiz, kanapeczki na urodziny dziecka, estera, krak\u00f3w atrakcje dla dzieci, asiunia test z lektury, zima z\u0142a tekst, kolorowanka spiderman, bajki do czytania psi patrol, quizy o miko\u0142ajku, auto kolorowanka, bajka na dobranoc do czytania, cytaty o wychowaniu i nauczaniu, co mo\u017cna zrobi\u0107 na prima aprilis, quiz online, prezent dla jedenastolatka<\/p>\n<p>yyyyy<\/p>\n<p>&nbsp;<\/p>\n","protected":false},"excerpt":{"rendered":"<p>Kidkraft domek dla lalekNiesamowite i magiczne miejsce dla lalek, stw\u00f3rz dla nich w\u0142asne miejsce na ziemi. Fantastyczna zabawa dla dziewczynek. Ten domek Kidkraft to a\u017c 3 pi\u0119tra pe\u0142ne kolorowego i \u015blicznego wyposa\u017cenia &#8211; meble i akcesoria. Taka powierzchnia pozwoli na zabaw\u0119 pe\u0142n\u0105 frajdy nie tylko jednemu dziecku, ale nawet kilkorgu. Poznaj model Sweet Savannah &#8211; [&hellip;]<\/p>\n","protected":false},"featured_media":11878,"comment_status":"closed","ping_status":"open","template":"","meta":[],"product_cat":[1635,2052],"product_tag":[829,861,682,620],"class_list":["post-11877","product","type-product","status-publish","has-post-thumbnail","hentry","product_cat-domki-dla-lalek","product_cat-kidkraft","product_tag-bajki-do-czytania-na-dobranoc","product_tag-jak-narysowac-psa","product_tag-przyjazn-cytaty","product_tag-quiz-opowiesci-z-narnii"],"_links":{"self":[{"href":"http:\/\/klubmamgdynia.pl\/index.php\/wp-json\/wp\/v2\/product\/11877","targetHints":{"allow":["GET"]}}],"collection":[{"href":"http:\/\/klubmamgdynia.pl\/index.php\/wp-json\/wp\/v2\/product"}],"about":[{"href":"http:\/\/klubmamgdynia.pl\/index.php\/wp-json\/wp\/v2\/types\/product"}],"replies":[{"embeddable":true,"href":"http:\/\/klubmamgdynia.pl\/index.php\/wp-json\/wp\/v2\/comments?post=11877"}],"wp:featuredmedia":[{"embeddable":true,"href":"http:\/\/klubmamgdynia.pl\/index.php\/wp-json\/wp\/v2\/media\/11878"}],"wp:attachment":[{"href":"http:\/\/klubmamgdynia.pl\/index.php\/wp-json\/wp\/v2\/media?parent=11877"}],"wp:term":[{"taxonomy":"product_cat","embeddable":true,"href":"http:\/\/klubmamgdynia.pl\/index.php\/wp-json\/wp\/v2\/product_cat?post=11877"},{"taxonomy":"product_tag","embeddable":true,"href":"http:\/\/klubmamgdynia.pl\/index.php\/wp-json\/wp\/v2\/product_tag?post=11877"}],"curies":[{"name":"wp","href":"https:\/\/api.w.org\/{rel}","templated":true}]}}