{"id":11879,"date":"2018-11-21T20:20:41","date_gmt":"2018-11-21T19:20:41","guid":{"rendered":"http:\/\/klubmamgdynia.pl\/index.php\/produkt\/milly-mally-kon-lucky-18-unicorn\/"},"modified":"2026-05-17T22:23:28","modified_gmt":"2026-05-17T20:23:28","slug":"milly-mally-kon-lucky-18-unicorn","status":"publish","type":"product","link":"http:\/\/klubmamgdynia.pl\/index.php\/produkt\/milly-mally-kon-lucky-18-unicorn\/","title":{"rendered":"Milly Mally Ko\u0144 Lucky 18 Unicorn"},"content":{"rendered":"<p>OPIS PRODUKTU:Klasyczny konik na biegunach -Lucky, zaprojektowany zosta\u0142 z my\u015bl\u0105 o najm\u0142odszych u\u017cytkownikach. Wyprofilowane siedzisko zapewni komfort i poczucie bezpiecze\u0144stwa podczas beztroskiego bujania maluszka.Drewniany konik posiada r\u0105czki przy g\u0142owie, oraz dodatkowy podn\u00f3\u017cek dla najm\u0142odszych, kt\u00f3ry pomo\u017ce zachowa\u0107 r\u00f3wnowag\u0119 podczas zabawy.Maluszek bawi\u0105c si\u0119 musi skoordynowa\u0107 ruchy z konikiem co stymuluje jego koordynacj\u0119 ruchow\u0105 i rozwija wyobra\u017ani\u0119 oraz poprawia poczucie r\u00f3wnowagi.Lucky szybko zostanie pierwszym towarzyszem zabaw i przyjacielem Twojej pociechy.CHARAKTERYSTYKA PRODUKTU:Stabilny i bezpiecznySolidne wykonanieUchwyty do trzymania r\u0105czekPodn\u00f3\u017cek pod stopyProfilowane biegunyNajwy\u017cszej jako\u015bci p\u0142yta MDF + drewnoCertyfikat CE, EN 71Ekologiczna farbaMaksymalna waga u\u017cytkownika: 25 kgDla dzieci powy\u017cej 1 roku \u017cyciaDANE TECHNICZNE:Wysoko\u015b\u0107: 48 cmD\u0142ugo\u015b\u0107 p\u0142ozy: 70 cmSzeroko\u015b\u0107:30cmWysoko\u015b\u0107 siedziska od pod\u0142o\u017ca: 25 cmWymiary siedziska: szeroko\u015b\u0107 (10-19 cm ), d\u0142ugo\u015b\u0107 28 cmWymiary oparcia: 12x5cmWYMIARYOPAKOWANIA:Wysoko\u015b\u0107: 5 cmSzeroko\u015b\u0107: 47cmD\u0142ugo\u015b\u0107: 60 cmWaga z opakowaniem 4,3 kg<\/p>\n<h2>Milly Mally Ko\u0144 Lucky 18 Unicorn Milly Mally<\/h2>\n<p>stare wierszyki dla dzieci, test spos\u00f3b na alcybiadesa, zaproszenia na urodziny do wydruku czarno bia\u0142e, prezent dla 15 latki 2021, piosenka przyjed\u017a do nas miko\u0142aju, prezent na roczek dla dziecka, quizy o flagach, traktor do druku<\/p>\n<p>yyyyy<\/p>\n<p>&nbsp;<\/p>\n","protected":false},"excerpt":{"rendered":"<p>OPIS PRODUKTU:Klasyczny konik na biegunach -Lucky, zaprojektowany zosta\u0142 z my\u015bl\u0105 o najm\u0142odszych u\u017cytkownikach. Wyprofilowane siedzisko zapewni komfort i poczucie bezpiecze\u0144stwa podczas beztroskiego bujania maluszka.Drewniany konik posiada r\u0105czki przy g\u0142owie, oraz dodatkowy podn\u00f3\u017cek dla najm\u0142odszych, kt\u00f3ry pomo\u017ce zachowa\u0107 r\u00f3wnowag\u0119 podczas zabawy.Maluszek bawi\u0105c si\u0119 musi skoordynowa\u0107 ruchy z konikiem co stymuluje jego koordynacj\u0119 ruchow\u0105 i rozwija wyobra\u017ani\u0119 [&hellip;]<\/p>\n","protected":false},"featured_media":11880,"comment_status":"closed","ping_status":"open","template":"","meta":[],"product_cat":[1539,1323],"product_tag":[603,611,593,747,641],"class_list":["post-11879","product","type-product","status-publish","has-post-thumbnail","hentry","product_cat-bujaki-i-zabawki-na-biegunach","product_cat-milly-mally","product_tag-bajki-do-czytania","product_tag-bajki-do-czytania-psi-patrol","product_tag-jak-narysowac-konia","product_tag-malowanki-do-druku","product_tag-trudne-zagadki-logiczne"],"_links":{"self":[{"href":"http:\/\/klubmamgdynia.pl\/index.php\/wp-json\/wp\/v2\/product\/11879","targetHints":{"allow":["GET"]}}],"collection":[{"href":"http:\/\/klubmamgdynia.pl\/index.php\/wp-json\/wp\/v2\/product"}],"about":[{"href":"http:\/\/klubmamgdynia.pl\/index.php\/wp-json\/wp\/v2\/types\/product"}],"replies":[{"embeddable":true,"href":"http:\/\/klubmamgdynia.pl\/index.php\/wp-json\/wp\/v2\/comments?post=11879"}],"wp:featuredmedia":[{"embeddable":true,"href":"http:\/\/klubmamgdynia.pl\/index.php\/wp-json\/wp\/v2\/media\/11880"}],"wp:attachment":[{"href":"http:\/\/klubmamgdynia.pl\/index.php\/wp-json\/wp\/v2\/media?parent=11879"}],"wp:term":[{"taxonomy":"product_cat","embeddable":true,"href":"http:\/\/klubmamgdynia.pl\/index.php\/wp-json\/wp\/v2\/product_cat?post=11879"},{"taxonomy":"product_tag","embeddable":true,"href":"http:\/\/klubmamgdynia.pl\/index.php\/wp-json\/wp\/v2\/product_tag?post=11879"}],"curies":[{"name":"wp","href":"https:\/\/api.w.org\/{rel}","templated":true}]}}