{"id":1188,"date":"2018-01-26T03:17:02","date_gmt":"2018-01-26T02:17:02","guid":{"rendered":"http:\/\/klubmamgdynia.pl\/index.php\/produkt\/epee-mega-banka-seria-4-space-purple\/"},"modified":"2026-04-23T21:01:54","modified_gmt":"2026-04-23T19:01:54","slug":"epee-mega-banka-seria-4-space-purple","status":"publish","type":"product","link":"http:\/\/klubmamgdynia.pl\/index.php\/produkt\/epee-mega-banka-seria-4-space-purple\/","title":{"rendered":"Epee Mega Ba\u0144ka Seria 4 Space Purple"},"content":{"rendered":"<p>Nowa ods\u0142ona Mega Ba\u0144ki w fantastyczne t\u0119czowo-kosmiczne wzory!Wspania\u0142y produkt, kt\u00f3ry przeniesie Ci\u0119 na wy\u017cszy poziom zabawy!Nadmuchaj Mega Ba\u0144k\u0119 i daj si\u0119 porwa\u0107 wyobra\u017ani.Mo\u017cna j\u0105 podrzuca\u0107, \u0142apa\u0107, odbija\u0107, a nawet odpoczywa\u0107 na niej.Ro\u015bnie a\u017c do 90 cm.Dost\u0119pna w 4 wzorach: t\u0119czowy, kosmiczny granat, kosmiczny r\u00f3\u017c, kosmiczny fiolet.<\/p>\n<h2>Epee Mega Ba\u0144ka Seria 4 Space Purple Epee<\/h2>\n<p>mini kanapki dla dzieci, kwiaty polne nazwy, mi\u0142o\u015b\u0107 do dziecka cytaty, bajki dla dzieci do czytania na dobranoc, prezenty dla rocznego dziecka, adriana znaczenie imienia<\/p>\n<p>yyyyy<\/p>\n<p>&nbsp;<\/p>\n","protected":false},"excerpt":{"rendered":"<p>Nowa ods\u0142ona Mega Ba\u0144ki w fantastyczne t\u0119czowo-kosmiczne wzory!Wspania\u0142y produkt, kt\u00f3ry przeniesie Ci\u0119 na wy\u017cszy poziom zabawy!Nadmuchaj Mega Ba\u0144k\u0119 i daj si\u0119 porwa\u0107 wyobra\u017ani.Mo\u017cna j\u0105 podrzuca\u0107, \u0142apa\u0107, odbija\u0107, a nawet odpoczywa\u0107 na niej.Ro\u015bnie a\u017c do 90 cm.Dost\u0119pna w 4 wzorach: t\u0119czowy, kosmiczny granat, kosmiczny r\u00f3\u017c, kosmiczny fiolet. Epee Mega Ba\u0144ka Seria 4 Space Purple Epee mini [&hellip;]<\/p>\n","protected":false},"featured_media":1189,"comment_status":"closed","ping_status":"open","template":"","meta":[],"product_cat":[49,295],"product_tag":[650,702,716,673,732],"class_list":["post-1188","product","type-product","status-publish","has-post-thumbnail","hentry","product_cat-epee","product_cat-pozostale-zabawki","product_tag-choinka-z-bibuly","product_tag-co-kupic-na-roczek-dla-dziewczynki","product_tag-filmy-animowane-o-swietach","product_tag-juz-blisko-koleda-tekst","product_tag-prezent-dla-rocznego-chlopca"],"_links":{"self":[{"href":"http:\/\/klubmamgdynia.pl\/index.php\/wp-json\/wp\/v2\/product\/1188","targetHints":{"allow":["GET"]}}],"collection":[{"href":"http:\/\/klubmamgdynia.pl\/index.php\/wp-json\/wp\/v2\/product"}],"about":[{"href":"http:\/\/klubmamgdynia.pl\/index.php\/wp-json\/wp\/v2\/types\/product"}],"replies":[{"embeddable":true,"href":"http:\/\/klubmamgdynia.pl\/index.php\/wp-json\/wp\/v2\/comments?post=1188"}],"wp:featuredmedia":[{"embeddable":true,"href":"http:\/\/klubmamgdynia.pl\/index.php\/wp-json\/wp\/v2\/media\/1189"}],"wp:attachment":[{"href":"http:\/\/klubmamgdynia.pl\/index.php\/wp-json\/wp\/v2\/media?parent=1188"}],"wp:term":[{"taxonomy":"product_cat","embeddable":true,"href":"http:\/\/klubmamgdynia.pl\/index.php\/wp-json\/wp\/v2\/product_cat?post=1188"},{"taxonomy":"product_tag","embeddable":true,"href":"http:\/\/klubmamgdynia.pl\/index.php\/wp-json\/wp\/v2\/product_tag?post=1188"}],"curies":[{"name":"wp","href":"https:\/\/api.w.org\/{rel}","templated":true}]}}