{"id":11883,"date":"2017-09-18T10:42:11","date_gmt":"2017-09-18T08:42:11","guid":{"rendered":"http:\/\/klubmamgdynia.pl\/index.php\/produkt\/barbie-chelsea-syrenka-gjj85-gjj88\/"},"modified":"2026-04-27T09:58:01","modified_gmt":"2026-04-27T07:58:01","slug":"barbie-chelsea-syrenka-gjj85-gjj88","status":"publish","type":"product","link":"http:\/\/klubmamgdynia.pl\/index.php\/produkt\/barbie-chelsea-syrenka-gjj85-gjj88\/","title":{"rendered":"Barbie Chelsea syrenka GJJ85-GJJ88"},"content":{"rendered":"<p>Ma\u0142e i du\u017ce dziewczynki od razu zwr\u00f3c\u0105 uwag\u0119 na t\u0119 kolorow\u0105 i pi\u0119kn\u0105 syren\u0119. Ta urocza syrenka ma l\u015bni\u0105ce w\u0142osy i kostium, kt\u00f3ry wygl\u0105da jak t\u0119cza. Urod\u0119 lalki podkre\u015blaj\u0105 kolorowe detale, jasna p\u0142etwa ogonowa i p\u00f3\u0142przezroczyste p\u0142etwy.<\/p>\n<h2>Barbie Chelsea syrenka GJJ85-GJJ88 Barbie<\/h2>\n<p>najlepsze \u017carty na prima aprilis, narodziny dziecka cytat, cicha noc po angielsku, rymowanki o pisankach, papierowe ozdoby \u015bwi\u0105teczne, zagadki o zwierz\u0119tach le\u015bnych dla dzieci, pies rysunek, kundel bury tekst, quiz o miko\u0142ajku, \u015bmieszne zagadki dla dzieci 10 lat<\/p>\n<p>yyyyy<\/p>\n<p>&nbsp;<\/p>\n","protected":false},"excerpt":{"rendered":"<p>Ma\u0142e i du\u017ce dziewczynki od razu zwr\u00f3c\u0105 uwag\u0119 na t\u0119 kolorow\u0105 i pi\u0119kn\u0105 syren\u0119. Ta urocza syrenka ma l\u015bni\u0105ce w\u0142osy i kostium, kt\u00f3ry wygl\u0105da jak t\u0119cza. Urod\u0119 lalki podkre\u015blaj\u0105 kolorowe detale, jasna p\u0142etwa ogonowa i p\u00f3\u0142przezroczyste p\u0142etwy. Barbie Chelsea syrenka GJJ85-GJJ88 Barbie najlepsze \u017carty na prima aprilis, narodziny dziecka cytat, cicha noc po angielsku, rymowanki [&hellip;]<\/p>\n","protected":false},"featured_media":11884,"comment_status":"closed","ping_status":"open","template":"","meta":[],"product_cat":[173,65],"product_tag":[666,664,700,813,726],"class_list":["post-11883","product","type-product","status-publish","has-post-thumbnail","hentry","product_cat-barbie","product_cat-lalki","product_tag-afrykanskie-imiona","product_tag-atrakcje-dla-dzieci-trojmiasto","product_tag-bajki-do-czytania-dla-dzieci","product_tag-krotkie-zagadki-matematyczne-z-odpowiedziami","product_tag-quiz-zemsta"],"_links":{"self":[{"href":"http:\/\/klubmamgdynia.pl\/index.php\/wp-json\/wp\/v2\/product\/11883","targetHints":{"allow":["GET"]}}],"collection":[{"href":"http:\/\/klubmamgdynia.pl\/index.php\/wp-json\/wp\/v2\/product"}],"about":[{"href":"http:\/\/klubmamgdynia.pl\/index.php\/wp-json\/wp\/v2\/types\/product"}],"replies":[{"embeddable":true,"href":"http:\/\/klubmamgdynia.pl\/index.php\/wp-json\/wp\/v2\/comments?post=11883"}],"wp:featuredmedia":[{"embeddable":true,"href":"http:\/\/klubmamgdynia.pl\/index.php\/wp-json\/wp\/v2\/media\/11884"}],"wp:attachment":[{"href":"http:\/\/klubmamgdynia.pl\/index.php\/wp-json\/wp\/v2\/media?parent=11883"}],"wp:term":[{"taxonomy":"product_cat","embeddable":true,"href":"http:\/\/klubmamgdynia.pl\/index.php\/wp-json\/wp\/v2\/product_cat?post=11883"},{"taxonomy":"product_tag","embeddable":true,"href":"http:\/\/klubmamgdynia.pl\/index.php\/wp-json\/wp\/v2\/product_tag?post=11883"}],"curies":[{"name":"wp","href":"https:\/\/api.w.org\/{rel}","templated":true}]}}