{"id":11885,"date":"2020-09-21T17:45:58","date_gmt":"2020-09-21T15:45:58","guid":{"rendered":"http:\/\/klubmamgdynia.pl\/index.php\/produkt\/big-bloxx-swinka-peppa-klocki-zestaw-pociag-elektryczny-swinki-peppy-2-figurki-57154\/"},"modified":"2026-05-17T22:03:52","modified_gmt":"2026-05-17T20:03:52","slug":"big-bloxx-swinka-peppa-klocki-zestaw-pociag-elektryczny-swinki-peppy-2-figurki-57154","status":"publish","type":"product","link":"http:\/\/klubmamgdynia.pl\/index.php\/produkt\/big-bloxx-swinka-peppa-klocki-zestaw-pociag-elektryczny-swinki-peppy-2-figurki-57154\/","title":{"rendered":"Big Bloxx \u015awinka Peppa Klocki Zestaw Poci\u0105g Elektryczny \u015awinki Peppy 2 Figurki 57154"},"content":{"rendered":"<p>&#8222;\u015awinka Peppa&#8221;to bajka uwielbiana przez wszystkie maluchy. Jej g\u0142\u00f3wna bohaterka &#8211; ma\u0142a \u015bwinka jest bardzo rozbrykana. Ci\u0105gle wpada w tarapaty i ma mn\u00f3stwo przyg\u00f3d. Peppa uwielbia czekoladowe ciasteczka, przyj\u0119cia urodzinowe oraz wycieczki rowerowe i pikniki. Najbardziej jednak kocha swoje b\u0142otnisko. W jej zabawnych perypetiach uczestniczy ca\u0142\u0105 rodzina: tata, mama, braciszek George, dziadek i babcia. Ka\u017cdy ma\u0142y fan \u015bwinki, ucieszy si\u0119 z serii zestaw\u00f3w klock\u00f3w tematycznych BIG Bloxx ze \u015awink\u0105 Pepp\u0105.Klocki Zestaw Poci\u0105g elektryczny \u015awinki Peppy + 2 Figurki 57154 to wspania\u0142y zestaw konstrukcyjny dla ma\u0142ych wielbicieli bajki. Klocki pozwol\u0105 stworzy\u0107 sceneri\u0119, kt\u00f3ra uzupe\u0142ni pozosta\u0142e zestawy z serii sprzedawane oddzielnie. Zestaw Poci\u0105g elektryczny \u015awinki Peppy sk\u0142ada si\u0119 z lokomotywy i dw\u00f3ch wagonik\u00f3w, tor\u00f3w, przejazdu kolejowego z szlabanem oraz budynku dworca. Zestaw klock\u00f3w sk\u0142ada si\u0119 z 59 element\u00f3w w tym 2 figurek. Klocki BIG Bloxx s\u0105 kompatybilne z klockami Lego Duplo.Zawarto\u015b\u0107 i cechy zestawu:Zestaw Poci\u0105g elektryczny \u015awinki Peppy z efektami d\u017awi\u0119kowymiFigurki: 1 x Peppa, 1 Dziadek \u015awinkaIlo\u015b\u0107 element\u00f3w: 59Wymagane baterie: 3 x AA 1.5V R6 (brak w zestawie)Zestaw na licencji lubianej przez dzieci bajki &#8222;\u015awinka Peppa&#8221;Klocki s\u0105 kompatybilne z Lego Duplo<\/p>\n<h2>Big Bloxx \u015awinka Peppa Klocki Zestaw Poci\u0105g Elektryczny \u015awinki Peppy 2 Figurki 57154 Big<\/h2>\n<p>marcel znaczenie imienia, miko\u0142ajkowe zabawy, jak si\u0119 rysuje psa, przysz\u0142a zima bia\u0142a, wierszyk o marzannie, ch\u0142opcy z placu broni &#8211; test z odpowiedziami, zimowe zabawy dla dzieci<\/p>\n<p>yyyyy<\/p>\n<p>&nbsp;<\/p>\n","protected":false},"excerpt":{"rendered":"<p>&#8222;\u015awinka Peppa&#8221;to bajka uwielbiana przez wszystkie maluchy. Jej g\u0142\u00f3wna bohaterka &#8211; ma\u0142a \u015bwinka jest bardzo rozbrykana. Ci\u0105gle wpada w tarapaty i ma mn\u00f3stwo przyg\u00f3d. Peppa uwielbia czekoladowe ciasteczka, przyj\u0119cia urodzinowe oraz wycieczki rowerowe i pikniki. Najbardziej jednak kocha swoje b\u0142otnisko. W jej zabawnych perypetiach uczestniczy ca\u0142\u0105 rodzina: tata, mama, braciszek George, dziadek i babcia. Ka\u017cdy [&hellip;]<\/p>\n","protected":false},"featured_media":11886,"comment_status":"closed","ping_status":"open","template":"","meta":[],"product_cat":[400,113],"product_tag":[611,789,594,778,793,615],"class_list":["post-11885","product","type-product","status-publish","has-post-thumbnail","hentry","product_cat-big","product_cat-klocki","product_tag-bajki-do-czytania-psi-patrol","product_tag-kaczuszka","product_tag-podchwytliwe-zagadki-dla-dzieci","product_tag-zabawki-na-roczek-dla-chlopca","product_tag-zagadki-smieszne-podchwytliwe","product_tag-znane-misie-z-filmow-animowanych"],"_links":{"self":[{"href":"http:\/\/klubmamgdynia.pl\/index.php\/wp-json\/wp\/v2\/product\/11885","targetHints":{"allow":["GET"]}}],"collection":[{"href":"http:\/\/klubmamgdynia.pl\/index.php\/wp-json\/wp\/v2\/product"}],"about":[{"href":"http:\/\/klubmamgdynia.pl\/index.php\/wp-json\/wp\/v2\/types\/product"}],"replies":[{"embeddable":true,"href":"http:\/\/klubmamgdynia.pl\/index.php\/wp-json\/wp\/v2\/comments?post=11885"}],"wp:featuredmedia":[{"embeddable":true,"href":"http:\/\/klubmamgdynia.pl\/index.php\/wp-json\/wp\/v2\/media\/11886"}],"wp:attachment":[{"href":"http:\/\/klubmamgdynia.pl\/index.php\/wp-json\/wp\/v2\/media?parent=11885"}],"wp:term":[{"taxonomy":"product_cat","embeddable":true,"href":"http:\/\/klubmamgdynia.pl\/index.php\/wp-json\/wp\/v2\/product_cat?post=11885"},{"taxonomy":"product_tag","embeddable":true,"href":"http:\/\/klubmamgdynia.pl\/index.php\/wp-json\/wp\/v2\/product_tag?post=11885"}],"curies":[{"name":"wp","href":"https:\/\/api.w.org\/{rel}","templated":true}]}}