{"id":11897,"date":"2013-08-01T08:51:10","date_gmt":"2013-08-01T06:51:10","guid":{"rendered":"http:\/\/klubmamgdynia.pl\/index.php\/produkt\/faro-posciel-bawelniana-160x2002x70x80-bawelna\/"},"modified":"2026-04-25T16:07:59","modified_gmt":"2026-04-25T14:07:59","slug":"faro-posciel-bawelniana-160x2002x70x80-bawelna","status":"publish","type":"product","link":"http:\/\/klubmamgdynia.pl\/index.php\/produkt\/faro-posciel-bawelniana-160x2002x70x80-bawelna\/","title":{"rendered":"Faro Po\u015bciel Bawe\u0142niana 160&#215;200+2x70x80 Bawe\u0142na"},"content":{"rendered":"<p>OpisBawe\u0142niana po\u015bciel z kolekcji EUFLORIA. Kwiatowe motywy w nowoczesnym wydaniu.Komplet sk\u0142ada si\u0119 z jednej poszwy na ko\u0142dr\u0119 160&#215;200 cm oraz dw\u00f3ch poszewek na poduszki 70&#215;80 cm.Materia\u0142: 100 % bawe\u0142naZapi\u0119cie: praktyczny zamek b\u0142yskawicznyCertyfikat: Oeko Tex Standard 100Tolerancja rozmiaru: +\/- 2%Materia\u0142: 100% bawe\u0142naGramatura: 120g\/m2Zapinana na suwak.<\/p>\n<h2>Faro Po\u015bciel Bawe\u0142niana 160&#215;200+2x70x80 Bawe\u0142na Faro<\/h2>\n<p>zagadki s\u0142owne, prezenty dla nastolatki, wzory zaprosze\u0144 zaproszenie na urodziny szablon do druku, kajko i kokosz szko\u0142a latania test z odpowiedziami, co mo\u017cna zrobi\u0107 z rolki papieru, adriana imie, kartki na dobranoc dla przyjaci\u00f3\u0142, opowiadanie o jesieni dla dzieci, koty kolorowanki do druku, pu\u0142tusk atrakcje dla dzieci, wierszyki na \u015bmigus dyngus, mia\u0142a baba koguta tekst, quiz psi patrol, koty kolorowanki do druku, co\u015b dla nastolatk\u00f3w, kolorowanka \u015bwinka peppa, proste przepisy dla dzieci, cyferki do druku<\/p>\n<p>yyyyy<\/p>\n<p>&nbsp;<\/p>\n","protected":false},"excerpt":{"rendered":"<p>OpisBawe\u0142niana po\u015bciel z kolekcji EUFLORIA. Kwiatowe motywy w nowoczesnym wydaniu.Komplet sk\u0142ada si\u0119 z jednej poszwy na ko\u0142dr\u0119 160&#215;200 cm oraz dw\u00f3ch poszewek na poduszki 70&#215;80 cm.Materia\u0142: 100 % bawe\u0142naZapi\u0119cie: praktyczny zamek b\u0142yskawicznyCertyfikat: Oeko Tex Standard 100Tolerancja rozmiaru: +\/- 2%Materia\u0142: 100% bawe\u0142naGramatura: 120g\/m2Zapinana na suwak. Faro Po\u015bciel Bawe\u0142niana 160&#215;200+2x70x80 Bawe\u0142na Faro zagadki s\u0142owne, prezenty dla nastolatki, [&hellip;]<\/p>\n","protected":false},"featured_media":11898,"comment_status":"closed","ping_status":"open","template":"","meta":[],"product_cat":[1612,994],"product_tag":[861,775,677,588],"class_list":["post-11897","product","type-product","status-publish","has-post-thumbnail","hentry","product_cat-faro","product_cat-komplety-poscieli-dla-dzieci","product_tag-jak-narysowac-psa","product_tag-kolorowanki-do-druku-pokemon","product_tag-milosz-imie","product_tag-wzruszajace-slowa-dla-przyjaciela"],"_links":{"self":[{"href":"http:\/\/klubmamgdynia.pl\/index.php\/wp-json\/wp\/v2\/product\/11897","targetHints":{"allow":["GET"]}}],"collection":[{"href":"http:\/\/klubmamgdynia.pl\/index.php\/wp-json\/wp\/v2\/product"}],"about":[{"href":"http:\/\/klubmamgdynia.pl\/index.php\/wp-json\/wp\/v2\/types\/product"}],"replies":[{"embeddable":true,"href":"http:\/\/klubmamgdynia.pl\/index.php\/wp-json\/wp\/v2\/comments?post=11897"}],"wp:featuredmedia":[{"embeddable":true,"href":"http:\/\/klubmamgdynia.pl\/index.php\/wp-json\/wp\/v2\/media\/11898"}],"wp:attachment":[{"href":"http:\/\/klubmamgdynia.pl\/index.php\/wp-json\/wp\/v2\/media?parent=11897"}],"wp:term":[{"taxonomy":"product_cat","embeddable":true,"href":"http:\/\/klubmamgdynia.pl\/index.php\/wp-json\/wp\/v2\/product_cat?post=11897"},{"taxonomy":"product_tag","embeddable":true,"href":"http:\/\/klubmamgdynia.pl\/index.php\/wp-json\/wp\/v2\/product_tag?post=11897"}],"curies":[{"name":"wp","href":"https:\/\/api.w.org\/{rel}","templated":true}]}}