{"id":11899,"date":"2017-07-27T03:03:18","date_gmt":"2017-07-27T01:03:18","guid":{"rendered":"http:\/\/klubmamgdynia.pl\/index.php\/produkt\/steiff-girl-spodnie-z-kwiatami-s-spodnie-z-kwiatami-dziewczynka-gr-68\/"},"modified":"2026-05-17T22:03:39","modified_gmt":"2026-05-17T20:03:39","slug":"steiff-girl-spodnie-z-kwiatami-s-spodnie-z-kwiatami-dziewczynka-gr-68","status":"publish","type":"product","link":"http:\/\/klubmamgdynia.pl\/index.php\/produkt\/steiff-girl-spodnie-z-kwiatami-s-spodnie-z-kwiatami-dziewczynka-gr-68\/","title":{"rendered":"Steiff Girl Spodnie z kwiatami s Spodnie z kwiatami &#8211; Dziewczynka &#8211; Gr. 68"},"content":{"rendered":"<p>Ekskluzywna moda dzieci\u0119ca od Steiff ! Tylko to, co najlepsze, jest wystarczaj\u0105co dobre dla dzieci Steiff &#8211; filozofia ta znajduje r\u00f3wnie\u017c odzwierciedlenie w modzie dzieci\u0119cej. Wyrafinowana kolekcja stroj\u00f3w z klasycznym designem i pochlebn\u0105 kolorystyk\u0105. Spodnie z Steiff kolekcji s\u0105 klasycznie wyci\u0119te i wyposa\u017cone w \u015blizgowy pasek. Torby z falbankami i kokardk\u0105 przyci\u0105gaj\u0105 wzrok. P\u0119tle paska zaokr\u0105glaj\u0105 wygl\u0105d. W po\u0142\u0105czeniu z romantyczn\u0105 T-Shirt lub letni\u0105 bluzk\u0105, spodnie pasuj\u0105 na ka\u017cd\u0105 okazj\u0119. Przytulny Steiff mi\u015b u\u015bmiecha si\u0119 rado\u015bnie z prawej dolnej kieszeni. Szczeg\u00f3\u0142y dotycz\u0105ce wyrobu: Materia\u0142: 70% bawe\u0142na, 30% bielizna Mo\u017cliwo\u015b\u0107 prania do 30\u00b0C Testowane zgodnie z norm\u0105 Oeko-Tex 100<\/p>\n<h2>Steiff Girl Spodnie z kwiatami s Spodnie z kwiatami &#8211; Dziewczynka &#8211; Gr. 68 Steiff<\/h2>\n<p>test z lektury opowie\u015bci z narnii lew czarownica i stara szafa z odpowiedziami, bajka do czytania na dobranoc, walentynka dla c\u00f3rki, by\u0142 sobie kr\u00f3l, na roczek dla dziewczynki, zabawy na bal karnawa\u0142owy w przedszkolu, postacie z bajek kolorowanki do wydrukowania, quiz flagi \u015bwiata, prezent na roczek dla chrze\u015bniaka, mdk aleksandr\u00f3w \u0142\u00f3dzki, aniela znaczenie imienia, quiz psi patrol, zagadki dla dzieci 7-8 lat online, kubu\u015b puchatek cytaty<\/p>\n<p>yyyyy<\/p>\n<p>&nbsp;<\/p>\n","protected":false},"excerpt":{"rendered":"<p>Ekskluzywna moda dzieci\u0119ca od Steiff ! Tylko to, co najlepsze, jest wystarczaj\u0105co dobre dla dzieci Steiff &#8211; filozofia ta znajduje r\u00f3wnie\u017c odzwierciedlenie w modzie dzieci\u0119cej. Wyrafinowana kolekcja stroj\u00f3w z klasycznym designem i pochlebn\u0105 kolorystyk\u0105. Spodnie z Steiff kolekcji s\u0105 klasycznie wyci\u0119te i wyposa\u017cone w \u015blizgowy pasek. Torby z falbankami i kokardk\u0105 przyci\u0105gaj\u0105 wzrok. P\u0119tle paska [&hellip;]<\/p>\n","protected":false},"featured_media":11900,"comment_status":"closed","ping_status":"open","template":"","meta":[],"product_cat":[1599,1448],"product_tag":[814,665,860],"class_list":["post-11899","product","type-product","status-publish","has-post-thumbnail","hentry","product_cat-steiff","product_cat-ubranka-niemowlece","product_tag-prezenty-dla-nastolatek","product_tag-proste-zagadki","product_tag-zagadki-logiczne-dla-doroslych"],"_links":{"self":[{"href":"http:\/\/klubmamgdynia.pl\/index.php\/wp-json\/wp\/v2\/product\/11899","targetHints":{"allow":["GET"]}}],"collection":[{"href":"http:\/\/klubmamgdynia.pl\/index.php\/wp-json\/wp\/v2\/product"}],"about":[{"href":"http:\/\/klubmamgdynia.pl\/index.php\/wp-json\/wp\/v2\/types\/product"}],"replies":[{"embeddable":true,"href":"http:\/\/klubmamgdynia.pl\/index.php\/wp-json\/wp\/v2\/comments?post=11899"}],"wp:featuredmedia":[{"embeddable":true,"href":"http:\/\/klubmamgdynia.pl\/index.php\/wp-json\/wp\/v2\/media\/11900"}],"wp:attachment":[{"href":"http:\/\/klubmamgdynia.pl\/index.php\/wp-json\/wp\/v2\/media?parent=11899"}],"wp:term":[{"taxonomy":"product_cat","embeddable":true,"href":"http:\/\/klubmamgdynia.pl\/index.php\/wp-json\/wp\/v2\/product_cat?post=11899"},{"taxonomy":"product_tag","embeddable":true,"href":"http:\/\/klubmamgdynia.pl\/index.php\/wp-json\/wp\/v2\/product_tag?post=11899"}],"curies":[{"name":"wp","href":"https:\/\/api.w.org\/{rel}","templated":true}]}}