{"id":11901,"date":"2018-04-01T08:40:08","date_gmt":"2018-04-01T06:40:08","guid":{"rendered":"http:\/\/klubmamgdynia.pl\/index.php\/produkt\/dickie-playlife-kamper-30cm\/"},"modified":"2026-05-17T22:13:41","modified_gmt":"2026-05-17T20:13:41","slug":"dickie-playlife-kamper-30cm","status":"publish","type":"product","link":"http:\/\/klubmamgdynia.pl\/index.php\/produkt\/dickie-playlife-kamper-30cm\/","title":{"rendered":"Dickie Playlife Kamper 30Cm"},"content":{"rendered":"<p>Rewelacyjny Wakacyjny Kamper od znanej i cenionej firmy DICKIE to idealna propozycja na prezent. Kamper ma rozsuwany dach z anten\u0105 satelitarn\u0105, baga\u017cnik na rowery, markiz\u0119 oraz pomieszczenie wyposa\u017cone w kuchnio-sypialni\u0119. Dodatkowo do\u0142\u0105czonych jest wiele atrakcyjnych akcesori\u00f3w takich jak: rowery, deska do surfingu czy grill ze sto\u0142em i krzes\u0142ami.Charakterystyka:- Zestaw zawiera kamper ze znaczkiem mercedesa, ruchomymi elementami i ko\u0142ami oraz dodatki- kamper posiada otwierany dach i lew\u0105 \u015bcian\u0119 samochodu oraz drzwi wewn\u0105trz pojazdu- Do\u0142\u0105czone akcesoria: 2 rowery, deska surfingowa, w\u0119dka do \u0142owienia ryb, grill, st\u00f3\u0142 i 2 krzes\u0142a- pojazd bez nap\u0119du- Wykonany z najwy\u017cszej jako\u015bci tworzywa- Wykonany w skali 1:24[img-79882-left-thickbox_default][img-79888-left-thickbox_default]<\/p>\n<h2>Dickie Playlife Kamper 30Cm Dickie<\/h2>\n<p>najrzadsze imiona w polsce, cytat o dziecku, quiz o hejka tu lenka, zagadki \u015bmieszne podchwytliwe, zagadki na logik\u0119, zagadki logiczne z odpowiedziami, kartka walentynkow\u0105 przedszkole, quiz narnia lew czarownica i stara szafa, jak zrobi\u0107 samolot z papieru, przyja\u017a\u0144 cytaty<\/p>\n<p>yyyyy<\/p>\n<p>&nbsp;<\/p>\n","protected":false},"excerpt":{"rendered":"<p>Rewelacyjny Wakacyjny Kamper od znanej i cenionej firmy DICKIE to idealna propozycja na prezent. Kamper ma rozsuwany dach z anten\u0105 satelitarn\u0105, baga\u017cnik na rowery, markiz\u0119 oraz pomieszczenie wyposa\u017cone w kuchnio-sypialni\u0119. Dodatkowo do\u0142\u0105czonych jest wiele atrakcyjnych akcesori\u00f3w takich jak: rowery, deska do surfingu czy grill ze sto\u0142em i krzes\u0142ami.Charakterystyka:- Zestaw zawiera kamper ze znaczkiem mercedesa, ruchomymi [&hellip;]<\/p>\n","protected":false},"featured_media":11902,"comment_status":"closed","ping_status":"open","template":"","meta":[],"product_cat":[83,1637],"product_tag":[833,754,711,800,615],"class_list":["post-11901","product","type-product","status-publish","has-post-thumbnail","hentry","product_cat-auta-i-inne-pojazdy-do-zabawy","product_cat-dickie","product_tag-bajki-dla-dzieci-do-czytania","product_tag-dyplomy-do-wydrukowania-a4","product_tag-prezenty-dla-nastolatkow","product_tag-zagadki-smieszne","product_tag-znane-misie-z-filmow-animowanych"],"_links":{"self":[{"href":"http:\/\/klubmamgdynia.pl\/index.php\/wp-json\/wp\/v2\/product\/11901","targetHints":{"allow":["GET"]}}],"collection":[{"href":"http:\/\/klubmamgdynia.pl\/index.php\/wp-json\/wp\/v2\/product"}],"about":[{"href":"http:\/\/klubmamgdynia.pl\/index.php\/wp-json\/wp\/v2\/types\/product"}],"replies":[{"embeddable":true,"href":"http:\/\/klubmamgdynia.pl\/index.php\/wp-json\/wp\/v2\/comments?post=11901"}],"wp:featuredmedia":[{"embeddable":true,"href":"http:\/\/klubmamgdynia.pl\/index.php\/wp-json\/wp\/v2\/media\/11902"}],"wp:attachment":[{"href":"http:\/\/klubmamgdynia.pl\/index.php\/wp-json\/wp\/v2\/media?parent=11901"}],"wp:term":[{"taxonomy":"product_cat","embeddable":true,"href":"http:\/\/klubmamgdynia.pl\/index.php\/wp-json\/wp\/v2\/product_cat?post=11901"},{"taxonomy":"product_tag","embeddable":true,"href":"http:\/\/klubmamgdynia.pl\/index.php\/wp-json\/wp\/v2\/product_tag?post=11901"}],"curies":[{"name":"wp","href":"https:\/\/api.w.org\/{rel}","templated":true}]}}